{"id":39294,"date":"2023-03-13T10:41:46","date_gmt":"2023-03-13T07:41:46","guid":{"rendered":"https:\/\/microtech.tools\/?post_type=product&#038;p=39294"},"modified":"2026-04-03T08:18:13","modified_gmt":"2026-04-03T05:18:13","slug":"digitaler-bi-force-messschieber-ip67","status":"publish","type":"product","link":"https:\/\/microtech.tools\/de\/produkt\/digitaler-bi-force-messschieber-ip67\/","title":{"rendered":"SwissMet Bi-Force Messschieber IP67"},"content":{"rendered":"<p><iframe title=\"Precision double force caliper IP67\" width=\"1140\" height=\"641\" src=\"https:\/\/www.youtube.com\/embed\/jn-zpdBlvnQ?feature=oembed\" frameborder=\"0\" allow=\"accelerometer; autoplay; clipboard-write; encrypted-media; gyroscope; picture-in-picture; web-share\" referrerpolicy=\"strict-origin-when-cross-origin\" allowfullscreen><\/iframe><\/p>\n<p data-path-to-node=\"2\">MICROTECH fertigt Pr\u00e4zision digitaler messschieber mit der innovativen <b data-path-to-node=\"2\" data-index-in-node=\"61\">Bi-Force Kraftsteuerung<\/b> (Patent US10429165) und der Schutzklasse <b data-path-to-node=\"2\" data-index-in-node=\"126\">IP67<\/b>.<\/p>\n<p data-path-to-node=\"3\"><span class=\"citation-381 citation-end-381\">Diese Pr\u00e4zisionsmessschieber sind mit hochwertiger Schweizer Elektronik (IP67) ausgestattet und bieten eine deutlich h\u00f6here Genauigkeit als markt\u00fcbliche Standard-Messschieber.<\/span>MICROTECH nutzt ein patentiertes Kraftsteuerungsmodul, das sicherstellt, dass jede Messung mit einer <b data-path-to-node=\"3\" data-index-in-node=\"277\">konstanten Kraft von 8N<\/b> durchgef\u00fchrt wird. <span class=\"citation-380 citation-end-380\">Diese Technologie verbessert die Genauigkeit des Messschiebers auf bis zu 10 Micron<\/span><span class=\"citation-379 citation-end-379\">, was herk\u00f6mmliche Modelle weit \u00fcbertrifft.<\/span><\/p>\n<p data-path-to-node=\"4\"><span class=\"citation-378\">Das neue <\/span><b data-path-to-node=\"4\" data-index-in-node=\"9\"><span class=\"citation-378\">Bi-FORCE Modul<\/span><\/b><span class=\"citation-378\"> erm\u00f6glicht eine pr\u00e4zise Kraftkontrolle sowohl an den <\/span><b data-path-to-node=\"4\" data-index-in-node=\"77\"><span class=\"citation-378\">Au\u00dfen- als auch an den Innenmessschenkeln<\/span><\/b><span class=\"citation-378 citation-end-378\">.<\/span><\/p>\n<p data-path-to-node=\"5\"><b data-path-to-node=\"5\" data-index-in-node=\"0\">Haupteigenschaften:<\/b><\/p>\n<ul data-path-to-node=\"6\">\n<li>\n<p data-path-to-node=\"6,0,0\"><b data-path-to-node=\"6,0,0\" data-index-in-node=\"0\"><span class=\"citation-377\">Messbereiche:<\/span><\/b><span class=\"citation-377 citation-end-377\"> Erh\u00e4ltlich in 150, 200 und 300 mm (6, 8, 12 Zoll).<\/span><\/p>\n<\/li>\n<li>\n<p data-path-to-node=\"6,1,0\"><b data-path-to-node=\"6,1,0\" data-index-in-node=\"0\"><span class=\"citation-376\">Schweizer Elektronik:<\/span><\/b><span class=\"citation-376 citation-end-376\"> Hochpr\u00e4zises Messsystem mit IP67-Zertifizierung (wasser- und staubdicht).<\/span><\/p>\n<\/li>\n<li>\n<p data-path-to-node=\"6,2,0\"><b data-path-to-node=\"6,2,0\" data-index-in-node=\"0\">Bi-Force Technologie:<\/b> Konstante Messkraft f\u00fcr reproduzierbare Ergebnisse.<\/p>\n<\/li>\n<li>\n<p data-path-to-node=\"6,3,0\"><b data-path-to-node=\"6,3,0\" data-index-in-node=\"0\"><span class=\"citation-375\">Handgefertigte Pr\u00e4zision:<\/span><\/b><span class=\"citation-375 citation-end-375\"> Alle Messschenkel sind handgel\u00e4ppt f\u00fcr h\u00f6chste Passgenauigkeit.<\/span><\/p>\n<\/li>\n<\/ul>\n<p data-path-to-node=\"7\"><span class=\"citation-374\">Alle MICROTECH Messschieber durchlaufen eine strenge metrologische Kontrolle in einem nach <\/span><b data-path-to-node=\"7\" data-index-in-node=\"91\"><span class=\"citation-374\">ISO 17025<\/span><\/b><span class=\"citation-374 citation-end-374\"> akkreditierten Labor.<\/span> <span class=\"citation-373 citation-end-373\">Ein entsprechender Kalibrierschein ist ohne zus\u00e4tzliche Kosten im Lieferumfang enthalten.<\/span><\/p>\n","protected":false},"excerpt":{"rendered":"<p data-path-to-node=\"2\">MICROTECH fertigt Pr\u00e4zision digitaler messschieber mit der innovativen <b data-path-to-node=\"2\" data-index-in-node=\"61\">Bi-Force Kraftsteuerung<\/b> (Patent US10429165) und der Schutzklasse <b data-path-to-node=\"2\" data-index-in-node=\"126\">IP67<\/b>.<\/p>\n<p data-path-to-node=\"3\"><span class=\"citation-381 citation-end-381\">Diese Pr\u00e4zisionsmessschieber sind mit hochwertiger Schweizer Elektronik (IP67) ausgestattet und bieten eine deutlich h\u00f6here Genauigkeit als markt\u00fcbliche Standard-Messschieber.<\/span>MICROTECH nutzt ein patentiertes Kraftsteuerungsmodul, das sicherstellt, dass jede Messung mit einer <b data-path-to-node=\"3\" data-index-in-node=\"277\">konstanten Kraft von 8N<\/b> durchgef\u00fchrt wird. <span class=\"citation-380 citation-end-380\">Diese Technologie verbessert die Genauigkeit des Messschiebers auf bis zu 10 Mikrometer (<\/span><span class=\"math-inline\" data-math=\"10\\,\\mu\\text{m}\" data-index-in-node=\"409\">10 micron<\/span><span class=\"citation-379 citation-end-379\">), was herk\u00f6mmliche Modelle weit \u00fcbertrifft.<\/span><\/p>\n","protected":false},"featured_media":39301,"template":"","meta":{"_acf_changed":false},"product_brand":[6886],"product_cat":[5018,6871],"product_tag":[],"class_list":{"0":"post-39294","1":"product","2":"type-product","3":"status-publish","4":"has-post-thumbnail","6":"product_brand-microtech","7":"product_cat-digitale-messschieber","8":"product_cat-messschieber","9":"pa_battery-cr2032","10":"pa_calibration-iso17025","11":"pa_dataoutput-wireless","12":"pa_indication-digital","13":"pa_jawstype-carbidejaws","14":"pa_jawstype-standardjaws","15":"pa_measrange-150mm6inch","16":"pa_measrange-200mm8inch","17":"pa_measrange-300mm12inch","18":"pa_resolution_mm-0_01","20":"first","21":"instock","22":"shipping-taxable","23":"purchasable","24":"product-type-variable","25":"has-default-attributes"},"acf":[],"_links":{"self":[{"href":"https:\/\/microtech.tools\/de\/wp-json\/wp\/v2\/product\/39294","targetHints":{"allow":["GET"]}}],"collection":[{"href":"https:\/\/microtech.tools\/de\/wp-json\/wp\/v2\/product"}],"about":[{"href":"https:\/\/microtech.tools\/de\/wp-json\/wp\/v2\/types\/product"}],"wp:featuredmedia":[{"embeddable":true,"href":"https:\/\/microtech.tools\/de\/wp-json\/wp\/v2\/media\/39301"}],"wp:attachment":[{"href":"https:\/\/microtech.tools\/de\/wp-json\/wp\/v2\/media?parent=39294"}],"wp:term":[{"taxonomy":"product_brand","embeddable":true,"href":"https:\/\/microtech.tools\/de\/wp-json\/wp\/v2\/product_brand?post=39294"},{"taxonomy":"product_cat","embeddable":true,"href":"https:\/\/microtech.tools\/de\/wp-json\/wp\/v2\/product_cat?post=39294"},{"taxonomy":"product_tag","embeddable":true,"href":"https:\/\/microtech.tools\/de\/wp-json\/wp\/v2\/product_tag?post=39294"}],"curies":[{"name":"wp","href":"https:\/\/api.w.org\/{rel}","templated":true}]}}