{"id":39419,"date":"2024-07-25T08:40:46","date_gmt":"2024-07-25T05:40:46","guid":{"rendered":"https:\/\/microtech.tools\/?post_type=product&#038;p=39419"},"modified":"2026-04-03T09:06:01","modified_gmt":"2026-04-03T06:06:01","slug":"drahtloser-mikron-messschieber-ip67","status":"publish","type":"product","link":"https:\/\/microtech.tools\/de\/produkt\/drahtloser-mikron-messschieber-ip67\/","title":{"rendered":"SwissMet Drahtloser Mikron Messschieber IP67"},"content":{"rendered":"<p><iframe title=\"Micron Wireless SwissMet caliper IP67\" width=\"1140\" height=\"641\" src=\"https:\/\/www.youtube.com\/embed\/qg4y9bJb6-4?feature=oembed\" frameborder=\"0\" allow=\"accelerometer; autoplay; clipboard-write; encrypted-media; gyroscope; picture-in-picture; web-share\" referrerpolicy=\"strict-origin-when-cross-origin\" allowfullscreen><\/iframe><\/p>\n<p data-path-to-node=\"0\">Drahtloser SwissMet mikron Messschieber IP67 mit Schweizer Elektronik-Messsystem. Verf\u00fcgbar in den Messbereichen 150 200 300 mm (6 8 12 Zoll) und einer Aufl\u00f6sung von 0,001 mm. Hochwertige, in der Schweiz hergestellte IP67-gesch\u00fctzte Elektronik mit kontrastreichem Display (Ziffernh\u00f6he 12 mm):<\/p>\n<ul data-path-to-node=\"1\">\n<li>\n<p data-path-to-node=\"1,0,0\">mm\/Zoll-Umschaltung<\/p>\n<\/li>\n<li>\n<p data-path-to-node=\"1,1,0\">Preset-Funktionen,<\/p>\n<\/li>\n<li>\n<p data-path-to-node=\"1,2,0\">Auto on\/off<\/p>\n<\/li>\n<li>\n<p data-path-to-node=\"1,3,0\">Nullpunkt-Einstellung,<\/p>\n<\/li>\n<li>\n<p data-path-to-node=\"1,4,0\">Men\u00fc<\/p>\n<\/li>\n<li>\n<p data-path-to-node=\"1,5,0\">3V CR2032 Batterie. Der drahtlose MICROTECH Messschieber verf\u00fcgt \u00fcber 3 Daten\u00fcbertragungsmodi:<\/p>\n<\/li>\n<li>\n<p data-path-to-node=\"1,6,0\">Drahtlose Daten\u00fcbertragung an die MDS-App (verf\u00fcgbare App-Versionen f\u00fcr Windows, Android, iOS, MacOS)<\/p>\n<\/li>\n<li>\n<p data-path-to-node=\"1,7,0\">Drahtloser HID-Modus direkt an jedes Ger\u00e4t und jede App (wie eine Tastatur)<\/p>\n<\/li>\n<li>\n<p data-path-to-node=\"1,8,0\">Drahtloser HID+MAC-Modus direkt an jedes Ger\u00e4t und jede App (wie eine Tastatur) mit MAC-Adresse<\/p>\n<\/li>\n<\/ul>\n<p data-path-to-node=\"1,8,0\">Alle MICROTECH Messschieber verf\u00fcgen \u00fcber handbearbeitete Messfl\u00e4chen (Ra &lt; 0,32) und durchlaufen die metrologische Kontrolle in einem nach ISO 17025 ilac akkreditierten Labor. Lieferung in einer ergonomischen Kunststoffbox mit Bedienungsanleitung und Kalibrierzertifikat.<\/p>\n","protected":false},"excerpt":{"rendered":"<p>Drahtloser SwissMet mikron Messschieber IP67 mit Schweizer Elektronik-Messsystem. Verf\u00fcgbar in den Messbereichen 150 200 300 mm (6 8 12 Zoll) und einer Aufl\u00f6sung von 0,001 mm. Hochwertige, in der Schweiz hergestellte IP67-gesch\u00fctzte<\/p>\n","protected":false},"featured_media":39428,"template":"","meta":{"_acf_changed":false},"product_brand":[6886],"product_cat":[5018,6871],"product_tag":[],"class_list":{"0":"post-39419","1":"product","2":"type-product","3":"status-publish","4":"has-post-thumbnail","6":"product_brand-microtech","7":"product_cat-digitale-messschieber","8":"product_cat-messschieber","9":"pa_battery-cr2032","10":"pa_calibration-iso17025","11":"pa_dataoutput-wireless","12":"pa_indication-digital","13":"pa_jawstype-ceramic-jaws","14":"pa_jawstype-standardjaws","15":"pa_measrange-150mm6inch","16":"pa_measrange-200mm8inch","17":"pa_measrange-300mm12inch","18":"pa_resolution_mm-0_001","20":"first","21":"instock","22":"shipping-taxable","23":"purchasable","24":"product-type-variable","25":"has-default-attributes"},"acf":[],"_links":{"self":[{"href":"https:\/\/microtech.tools\/de\/wp-json\/wp\/v2\/product\/39419","targetHints":{"allow":["GET"]}}],"collection":[{"href":"https:\/\/microtech.tools\/de\/wp-json\/wp\/v2\/product"}],"about":[{"href":"https:\/\/microtech.tools\/de\/wp-json\/wp\/v2\/types\/product"}],"wp:featuredmedia":[{"embeddable":true,"href":"https:\/\/microtech.tools\/de\/wp-json\/wp\/v2\/media\/39428"}],"wp:attachment":[{"href":"https:\/\/microtech.tools\/de\/wp-json\/wp\/v2\/media?parent=39419"}],"wp:term":[{"taxonomy":"product_brand","embeddable":true,"href":"https:\/\/microtech.tools\/de\/wp-json\/wp\/v2\/product_brand?post=39419"},{"taxonomy":"product_cat","embeddable":true,"href":"https:\/\/microtech.tools\/de\/wp-json\/wp\/v2\/product_cat?post=39419"},{"taxonomy":"product_tag","embeddable":true,"href":"https:\/\/microtech.tools\/de\/wp-json\/wp\/v2\/product_tag?post=39419"}],"curies":[{"name":"wp","href":"https:\/\/api.w.org\/{rel}","templated":true}]}}