{"id":39537,"date":"2023-03-13T10:41:27","date_gmt":"2023-03-13T07:41:27","guid":{"rendered":"https:\/\/microtech.tools\/?post_type=product&#038;p=39537"},"modified":"2026-04-03T09:36:11","modified_gmt":"2026-04-03T06:36:11","slug":"digitaler-messschieber-ip54","status":"publish","type":"product","link":"https:\/\/microtech.tools\/de\/produkt\/digitaler-messschieber-ip54\/","title":{"rendered":"Digitaler Messschieber mit extragro\u00dfem Display IP54"},"content":{"rendered":"<p><iframe title=\"Updated high quality Big screen digital caliper IP54\" width=\"1140\" height=\"641\" src=\"https:\/\/www.youtube.com\/embed\/YSSayx3cjaM?feature=oembed\" frameborder=\"0\" allow=\"accelerometer; autoplay; clipboard-write; encrypted-media; gyroscope; picture-in-picture; web-share\" referrerpolicy=\"strict-origin-when-cross-origin\" allowfullscreen><\/iframe><\/p>\n<p data-path-to-node=\"1\">MICROTECH fertigt Pr\u00e4zision digitaler messschieber mit extragro\u00dfem Display und IP54-Schutz zu einem optimalen Preis-Leistungs-Verh\u00e4ltnis.<\/p>\n<p data-path-to-node=\"2\">Diese Pr\u00e4zisionsmessschieber verf\u00fcgen \u00fcber eine Aufl\u00f6sung von 10 Mikrometer (0,01 mm) mit einer Genauigkeit von 0,02 mm in einem Bereich bis zu 200 mm an den Au\u00dfenmessfl\u00e4chen (bei Innenmessfl\u00e4chen und Tiefenma\u00df Genauigkeit gem\u00e4\u00df ISO13385).<\/p>\n<p data-path-to-node=\"3\">Diese Messschieber sind in den Messbereichen 150, 200, 300 mm (6, 8, 12 Zoll) erh\u00e4ltlich und verf\u00fcgen \u00fcber eine hochwertige Elektronik mit einem extragro\u00dfen Display mit einer Ziffernh\u00f6he von 13,5 mm. Das Elektronikmodul bietet folgende Funktionen:<\/p>\n<ul data-path-to-node=\"4\">\n<li>\n<p data-path-to-node=\"4,0,0\">mm\/Zoll-Umschaltung<\/p>\n<\/li>\n<li>\n<p data-path-to-node=\"4,1,0\">Nullstellung<\/p>\n<\/li>\n<li>\n<p data-path-to-node=\"4,2,0\">Auto-Sleep \/ Auto-Wake Funktion<\/p>\n<\/li>\n<li>\n<p data-path-to-node=\"4,3,0\">USB-Datenausgang (optionales Datenkabel)<\/p>\n<\/li>\n<li>\n<p data-path-to-node=\"4,4,0\">3V CR1632 Batterie<\/p>\n<\/li>\n<\/ul>\n<p data-path-to-node=\"5\">Alle MICROTECH Messschieber verf\u00fcgen \u00fcber handl\u00e4ppte Messfl\u00e4chen (Ra &lt; 0,32) und durchlaufen eine metrologische Kontrolle in einem nach ISO 17025 ilac akkreditierten Labor inklusive kostenlosem Kalibrierschein.<\/p>\n<p data-path-to-node=\"6\">Der Messschieber wird mit einer hochwertigen Kunststoffbox, einer Bedienungsanleitung und einem Kalibrierprotokoll geliefert.<\/p>\n<p data-path-to-node=\"7\">F\u00fcr die Daten\u00fcbertragung kann er mit einem optionalen USB-Kabel (Art.-Nr. 29919150) ausgestattet werden, das Daten im Tastaturmodus direkt in die gew\u00fcnschte Anwendung \u00fcbertragen kann.<\/p>\n","protected":false},"excerpt":{"rendered":"<p data-path-to-node=\"1\">MICROTECH fertigt Pr\u00e4zisions digitaler messschieber mit extragro\u00dfem Display und IP54-Schutz zu einem optimalen Preis-Leistungs-Verh\u00e4ltnis.<\/p>\n<p data-path-to-node=\"2\">Diese Pr\u00e4zisionsmessschieber verf\u00fcgen \u00fcber eine Aufl\u00f6sung von 10 Mikrometer (0,01 mm) mit einer Genauigkeit von 0,02 mm in einem Bereich bis zu 200 mm an den Au\u00dfenmessfl\u00e4chen (bei Innenmessfl\u00e4chen und Tiefenma\u00df Genauigkeit gem\u00e4\u00df ISO13385).<\/p>\n","protected":false},"featured_media":39538,"template":"","meta":{"_acf_changed":false},"product_brand":[6886],"product_cat":[5018,6871],"product_tag":[],"class_list":{"0":"post-39537","1":"product","2":"type-product","3":"status-publish","4":"has-post-thumbnail","6":"product_brand-microtech","7":"product_cat-digitale-messschieber","8":"product_cat-messschieber","9":"pa_battery-cr2032","10":"pa_dataoutput-usbhid","11":"pa_indication-digital","12":"pa_jawstype-carbidejaws","13":"pa_jawstype-standardjaws","14":"pa_measrange-150mm6inch","15":"pa_measrange-200mm8inch","16":"pa_measrange-300mm12inch","17":"pa_resolution_mm-0_01","19":"first","20":"instock","21":"shipping-taxable","22":"purchasable","23":"product-type-variable","24":"has-default-attributes"},"acf":[],"_links":{"self":[{"href":"https:\/\/microtech.tools\/de\/wp-json\/wp\/v2\/product\/39537","targetHints":{"allow":["GET"]}}],"collection":[{"href":"https:\/\/microtech.tools\/de\/wp-json\/wp\/v2\/product"}],"about":[{"href":"https:\/\/microtech.tools\/de\/wp-json\/wp\/v2\/types\/product"}],"wp:featuredmedia":[{"embeddable":true,"href":"https:\/\/microtech.tools\/de\/wp-json\/wp\/v2\/media\/39538"}],"wp:attachment":[{"href":"https:\/\/microtech.tools\/de\/wp-json\/wp\/v2\/media?parent=39537"}],"wp:term":[{"taxonomy":"product_brand","embeddable":true,"href":"https:\/\/microtech.tools\/de\/wp-json\/wp\/v2\/product_brand?post=39537"},{"taxonomy":"product_cat","embeddable":true,"href":"https:\/\/microtech.tools\/de\/wp-json\/wp\/v2\/product_cat?post=39537"},{"taxonomy":"product_tag","embeddable":true,"href":"https:\/\/microtech.tools\/de\/wp-json\/wp\/v2\/product_tag?post=39537"}],"curies":[{"name":"wp","href":"https:\/\/api.w.org\/{rel}","templated":true}]}}