{"id":39656,"date":"2023-03-13T10:42:08","date_gmt":"2023-03-13T07:42:08","guid":{"rendered":"https:\/\/microtech.tools\/?post_type=product&#038;p=39656"},"modified":"2026-04-03T09:52:53","modified_gmt":"2026-04-03T06:52:53","slug":"drahtloser-messschieber-ip67","status":"publish","type":"product","link":"https:\/\/microtech.tools\/de\/produkt\/drahtloser-messschieber-ip67\/","title":{"rendered":"SwissMet drahtloser Messschieber IP67"},"content":{"rendered":"<p><iframe title=\"Wireless caliper IP67\" width=\"1140\" height=\"641\" src=\"https:\/\/www.youtube.com\/embed\/DryIAxL6vTI?feature=oembed\" frameborder=\"0\" allow=\"accelerometer; autoplay; clipboard-write; encrypted-media; gyroscope; picture-in-picture; web-share\" referrerpolicy=\"strict-origin-when-cross-origin\" allowfullscreen><\/iframe><\/p>\n<p data-path-to-node=\"0\">MICROTECH IP67 drahtloser Messschieber mit Schweizer elektronischem Messsystem. Erh\u00e4ltlich in den Messbereichen 150 200 300 mm (6 8 12 Zoll) mit einer Aufl\u00f6sung von 0,01 mm. Hochwertige, in der Schweiz hergestellte IP67-gesch\u00fctzte Elektronik mit kontrastreichem Display (12 mm Ziffernh\u00f6he):<\/p>\n<ul data-path-to-node=\"1\">\n<li>\n<p data-path-to-node=\"1,0,0\">mm\/Zoll-Umschaltung<\/p>\n<\/li>\n<li>\n<p data-path-to-node=\"1,1,0\">Preset-Funktionen<\/p>\n<\/li>\n<li>\n<p data-path-to-node=\"1,2,0\">Auto-An\/Aus<\/p>\n<\/li>\n<li>\n<p data-path-to-node=\"1,3,0\">Nullpunkt<\/p>\n<\/li>\n<li>\n<p data-path-to-node=\"1,4,0\">Men\u00fc<\/p>\n<\/li>\n<li>\n<p data-path-to-node=\"1,5,0\">3V CR2032 Batterie<\/p>\n<\/li>\n<\/ul>\n<p data-path-to-node=\"2\">Der MICROTECH drahtlose Messschieber verf\u00fcgt \u00fcber 3 Daten\u00fcbertragungsmodi:<\/p>\n<ul data-path-to-node=\"3\">\n<li>\n<p data-path-to-node=\"3,0,0\">Drahtlose Daten\u00fcbertragung an die MDS-App (verf\u00fcgbare App-Versionen f\u00fcr Windows, Android, iOS, MacOS)<\/p>\n<\/li>\n<li>\n<p data-path-to-node=\"3,1,0\">Drahtloser HID-Modus direkt an jedes Ger\u00e4t und jede App (wie eine Tastatur)<\/p>\n<\/li>\n<li>\n<p data-path-to-node=\"3,2,0\">Drahtloser HID+MAC-Modus direkt an jedes Ger\u00e4t und jede App (wie eine Tastatur) mit MAC-Adresse<\/p>\n<\/li>\n<\/ul>\n<p data-path-to-node=\"4\">Alle MICROTECH Messschieber verf\u00fcgen \u00fcber handbearbeitete Messfl\u00e4chen (Ra &lt; 0,32) und bestehen die messtechnische Kontrolle in einem nach ISO 17025 ilac akkreditierten Labor. Die Lieferung erfolgt in einer ergonomischen Kunststoffbox inklusive Bedienungsanleitung und Kalibrierzertifikat.<\/p>\n","protected":false},"excerpt":{"rendered":"<p>MICROTECH IP67 drahtloser Messschieber mit Schweizer elektronischem Messsystem. Erh\u00e4ltlich in den Messbereichen 150 200 300 mm (6 8 12 Zoll) mit einer Aufl\u00f6sung von 0,01 mm.<\/p>\n","protected":false},"featured_media":39671,"template":"","meta":{"_acf_changed":false},"product_brand":[6886],"product_cat":[5018,6871],"product_tag":[],"class_list":{"0":"post-39656","1":"product","2":"type-product","3":"status-publish","4":"has-post-thumbnail","6":"product_brand-microtech","7":"product_cat-digitale-messschieber","8":"product_cat-messschieber","9":"pa_battery-cr2032","10":"pa_calibration-iso17025","11":"pa_dataoutput-wireless","12":"pa_indication-digital","13":"pa_measrange-150mm6inch","14":"pa_measrange-200mm8inch","15":"pa_measrange-300mm12inch","16":"pa_resolution_mm-0_01","18":"first","19":"instock","20":"shipping-taxable","21":"purchasable","22":"product-type-variable","23":"has-default-attributes"},"acf":[],"_links":{"self":[{"href":"https:\/\/microtech.tools\/de\/wp-json\/wp\/v2\/product\/39656","targetHints":{"allow":["GET"]}}],"collection":[{"href":"https:\/\/microtech.tools\/de\/wp-json\/wp\/v2\/product"}],"about":[{"href":"https:\/\/microtech.tools\/de\/wp-json\/wp\/v2\/types\/product"}],"wp:featuredmedia":[{"embeddable":true,"href":"https:\/\/microtech.tools\/de\/wp-json\/wp\/v2\/media\/39671"}],"wp:attachment":[{"href":"https:\/\/microtech.tools\/de\/wp-json\/wp\/v2\/media?parent=39656"}],"wp:term":[{"taxonomy":"product_brand","embeddable":true,"href":"https:\/\/microtech.tools\/de\/wp-json\/wp\/v2\/product_brand?post=39656"},{"taxonomy":"product_cat","embeddable":true,"href":"https:\/\/microtech.tools\/de\/wp-json\/wp\/v2\/product_cat?post=39656"},{"taxonomy":"product_tag","embeddable":true,"href":"https:\/\/microtech.tools\/de\/wp-json\/wp\/v2\/product_tag?post=39656"}],"curies":[{"name":"wp","href":"https:\/\/api.w.org\/{rel}","templated":true}]}}