{"id":40066,"date":"2023-03-06T13:56:53","date_gmt":"2023-03-06T10:56:53","guid":{"rendered":"https:\/\/microtech.tools\/?post_type=product&#038;p=40066"},"modified":"2026-04-09T08:18:17","modified_gmt":"2026-04-09T05:18:17","slug":"messschieber-mit-langen-messschenkeln-2","status":"publish","type":"product","link":"https:\/\/microtech.tools\/de\/produkt\/messschieber-mit-langen-messschenkeln-2\/","title":{"rendered":"SwissMet Drahtloser Messschieber mit langen Messschenkeln IP67"},"content":{"rendered":"<p data-path-to-node=\"0\">Messschieber mit langen Messschenkeln MICROTECH mit IP67 Schweizer Messsystem und PRESET-Funktion Digitale IP67 Messschieber mit langen Messschenkeln verf\u00fcgen \u00fcber Messbereiche von 300, 400, 500, 600 mm und 100 mm lange Messschenkel f\u00fcr Innen- und Au\u00dfenmessungen.<\/p>\n<p data-path-to-node=\"0\">Der MICROTECH DRAHTLOSE Messschieber verf\u00fcgt \u00fcber 3 Daten\u00fcbertragungsmodi:<\/p>\n<ul data-path-to-node=\"1\">\n<li>\n<p data-path-to-node=\"1,0,0\">DRAHTLOSE Daten\u00fcbertragung an die MDS-App (verf\u00fcgbare App-Versionen f\u00fcr Windows, Android, iOS, MacOS)<\/p>\n<\/li>\n<li>\n<p data-path-to-node=\"1,1,0\">DRAHTLOSER HID-Modus direkt an jedes Ger\u00e4t und jede App (wie eine Tastatur)<\/p>\n<\/li>\n<li>\n<p data-path-to-node=\"1,2,0\">DRAHTLOSER HID+MAC-Modus direkt an jedes Ger\u00e4t und jede App (wie eine Tastatur) mit MAC-Adresse Alle MICROTECH Messschieber verf\u00fcgen \u00fcber handgefertigte Messschenkel und bestehen die messtechnische Kontrolle in einem nach ISO 17025 ILAC-akkreditierten Labor mit einem kostenlosen Kalibrierzertifikat.<\/p>\n<\/li>\n<\/ul>\n","protected":false},"excerpt":{"rendered":"<p>Messschieber mit langen Messschenkeln MICROTECH mit IP67 Schweizer Messsystem und PRESET-Funktion Digitale IP67 Messschieber mit langen Messschenkeln verf\u00fcgen \u00fcber Messbereiche von 300, 400, 500, 600 mm und 100 mm lange Messschenkel f\u00fcr Innen- und Au\u00dfenmessungen.<\/p>\n","protected":false},"featured_media":40069,"template":"","meta":{"_acf_changed":false},"product_brand":[6886],"product_cat":[5026],"product_tag":[],"class_list":{"0":"post-40066","1":"product","2":"type-product","3":"status-publish","4":"has-post-thumbnail","6":"product_brand-microtech","7":"product_cat-lange-messschieber","8":"pa_battery-cr2032","9":"pa_calibration-iso17025","10":"pa_dataoutput-wireless","11":"pa_dataoutput-wirelesshid","12":"pa_indication-digital","13":"pa_jawlength-100mm4inch","14":"pa_measrange-300mm12inch","15":"pa_measrange-400mm16inch","16":"pa_measrange-500mm20inch","17":"pa_measrange-600mm24inch","18":"pa_rangeupto_mm-6094","19":"pa_resolution_mm-0_01","21":"first","22":"instock","23":"shipping-taxable","24":"purchasable","25":"product-type-variable","26":"has-default-attributes"},"acf":[],"_links":{"self":[{"href":"https:\/\/microtech.tools\/de\/wp-json\/wp\/v2\/product\/40066","targetHints":{"allow":["GET"]}}],"collection":[{"href":"https:\/\/microtech.tools\/de\/wp-json\/wp\/v2\/product"}],"about":[{"href":"https:\/\/microtech.tools\/de\/wp-json\/wp\/v2\/types\/product"}],"wp:featuredmedia":[{"embeddable":true,"href":"https:\/\/microtech.tools\/de\/wp-json\/wp\/v2\/media\/40069"}],"wp:attachment":[{"href":"https:\/\/microtech.tools\/de\/wp-json\/wp\/v2\/media?parent=40066"}],"wp:term":[{"taxonomy":"product_brand","embeddable":true,"href":"https:\/\/microtech.tools\/de\/wp-json\/wp\/v2\/product_brand?post=40066"},{"taxonomy":"product_cat","embeddable":true,"href":"https:\/\/microtech.tools\/de\/wp-json\/wp\/v2\/product_cat?post=40066"},{"taxonomy":"product_tag","embeddable":true,"href":"https:\/\/microtech.tools\/de\/wp-json\/wp\/v2\/product_tag?post=40066"}],"curies":[{"name":"wp","href":"https:\/\/api.w.org\/{rel}","templated":true}]}}