{"id":40169,"date":"2025-11-03T13:42:10","date_gmt":"2025-11-03T10:42:10","guid":{"rendered":"https:\/\/microtech.tools\/?post_type=product&#038;p=40169"},"modified":"2026-04-09T08:42:55","modified_gmt":"2026-04-09T05:42:55","slug":"messschieber-mit-langen-messschenkeln-4","status":"publish","type":"product","link":"https:\/\/microtech.tools\/de\/produkt\/messschieber-mit-langen-messschenkeln-4\/","title":{"rendered":"SwissMet Mikron Messschieber mit langen Messschenkeln IP67"},"content":{"rendered":"<p data-path-to-node=\"1\">Mikron Messschieber mit langen Messschenkeln MICROTECH, Schweizer IP67-Messsystem und PRESET-Funktion<\/p>\n<p data-path-to-node=\"2\">Digitale Messschieber mit langen Messschenkeln und IP67-Schutz verf\u00fcgen \u00fcber Messbereiche von 300, 400, 500, 600 mm sowie 100 mm lange Schenkel f\u00fcr Au\u00dfen- und Innenmessungen.<\/p>\n<p data-path-to-node=\"3\">Hochwertiges elektronisches Schweizer Messsystem mit gro\u00dfem Display und Wasserschutz nach IP67.<\/p>\n<p data-path-to-node=\"4\">Alle MICROTECH Messschieber verf\u00fcgen \u00fcber handgefertigte Messfl\u00e4chen und bestehen die metrologische Kontrolle in einem nach ISO 17025 (Ilac) akkreditierten Labor, inklusive kostenlosem Kalibrierzertifikat.<\/p>\n","protected":false},"excerpt":{"rendered":"<p data-path-to-node=\"1\">Mikron Messschieber mit langen Messschenkeln MICROTECH, Schweizer IP67-Messsystem und PRESET-Funktion<\/p>\n<p data-path-to-node=\"2\">Digitale Messschieber mit langen Messschenkeln und IP67-Schutz verf\u00fcgen \u00fcber Messbereiche von 300, 400, 500, 600 mm sowie 100 mm lange Schenkel f\u00fcr Au\u00dfen- und Innenmessungen.<\/p>\n","protected":false},"featured_media":40170,"template":"","meta":{"_acf_changed":false},"product_brand":[6886],"product_cat":[5026],"product_tag":[],"class_list":{"0":"post-40169","1":"product","2":"type-product","3":"status-publish","4":"has-post-thumbnail","6":"product_brand-microtech","7":"product_cat-lange-messschieber","8":"pa_battery-cr2032","9":"pa_calibration-iso17025","10":"pa_indication-digital","11":"pa_jawlength-100mm4inch","12":"pa_measrange-300mm12inch","13":"pa_measrange-400mm16inch","14":"pa_measrange-500mm20inch","15":"pa_measrange-600mm24inch","16":"pa_resolution_mm-0_001","18":"first","19":"instock","20":"shipping-taxable","21":"purchasable","22":"product-type-variable","23":"has-default-attributes"},"acf":[],"_links":{"self":[{"href":"https:\/\/microtech.tools\/de\/wp-json\/wp\/v2\/product\/40169","targetHints":{"allow":["GET"]}}],"collection":[{"href":"https:\/\/microtech.tools\/de\/wp-json\/wp\/v2\/product"}],"about":[{"href":"https:\/\/microtech.tools\/de\/wp-json\/wp\/v2\/types\/product"}],"wp:featuredmedia":[{"embeddable":true,"href":"https:\/\/microtech.tools\/de\/wp-json\/wp\/v2\/media\/40170"}],"wp:attachment":[{"href":"https:\/\/microtech.tools\/de\/wp-json\/wp\/v2\/media?parent=40169"}],"wp:term":[{"taxonomy":"product_brand","embeddable":true,"href":"https:\/\/microtech.tools\/de\/wp-json\/wp\/v2\/product_brand?post=40169"},{"taxonomy":"product_cat","embeddable":true,"href":"https:\/\/microtech.tools\/de\/wp-json\/wp\/v2\/product_cat?post=40169"},{"taxonomy":"product_tag","embeddable":true,"href":"https:\/\/microtech.tools\/de\/wp-json\/wp\/v2\/product_tag?post=40169"}],"curies":[{"name":"wp","href":"https:\/\/api.w.org\/{rel}","templated":true}]}}