{"id":40999,"date":"2025-11-10T10:00:36","date_gmt":"2025-11-10T07:00:36","guid":{"rendered":"https:\/\/microtech.tools\/?post_type=product&#038;p=40999"},"modified":"2026-04-10T09:47:20","modified_gmt":"2026-04-10T06:47:20","slug":"swissmet-seil-messschieber-ip67","status":"publish","type":"product","link":"https:\/\/microtech.tools\/de\/produkt\/swissmet-seil-messschieber-ip67\/","title":{"rendered":"SwissMet Seil-Messschieber IP67"},"content":{"rendered":"<p data-path-to-node=\"1\">Der von Microtech hergestellte digitale SwissMet IP67 Seil-Messschieber hat einen Messbereich von 0-150\/200\/300 mm und ist f\u00fcr die pr\u00e4zise Messung von Seilen, Drahtseilen, Kabeln oder anderen zylindrischen Objekten konzipiert. Diese Messschieber verf\u00fcgen \u00fcber breite Messbacken oder gro\u00dfe Messfl\u00e4chen, die Fehler eliminieren, die durch die Unebenheiten von weichen oder geflochtenen Seilen entstehen. Sie sind mit einer wasserdichten Schweizer Elektronik der Schutzklasse IP67 und einer hohen Aufl\u00f6sung von 0,01 mm ausgestattet. Jeder Messschieber wird mit einem Kalibrierzertifikat geliefert, das den Anforderungen der ISO 17025 (Ilac MRA) entspricht und die R\u00fcckf\u00fchrbarkeit sowie die Messzuverl\u00e4ssigkeit gew\u00e4hrleistet.<\/p>\n<p data-path-to-node=\"2\">Der SwissMet IP67 Seil-Messschieber ist dank spezieller Messbacken, die den Druck gleichm\u00e4\u00dfig verteilen, f\u00fcr die genaue Messung des Durchmessers an verformungsanf\u00e4lligen Materialien vorgesehen. Die digitale Anzeige erm\u00f6glicht ein klares und einfaches Ablesen der Messwerte, w\u00e4hrend das wasserdichte Design einen zuverl\u00e4ssigen Betrieb unter rauen oder nassen Bedingungen, einschlie\u00dflich Industrie- oder Au\u00dfenumgebungen, garantiert. Zus\u00e4tzliche Funktionen k\u00f6nnen Data-Hold, Auto-On\/Off, drahtlose Daten\u00fcbertragungsmodi und Preset-Messfunktionen umfassen.<\/p>\n<p data-path-to-node=\"3\">Alle MICROTECH SwissMet IP67 digitalen Seil-Messschieber bestehen die metrologische Kontrolle in einem nach ISO 17025 akkreditierten Labor (Ilac) inklusive Kalibrierprotokoll.<\/p>\n","protected":false},"excerpt":{"rendered":"<p>Der von Microtech hergestellte digitale ROPE SwissMet IP67 Messschieber hat einen Messbereich von 0-150\/200\/300 mm und ist f\u00fcr die pr\u00e4zise Messung von Seilen, Drahtseilen, Kabeln oder anderen zylindrischen Objekten konzipiert.<\/p>\n","protected":false},"featured_media":41001,"template":"","meta":{"_acf_changed":false},"product_brand":[6886],"product_cat":[5034],"product_tag":[],"class_list":{"0":"post-40999","1":"product","2":"type-product","3":"status-publish","4":"has-post-thumbnail","6":"product_brand-microtech","7":"product_cat-drahtseil-messschieber","8":"pa_battery-cr2032","9":"pa_dataoutput-usbhid","10":"pa_indication-digital","11":"pa_measrange-150mm6inch","12":"pa_measrange-200-mm-8-inh","13":"pa_measrange-300mm12inch","14":"pa_resolution_mm-5929","16":"first","17":"instock","18":"shipping-taxable","19":"purchasable","20":"product-type-variable"},"acf":[],"_links":{"self":[{"href":"https:\/\/microtech.tools\/de\/wp-json\/wp\/v2\/product\/40999","targetHints":{"allow":["GET"]}}],"collection":[{"href":"https:\/\/microtech.tools\/de\/wp-json\/wp\/v2\/product"}],"about":[{"href":"https:\/\/microtech.tools\/de\/wp-json\/wp\/v2\/types\/product"}],"wp:featuredmedia":[{"embeddable":true,"href":"https:\/\/microtech.tools\/de\/wp-json\/wp\/v2\/media\/41001"}],"wp:attachment":[{"href":"https:\/\/microtech.tools\/de\/wp-json\/wp\/v2\/media?parent=40999"}],"wp:term":[{"taxonomy":"product_brand","embeddable":true,"href":"https:\/\/microtech.tools\/de\/wp-json\/wp\/v2\/product_brand?post=40999"},{"taxonomy":"product_cat","embeddable":true,"href":"https:\/\/microtech.tools\/de\/wp-json\/wp\/v2\/product_cat?post=40999"},{"taxonomy":"product_tag","embeddable":true,"href":"https:\/\/microtech.tools\/de\/wp-json\/wp\/v2\/product_tag?post=40999"}],"curies":[{"name":"wp","href":"https:\/\/api.w.org\/{rel}","templated":true}]}}