{"id":41011,"date":"2025-11-10T10:33:05","date_gmt":"2025-11-10T07:33:05","guid":{"rendered":"https:\/\/microtech.tools\/?post_type=product&#038;p=41011"},"modified":"2026-04-10T09:54:08","modified_gmt":"2026-04-10T06:54:08","slug":"drahtloser-mikron-seil-messschieber","status":"publish","type":"product","link":"https:\/\/microtech.tools\/de\/produkt\/drahtloser-mikron-seil-messschieber\/","title":{"rendered":"SwissMet drahtloser Mikron Seil Messschieber Bi-Force IP67"},"content":{"rendered":"<p data-path-to-node=\"1\">Der von MICROTECH hergestellte digitale drahtlose Mikron-Seilmessschieber SwissMet IP67 verf\u00fcgt \u00fcber einen Messbereich von 0-150\/200\/300 mm und ist f\u00fcr die pr\u00e4zise Messung von Seilen, Drahtseilen, Kabeln oder anderen zylindrischen Objekten konzipiert. Diese Messschieber sind mit breiten Messbacken oder gro\u00dfen Messfl\u00e4chen ausgestattet, die Fehler durch Unebenheiten bei weichen oder geflochtenen Seilen eliminieren. Sie sind mit wasserdichter Schweizer Elektronik der Schutzart IP67 und einer hohen Aufl\u00f6sung von 0,001 mm ausgestattet. Jeder Messschieber wird mit einem Kalibrierzertifikat gem\u00e4\u00df den ISO 17025-Standards (Ilac MRA) geliefert, was R\u00fcckverfolgbarkeit und Messzuverl\u00e4ssigkeit gew\u00e4hrleistet.<\/p>\n<p data-path-to-node=\"2\">Der Seilmessschieber SwissMet IP67 ist dank spezieller Messbacken, die den Druck gleichm\u00e4\u00dfig verteilen, f\u00fcr die genaue Durchmesserbestimmung an verformungsanf\u00e4lligen Materialien vorgesehen. Die digitale Anzeige erm\u00f6glicht ein klares und einfaches Ablesen der Messwerte, w\u00e4hrend das wasserdichte Design einen zuverl\u00e4ssigen Betrieb unter rauen oder nassen Bedingungen, einschlie\u00dflich Industrie- oder Au\u00dfenbereichen, gew\u00e4hrleistet. Zu den Zusatzfunktionen k\u00f6nnen Data-Hold, automatisches Ein-\/Ausschalten, drahtlose Daten\u00fcbertragungsmodi und voreingestellte Messfunktionen geh\u00f6ren.<\/p>\n<p data-path-to-node=\"3\">Alle digitalen MICROTECH Seilmessschieber SwissMet IP67 durchlaufen eine messtechnische Kontrolle in einem nach ISO 17025 akkreditierten Labor (Ilac) inklusive Kalibrierprotokoll.<\/p>\n","protected":false},"excerpt":{"rendered":"<p>Der von MICROTECH hergestellte digitale drahtlose Mikron-Seilmessschieber SwissMet IP67 verf\u00fcgt \u00fcber einen Messbereich von 0-150\/200\/300 mm und ist f\u00fcr die pr\u00e4zise Messung von Seilen, Drahtseilen, Kabeln oder anderen zylindrischen Objekten konzipiert.<\/p>\n","protected":false},"featured_media":41012,"template":"","meta":{"_acf_changed":false},"product_brand":[6886],"product_cat":[5034],"product_tag":[],"class_list":{"0":"post-41011","1":"product","2":"type-product","3":"status-publish","4":"has-post-thumbnail","6":"product_brand-microtech","7":"product_cat-drahtseil-messschieber","8":"pa_battery-cr2032","9":"pa_dataoutput-usbhid","10":"pa_indication-digital","11":"pa_measrange-150mm6inch","12":"pa_measrange-200-mm-8-inh","13":"pa_measrange-300mm12inch","14":"pa_resolution_mm-5929","16":"first","17":"instock","18":"shipping-taxable","19":"purchasable","20":"product-type-variable"},"acf":[],"_links":{"self":[{"href":"https:\/\/microtech.tools\/de\/wp-json\/wp\/v2\/product\/41011","targetHints":{"allow":["GET"]}}],"collection":[{"href":"https:\/\/microtech.tools\/de\/wp-json\/wp\/v2\/product"}],"about":[{"href":"https:\/\/microtech.tools\/de\/wp-json\/wp\/v2\/types\/product"}],"wp:featuredmedia":[{"embeddable":true,"href":"https:\/\/microtech.tools\/de\/wp-json\/wp\/v2\/media\/41012"}],"wp:attachment":[{"href":"https:\/\/microtech.tools\/de\/wp-json\/wp\/v2\/media?parent=41011"}],"wp:term":[{"taxonomy":"product_brand","embeddable":true,"href":"https:\/\/microtech.tools\/de\/wp-json\/wp\/v2\/product_brand?post=41011"},{"taxonomy":"product_cat","embeddable":true,"href":"https:\/\/microtech.tools\/de\/wp-json\/wp\/v2\/product_cat?post=41011"},{"taxonomy":"product_tag","embeddable":true,"href":"https:\/\/microtech.tools\/de\/wp-json\/wp\/v2\/product_tag?post=41011"}],"curies":[{"name":"wp","href":"https:\/\/api.w.org\/{rel}","templated":true}]}}