{"id":41064,"date":"2023-03-13T13:16:31","date_gmt":"2023-03-13T10:16:31","guid":{"rendered":"https:\/\/microtech.tools\/?post_type=product&#038;p=41064"},"modified":"2026-04-10T11:33:03","modified_gmt":"2026-04-10T08:33:03","slug":"computerisierter-bore-messschieber","status":"publish","type":"product","link":"https:\/\/microtech.tools\/de\/produkt\/computerisierter-bore-messschieber\/","title":{"rendered":"DataMet Computerisierter Bore Messschieber"},"content":{"rendered":"<p data-path-to-node=\"0\">DataMet Bore Messschieber f\u00fcr die Bohrungsmessung ohne Ausbau der Stange<\/p>\n<ul data-path-to-node=\"1\">\n<li>\n<p data-path-to-node=\"1,0,0\">Modifikation mit Computermodul f\u00fcr hohe Genauigkeit und Wiederholbarkeit<\/p>\n<\/li>\n<li>\n<p data-path-to-node=\"1,1,0\">Computerisiertes MICS-Anzeigesystem Modifikation mit drahtloser Daten\u00fcbertragung mit gro\u00dfer Reichweite, drahtlosem HID oder USB-HID zur Daten\u00fcbertragung an Windows-, Android-, iOS-, macOS-, Linux-Systeme direkt in jede App<\/p>\n<\/li>\n<li>\n<p data-path-to-node=\"1,2,0\">Kalibrierzertifikat enthalten (ISO17025 (Ilac MRA))<\/p>\n<\/li>\n<\/ul>\n<p data-path-to-node=\"2\">Der drahtlose MICROTECH Messschieber verf\u00fcgt \u00fcber 3 Daten\u00fcbertragungsmodi:<\/p>\n<ul data-path-to-node=\"3\">\n<li>\n<p data-path-to-node=\"3,0,0\">Drahtlose Daten\u00fcbertragung an die MDS-App (verf\u00fcgbare App-Versionen f\u00fcr Windows, Android, iOS, macOS)<\/p>\n<\/li>\n<li>\n<p data-path-to-node=\"3,1,0\">Drahtloser HID-Modus direkt an jedes Ger\u00e4t und jede App (wie eine Tastatur)<\/p>\n<\/li>\n<li>\n<p data-path-to-node=\"3,2,0\">Drahtloser HID+MAC-Modus direkt an jedes Ger\u00e4t und jede App (wie eine Tastatur) mit MAC-Adresse<\/p>\n<\/li>\n<\/ul>\n","protected":false},"excerpt":{"rendered":"<p>DataMet Bore Messschieber f\u00fcr die Bohrungsmessung ohne Ausbau der Stange<\/p>\n","protected":false},"featured_media":41069,"template":"","meta":{"_acf_changed":false},"product_brand":[6886],"product_cat":[5008],"product_tag":[],"class_list":{"0":"post-41064","1":"product","2":"type-product","3":"status-publish","4":"has-post-thumbnail","6":"product_brand-microtech","7":"product_cat-innenmessschieber","8":"pa_battery-li_pol","9":"pa_dataoutput-usbhid","10":"pa_dataoutput-wireless","11":"pa_dataoutput-wirelesshid","12":"pa_indication-computerized2_4","13":"pa_measrange-22-300-mm-12-inch","14":"pa_measrange-24-500-mm-20-inch","15":"pa_measrange-30-600-mm-25-inch","16":"pa_resolution_mm-0-0005","18":"first","19":"instock","20":"shipping-taxable","21":"purchasable","22":"product-type-variable"},"acf":[],"_links":{"self":[{"href":"https:\/\/microtech.tools\/de\/wp-json\/wp\/v2\/product\/41064","targetHints":{"allow":["GET"]}}],"collection":[{"href":"https:\/\/microtech.tools\/de\/wp-json\/wp\/v2\/product"}],"about":[{"href":"https:\/\/microtech.tools\/de\/wp-json\/wp\/v2\/types\/product"}],"wp:featuredmedia":[{"embeddable":true,"href":"https:\/\/microtech.tools\/de\/wp-json\/wp\/v2\/media\/41069"}],"wp:attachment":[{"href":"https:\/\/microtech.tools\/de\/wp-json\/wp\/v2\/media?parent=41064"}],"wp:term":[{"taxonomy":"product_brand","embeddable":true,"href":"https:\/\/microtech.tools\/de\/wp-json\/wp\/v2\/product_brand?post=41064"},{"taxonomy":"product_cat","embeddable":true,"href":"https:\/\/microtech.tools\/de\/wp-json\/wp\/v2\/product_cat?post=41064"},{"taxonomy":"product_tag","embeddable":true,"href":"https:\/\/microtech.tools\/de\/wp-json\/wp\/v2\/product_tag?post=41064"}],"curies":[{"name":"wp","href":"https:\/\/api.w.org\/{rel}","templated":true}]}}