{"id":41187,"date":"2025-12-12T12:57:33","date_gmt":"2025-12-12T09:57:33","guid":{"rendered":"https:\/\/microtech.tools\/?post_type=product&#038;p=41187"},"modified":"2026-03-19T17:10:39","modified_gmt":"2026-03-19T14:10:39","slug":"modbus-datamet-kabel-e-force-computerisierter-messschieber-ip54-0-150x0001-mm-drahtlosusbmodbus","status":"publish","type":"product","link":"https:\/\/microtech.tools\/de\/produkt\/modbus-datamet-kabel-e-force-computerisierter-messschieber-ip54-0-150x0001-mm-drahtlosusbmodbus\/","title":{"rendered":"Modbus DataMet KABEL e-Force computerisierter Messschieber IP54 0-150&#215;0,001 mm (drahtlos+USB+Modbus)"},"content":{"rendered":"<p data-path-to-node=\"1\">Dieser Modbus DataMet KABEL e-Force computerisierte Messschieber zur Kabelmessung von MICROTECH ist mit flachen und spitzen (d 0,3 mm) Messfl\u00e4chen sowie einem in der Schweiz hergestellten Ablesesystem mit einer Aufl\u00f6sung von 0,001 mm ausgestattet.<\/p>\n<p data-path-to-node=\"2\">Das patentierte e-Force-Steuermodul bietet eine w\u00e4hlbare Messkraft (8 N extern \/ 4 N intern) f\u00fcr stabile, wiederholbare Messungen mit einer Genauigkeit von bis zu 1 Mikron.<\/p>\n<p data-path-to-node=\"3\">Das computergest\u00fctzte MICS-System bietet fortschrittliche Funktionen wie Gut\/Ausschuss-Grenzwerte mit Farbanzeige, Max\/Min (PEAK), Timer, Formeln (Ax\u00b2+Bx+C, Radius, Kugel), manuelle Temperatur- und Linearkompensation, Aufl\u00f6sungswahl 0,1\/0,01\/0,001 mm und Zoll, interner Speicher f\u00fcr 2000 Werte mit Ordnerstruktur und Statistiken sowie Kalibrierdatumssteuerung.<\/p>\n<p data-path-to-node=\"4\">Das Ger\u00e4t verwendet einen wiederaufladbaren Li-Pol-Akku mit Micro-USB und unterst\u00fctzt Firmware-Updates \u00fcber USB.<\/p>\n<p data-path-to-node=\"5\">Daten\u00fcbertragung:<\/p>\n<ul data-path-to-node=\"6\">\n<li>\n<p data-path-to-node=\"6,0,0\">DRAHTLOSE Daten\u00fcbertragung an die MDS-App (verf\u00fcgbare App-Versionen f\u00fcr Windows, Android, iOS, MacOS)<\/p>\n<\/li>\n<li>\n<p data-path-to-node=\"6,1,0\">DRAHTLOSES HID \u2014 direkte \u00dcbertragung an jedes Ger\u00e4t\/jede App (wie eine Tastatur)<\/p>\n<\/li>\n<li>\n<p data-path-to-node=\"6,2,0\">DRAHTLOSES HID+MAC \u2014 mit MAC-Adresse<\/p>\n<\/li>\n<li>\n<p data-path-to-node=\"6,3,0\">USB HID<\/p>\n<\/li>\n<li>\n<p data-path-to-node=\"6,4,0\">MODBUS RTU (RS-485, 4-Draht, 5-24 V) f\u00fcr industrielle Verbindungen<\/p>\n<\/li>\n<\/ul>\n<p data-path-to-node=\"7\">MICROTECH-Messschieber bestehen die metrologische Kontrolle in einem akkreditierten ISO 17025 (ILAC MRA) Metrologielabor.<\/p>\n<p data-path-to-node=\"8\">Alle Messschieber werden komplett mit Kalibrierzertifikat, Bedienungsanleitung, magnetischem Ladekabel und Kunststoffbox geliefert.<\/p>\n","protected":false},"excerpt":{"rendered":"<p data-path-to-node=\"1\">Dieser Modbus DataMet KABEL e-Force computerisierte Messschieber zur Kabelmessung von MICROTECH ist mit flachen und spitzen (d 0,3 mm) Messfl\u00e4chen sowie einem in der Schweiz hergestellten Ablesesystem mit einer Aufl\u00f6sung von 0,001 mm ausgestattet.<\/p>\n<p data-path-to-node=\"2\">Das patentierte e-Force-Steuermodul bietet eine w\u00e4hlbare Messkraft (8 N extern \/ 4 N intern) f\u00fcr stabile, wiederholbare Messungen mit einer Genauigkeit von bis zu 1 Mikron.<\/p>\n","protected":false},"featured_media":41182,"template":"","meta":{"_acf_changed":false},"product_brand":[6886],"product_cat":[5010],"product_tag":[],"class_list":{"0":"post-41187","1":"product","2":"type-product","3":"status-publish","4":"has-post-thumbnail","6":"product_brand-microtech","7":"product_cat-kabelmessschieber","8":"pa_battery-li_pol","9":"pa_calibration-iso17025","10":"pa_dataoutput-usbhid","11":"pa_dataoutput-wireless","12":"pa_dataoutput-wirelesshid","13":"pa_indication-computerized-2-0","14":"pa_jawstype-standardjaws","15":"pa_measrange-150mm6inch","16":"pa_reading-0_001mm00005inch","17":"pa_resolution_mm-0-0005","19":"first","20":"instock","21":"shipping-taxable","22":"purchasable","23":"product-type-simple"},"acf":[],"_links":{"self":[{"href":"https:\/\/microtech.tools\/de\/wp-json\/wp\/v2\/product\/41187","targetHints":{"allow":["GET"]}}],"collection":[{"href":"https:\/\/microtech.tools\/de\/wp-json\/wp\/v2\/product"}],"about":[{"href":"https:\/\/microtech.tools\/de\/wp-json\/wp\/v2\/types\/product"}],"wp:featuredmedia":[{"embeddable":true,"href":"https:\/\/microtech.tools\/de\/wp-json\/wp\/v2\/media\/41182"}],"wp:attachment":[{"href":"https:\/\/microtech.tools\/de\/wp-json\/wp\/v2\/media?parent=41187"}],"wp:term":[{"taxonomy":"product_brand","embeddable":true,"href":"https:\/\/microtech.tools\/de\/wp-json\/wp\/v2\/product_brand?post=41187"},{"taxonomy":"product_cat","embeddable":true,"href":"https:\/\/microtech.tools\/de\/wp-json\/wp\/v2\/product_cat?post=41187"},{"taxonomy":"product_tag","embeddable":true,"href":"https:\/\/microtech.tools\/de\/wp-json\/wp\/v2\/product_tag?post=41187"}],"curies":[{"name":"wp","href":"https:\/\/api.w.org\/{rel}","templated":true}]}}