{"id":41192,"date":"2025-12-12T10:18:38","date_gmt":"2025-12-12T07:18:38","guid":{"rendered":"https:\/\/microtech.tools\/?post_type=product&#038;p=41192"},"modified":"2026-03-19T17:10:41","modified_gmt":"2026-03-19T14:10:41","slug":"swissmet-kabel-bi-force-digitaler-messschieber-ip67-0-150x0001-mm","status":"publish","type":"product","link":"https:\/\/microtech.tools\/de\/produkt\/swissmet-kabel-bi-force-digitaler-messschieber-ip67-0-150x0001-mm\/","title":{"rendered":"SwissMet KABEL Bi-Force digitaler Messschieber IP67 0-150&#215;0,001 mm"},"content":{"rendered":"<p data-path-to-node=\"1\">SwissMet KABEL Bi-Force digitaler Messschieber mit flachen\/spitzen Messfl\u00e4chen und Bi-Force Kraftkontrolle. (Pat. US10429165, UA146381, UA202300560) mit IP67 Schutzart.<\/p>\n<p data-path-to-node=\"2\">Dieser SwissMet KABEL Pr\u00e4zisions-Messschieber verf\u00fcgt \u00fcber hochwertige IP67 Schweizer Elektronik, eine h\u00f6here Genauigkeit als der Marktstandard und einzigartige flache (0,3 mm spitze) Messfl\u00e4chen f\u00fcr vielseitige Messungen. MICROTECH hat ihn mit dem patentierten DOPPEL-KRAFT Kontrollmodul (8N Au\u00dfen \/ 4N Innen) f\u00fcr eine gleichm\u00e4\u00dfige Kraftanwendung ausgestattet, was die Genauigkeit auf bis zu 1 Mikrometer verbessert.<\/p>\n<p data-path-to-node=\"3\">Erh\u00e4ltlich im Bereich 150 mm (6 Zoll).<\/p>\n<p data-path-to-node=\"4\">Die handgefertigten Messfl\u00e4chen bestehen die metrologische Kontrolle in einem nach ISO 17025 (ILAC MRA) akkreditierten Labor, inklusive beigef\u00fcgtem Kalibrierzertifikat.<\/p>\n","protected":false},"excerpt":{"rendered":"<p>SwissMet KABEL Bi-Force digitaler Messschieber mit flachen\/spitzen Messfl\u00e4chen und Bi-Force Kraftkontrolle. (Pat. US10429165, UA146381, UA202300560) mit IP67 Schutzart. Dieser SwissMet KABEL Pr\u00e4zisions-Messschieber verf\u00fcgt \u00fcber hochwertige IP67 Schweizer Elektronik, eine h\u00f6here Genauigkeit als der Marktstandard und einzigartige flache (0,3 mm spitze) Messfl\u00e4chen f\u00fcr vielseitige Messungen. MICROTECH hat ihn mit dem patentierten DOPPEL-KRAFT Kontrollmodul (8N Au\u00dfen \/ [&hellip;]<\/p>\n","protected":false},"featured_media":41194,"template":"","meta":{"_acf_changed":false},"product_brand":[6886],"product_cat":[5010],"product_tag":[],"class_list":{"0":"post-41192","1":"product","2":"type-product","3":"status-publish","4":"has-post-thumbnail","6":"product_brand-microtech","7":"product_cat-kabelmessschieber","8":"pa_battery-cr2032","9":"pa_calibration-iso17025","10":"pa_indication-digital","11":"pa_measrange-150mm6inch","12":"pa_resolution_mm-0_001","14":"first","15":"instock","16":"shipping-taxable","17":"purchasable","18":"product-type-simple"},"acf":[],"_links":{"self":[{"href":"https:\/\/microtech.tools\/de\/wp-json\/wp\/v2\/product\/41192","targetHints":{"allow":["GET"]}}],"collection":[{"href":"https:\/\/microtech.tools\/de\/wp-json\/wp\/v2\/product"}],"about":[{"href":"https:\/\/microtech.tools\/de\/wp-json\/wp\/v2\/types\/product"}],"wp:featuredmedia":[{"embeddable":true,"href":"https:\/\/microtech.tools\/de\/wp-json\/wp\/v2\/media\/41194"}],"wp:attachment":[{"href":"https:\/\/microtech.tools\/de\/wp-json\/wp\/v2\/media?parent=41192"}],"wp:term":[{"taxonomy":"product_brand","embeddable":true,"href":"https:\/\/microtech.tools\/de\/wp-json\/wp\/v2\/product_brand?post=41192"},{"taxonomy":"product_cat","embeddable":true,"href":"https:\/\/microtech.tools\/de\/wp-json\/wp\/v2\/product_cat?post=41192"},{"taxonomy":"product_tag","embeddable":true,"href":"https:\/\/microtech.tools\/de\/wp-json\/wp\/v2\/product_tag?post=41192"}],"curies":[{"name":"wp","href":"https:\/\/api.w.org\/{rel}","templated":true}]}}