{"id":42173,"date":"2023-03-13T13:19:31","date_gmt":"2023-03-13T10:19:31","guid":{"rendered":"https:\/\/microtech.tools\/?post_type=product&#038;p=42173"},"modified":"2026-03-19T17:05:25","modified_gmt":"2026-03-19T14:05:25","slug":"datamet-buegelmessschraube-mit-nichtdrehender-spinde","status":"publish","type":"product","link":"https:\/\/microtech.tools\/de\/produkt\/datamet-buegelmessschraube-mit-nichtdrehender-spinde\/","title":{"rendered":"DataMet B\u00fcgelmessschraube mit nichtdrehender Spinde"},"content":{"rendered":"<p><iframe width=\"560\" height=\"315\" src=\"https:\/\/www.youtube.com\/embed\/-z_xjfqSvnU?si=grTIN0LBjuwBxpKc\" title=\"YouTube video player\" frameborder=\"0\" allow=\"accelerometer; autoplay; clipboard-write; encrypted-media; gyroscope; picture-in-picture; web-share\" referrerpolicy=\"strict-origin-when-cross-origin\" allowfullscreen><\/iframe><\/p>\n<p data-path-to-node=\"1\">MICROTECH fertigt Tablet-Sub-Mikron-B\u00fcgelmessschrauben mit nichtdrehender Spindel, angepasst an Industrie 4.0.<\/p>\n<p data-path-to-node=\"2\">Tablet-B\u00fcgelmessschrauben verwenden ein von MICROTECH entwickeltes und patentiertes computergest\u00fctztes Messsystem (Patente UA126928, UA99686) mit einer Aufl\u00f6sung von 0,1 Mikron und einer nichtdrehenden Spindel zum Messen von Folien, Filmen und weichen Materialien.<\/p>\n<p data-path-to-node=\"3\">Das TABLET-Messmodul der B\u00fcgelmessschraube verf\u00fcgt \u00fcber folgende Funktionen:<\/p>\n<ul data-path-to-node=\"4\">\n<li>\n<p data-path-to-node=\"4,0,0\">Online-GRAFIK-Modus<\/p>\n<\/li>\n<li>\n<p data-path-to-node=\"4,1,0\">Einstellbare farbige ANALOG-Skala<\/p>\n<\/li>\n<li>\n<p data-path-to-node=\"4,2,0\">HUB-Verbindung (Anschluss externer drahtloser MICROTECH-Ger\u00e4te)<\/p>\n<\/li>\n<li>\n<p data-path-to-node=\"4,3,0\">2D-Anschlussm\u00f6glichkeiten (drahtlose Verbindung und Anzeige externer Ger\u00e4te)<\/p>\n<\/li>\n<li>\n<p data-path-to-node=\"4,4,0\">PROBE-Anschluss (drahtlose Verbindung f\u00fcr externe Messuhren oder F\u00fchlhebelmessger\u00e4te) mit AUTO-Modus<\/p>\n<\/li>\n<li>\n<p data-path-to-node=\"4,5,0\">Interner SPEICHER f\u00fcr 2000 Werte mit Ordnersystem und Statistik<\/p>\n<\/li>\n<li>\n<p data-path-to-node=\"4,6,0\">GRENZWERT-Funktion (Gut\/Ausschuss) mit Farbanzeige<\/p>\n<\/li>\n<li>\n<p data-path-to-node=\"4,7,0\">PEAK (Max\/Min)<\/p>\n<\/li>\n<li>\n<p data-path-to-node=\"4,8,0\">TIMER<\/p>\n<\/li>\n<li>\n<p data-path-to-node=\"4,9,0\">FORMEL Ax2+Bx+C<\/p>\n<\/li>\n<li>\n<p data-path-to-node=\"4,10,0\">Manuelle TEMPERATURKOMPENSATION<\/p>\n<\/li>\n<li>\n<p data-path-to-node=\"4,11,0\">LINEARE Kompensation<\/p>\n<\/li>\n<li>\n<p data-path-to-node=\"4,12,0\">AUFL\u00d6SUNG w\u00e4hlbar 0,1\/0,01\/0,001\/0,0001 mm, auch in Zoll<\/p>\n<\/li>\n<li>\n<p data-path-to-node=\"4,13,0\">KALIBRIERDATUMS-Kontrolle<\/p>\n<\/li>\n<li>\n<p data-path-to-node=\"4,14,0\">Wiederaufladbarer Li-Pol-Akku mit Micro-USB-Buchse<\/p>\n<\/li>\n<li>\n<p data-path-to-node=\"4,15,0\">FIRMWARE-Update \u00fcber USB-Kabel<\/p>\n<\/li>\n<li>\n<p data-path-to-node=\"4,16,0\">DRAHTLOSE Daten\u00fcbertragung mit hoher Reichweite an die MICROTECH MDS-App f\u00fcr Windows, Android, iOS (KOSTENLOSE Versionen)<\/p>\n<\/li>\n<li>\n<p data-path-to-node=\"4,17,0\">DRAHTLOSE HID-Daten\u00fcbertragung an jedes System und jede App (Tastaturmodus) mit Datenkonfigurationsm\u00f6glichkeiten<\/p>\n<\/li>\n<li>\n<p data-path-to-node=\"4,18,0\">Optionaler MODBUS PLC-Datenausgang (4-Draht, RS-485) mit Datenkonfigurationsm\u00f6glichkeiten<\/p>\n<\/li>\n<li>\n<p data-path-to-node=\"4,19,0\">USB HID-Daten\u00fcbertragung an jedes System und jede App (Tastaturmodus) mit Datenkonfigurationsm\u00f6glichkeiten<\/p>\n<\/li>\n<\/ul>\n<p data-path-to-node=\"5\">Alle MICROTECH B\u00fcgelmessschrauben verf\u00fcgen \u00fcber handl\u00e4ppte Messfl\u00e4chen (Ra &lt; 0,32) und durchlaufen eine metrologische Kontrolle in einem nach ISO 17025 ILAC akkreditierten Labor.<\/p>\n<p data-path-to-node=\"6\">AUF KUNDENWUNSCH K\u00d6NNEN WEITERE FUNKTIONEN UND FORMELN ZU DEN INDUSTRIE 4.0 B\u00dcGELMESSSCHRAUBEN HINZUGEF\u00dcGT WERDEN.<\/p>\n","protected":false},"excerpt":{"rendered":"<p data-path-to-node=\"1\">MICROTECH fertigt Tablet-Sub-Mikron-B\u00fcgelmessschrauben mit nichtdrehender Spindel, angepasst an Industrie 4.0.<\/p>\n<p data-path-to-node=\"2\">Tablet-B\u00fcgelmessschrauben verwenden ein von MICROTECH entwickeltes und patentiertes computergest\u00fctztes Messsystem (Patente UA126928, UA99686) mit einer Aufl\u00f6sung von 0,1 Mikron und einer nichtdrehenden Spindel zum Messen von Folien, Filmen und weichen Materialien.<\/p>\n","protected":false},"featured_media":42182,"template":"","meta":{"_acf_changed":false},"product_brand":[6886],"product_cat":[5084,5078],"product_tag":[],"class_list":{"0":"post-42173","1":"product","2":"type-product","3":"status-publish","4":"has-post-thumbnail","6":"product_brand-microtech","7":"product_cat-computerisierte-mikrometer","8":"product_cat-mikrometer","9":"pa_battery-li_pol","10":"pa_dataoutput-usbhid","11":"pa_dataoutput-wireless","12":"pa_dataoutput-wirelesshid","13":"pa_indication-computerized2_4","14":"pa_measrange-0_25mm0_1inch","15":"pa_measrange-25_50mm1_2inch","16":"pa_measrange-50_75mm2_3inch","17":"pa_measrange-75_100mm3_4inch","18":"pa_resolution_mm-5913","20":"first","21":"instock","22":"shipping-taxable","23":"purchasable","24":"product-type-variable"},"acf":[],"_links":{"self":[{"href":"https:\/\/microtech.tools\/de\/wp-json\/wp\/v2\/product\/42173","targetHints":{"allow":["GET"]}}],"collection":[{"href":"https:\/\/microtech.tools\/de\/wp-json\/wp\/v2\/product"}],"about":[{"href":"https:\/\/microtech.tools\/de\/wp-json\/wp\/v2\/types\/product"}],"wp:featuredmedia":[{"embeddable":true,"href":"https:\/\/microtech.tools\/de\/wp-json\/wp\/v2\/media\/42182"}],"wp:attachment":[{"href":"https:\/\/microtech.tools\/de\/wp-json\/wp\/v2\/media?parent=42173"}],"wp:term":[{"taxonomy":"product_brand","embeddable":true,"href":"https:\/\/microtech.tools\/de\/wp-json\/wp\/v2\/product_brand?post=42173"},{"taxonomy":"product_cat","embeddable":true,"href":"https:\/\/microtech.tools\/de\/wp-json\/wp\/v2\/product_cat?post=42173"},{"taxonomy":"product_tag","embeddable":true,"href":"https:\/\/microtech.tools\/de\/wp-json\/wp\/v2\/product_tag?post=42173"}],"curies":[{"name":"wp","href":"https:\/\/api.w.org\/{rel}","templated":true}]}}