{"id":42195,"date":"2024-04-09T12:55:35","date_gmt":"2024-04-09T09:55:35","guid":{"rendered":"https:\/\/microtech.tools\/?post_type=product&#038;p=42195"},"modified":"2026-03-19T17:30:34","modified_gmt":"2026-03-19T14:30:34","slug":"datamet-labor-tischmikrometer-mit-sub-mikron-aufloesung-und-nicht-drehender-spindel","status":"publish","type":"product","link":"https:\/\/microtech.tools\/de\/produkt\/datamet-labor-tischmikrometer-mit-sub-mikron-aufloesung-und-nicht-drehender-spindel\/","title":{"rendered":"DataMet Labor-Tischmikrometer mit Sub-Mikron-Aufl\u00f6sung und nicht drehender Spindel"},"content":{"rendered":"<p data-path-to-node=\"1\">MICROTECH Fertigung: Labor-Tablet-Mikrometer mit Sub-Mikron-Aufl\u00f6sung, angepasst an Industrie 4.0. Tablet-Mikrometer verwenden ein computergest\u00fctztes Messsystem, das von MICROTECH entwickelt und patentiert wurde (Patente UA126928, UA99686), mit einer Aufl\u00f6sung von 0,1 Mikron und einer Genauigkeit von bis zu 1 Mikron. Das MICROTECH LAB-Mikrometer basiert auf einer soliden Tischkonstruktion mit einem Sub-Mikron-Tablet-Messkopf. Labormikrometer mit einem Messbereich von 25 mm.<\/p>\n<p data-path-to-node=\"2\">Das TABLET-Messmodul des Labormikrometers verf\u00fcgt \u00fcber folgende Funktionen:<\/p>\n<ul data-path-to-node=\"3\">\n<li>\n<p data-path-to-node=\"3,0,0\">Grafischer ONLINE-Modus<\/p>\n<\/li>\n<li>\n<p data-path-to-node=\"3,1,0\">Einstellbare analoge Farbskala<\/p>\n<\/li>\n<li>\n<p data-path-to-node=\"3,2,0\">HUB-Verbindung (Anschluss externer drahtloser MICROTECH-Ger\u00e4te)<\/p>\n<\/li>\n<li>\n<p data-path-to-node=\"3,3,0\">2D-Verbindungsm\u00f6glichkeiten (drahtlose Verbindung und Anzeige externer Ger\u00e4te)<\/p>\n<\/li>\n<li>\n<p data-path-to-node=\"3,4,0\">Tasteranschluss (drahtlose Verbindung f\u00fcr externe Messuhren oder F\u00fchlhebelmessger\u00e4te) mit AUTO-Modus<\/p>\n<\/li>\n<li>\n<p data-path-to-node=\"3,5,0\">Interner SPEICHER f\u00fcr 2000 Werte mit Ordnersystem und Statistik<\/p>\n<\/li>\n<li>\n<p data-path-to-node=\"3,6,0\">GRENZWERT-Funktion (Gut\/Ausschuss) mit Farbanzeige<\/p>\n<\/li>\n<li>\n<p data-path-to-node=\"3,7,0\">PEAK (Max\/Min)<\/p>\n<\/li>\n<li>\n<p data-path-to-node=\"3,8,0\">TIMER<\/p>\n<\/li>\n<li>\n<p data-path-to-node=\"3,9,0\">FORMEL Ax2+Bx+C<\/p>\n<\/li>\n<li>\n<p data-path-to-node=\"3,10,0\">Manuelle TEMPERATURKOMPENSATION<\/p>\n<\/li>\n<li>\n<p data-path-to-node=\"3,11,0\">LINEARE Kompensation<\/p>\n<\/li>\n<li>\n<p data-path-to-node=\"3,12,0\">AUFL\u00d6SUNGS-Wahl 0,1\/0,01\/0,001\/0,0001 mm, auch in Zoll<\/p>\n<\/li>\n<li>\n<p data-path-to-node=\"3,13,0\">Kalibrierdatumskontrolle<\/p>\n<\/li>\n<li>\n<p data-path-to-node=\"3,14,0\">Wiederaufladbarer Li-Pol-Akku mit Micro-USB-Buchse<\/p>\n<\/li>\n<li>\n<p data-path-to-node=\"3,15,0\">FIRMWARE-Update \u00fcber USB-Kabel<\/p>\n<\/li>\n<li>\n<p data-path-to-node=\"3,16,0\">Drahtlose Daten\u00fcbertragung mit hoher Reichweite zur MICROTECH MDS-App f\u00fcr Windows, Android, iOS (kostenlose Versionen). Laden Sie die MICROTECH MDS-App \u00fcber den Link zur MDS-App herunter.<\/p>\n<\/li>\n<li>\n<p data-path-to-node=\"3,17,0\">Drahtlose HID-Daten\u00fcbertragung an jedes System und jede App (Tastaturmodus) mit Datenkonfigurationsm\u00f6glichkeiten<\/p>\n<\/li>\n<li>\n<p data-path-to-node=\"3,18,0\">Optionaler MODBUS-SPS-Datenausgang (4-Draht, RS-485) mit Datenkonfigurationsm\u00f6glichkeiten<\/p>\n<\/li>\n<li>\n<p data-path-to-node=\"3,19,0\">USB-HID-Daten\u00fcbertragung an jedes System und jede App (Tastaturmodus) mit Datenkonfigurationsm\u00f6glichkeiten<\/p>\n<\/li>\n<\/ul>\n<p data-path-to-node=\"4\">Alle MICROTECH-Mikrometer verf\u00fcgen \u00fcber handgefertigte Messfl\u00e4chen (Ra &lt; 0,32) und durchlaufen die metrologische Kontrolle in einem nach ISO 17025 ILAC akkreditierten Labor.<\/p>\n<p data-path-to-node=\"5\">AUF KUNDENWUNSCH K\u00d6NNEN ZUS\u00c4TZLICHE FUNKTIONEN UND FORMELN ZU DEN INDUSTRIE 4.0 MIKROMETERN HINZUGEF\u00dcGT WERDEN.<\/p>\n","protected":false},"excerpt":{"rendered":"<p>MICROTECH Fertigung: Labor-Tablet-Mikrometer mit Sub-Mikron-Aufl\u00f6sung, angepasst an Industrie 4.0. Tablet-Mikrometer verwenden ein computergest\u00fctztes Messsystem, das von MICROTECH entwickelt und patentiert wurde (Patente UA126928, UA99686), mit einer Aufl\u00f6sung von 0,1 Mikron und einer Genauigkeit von bis zu 1 Mikron.<\/p>\n","protected":false},"featured_media":42196,"template":"","meta":{"_acf_changed":false},"product_brand":[6886],"product_cat":[5084,5078],"product_tag":[],"class_list":{"0":"post-42195","1":"product","2":"type-product","3":"status-publish","4":"has-post-thumbnail","6":"product_brand-microtech","7":"product_cat-computerisierte-mikrometer","8":"product_cat-mikrometer","9":"pa_battery-li_pol","10":"pa_calibration-iso17025","11":"pa_dataoutput-usbhid","12":"pa_dataoutput-wireless","13":"pa_dataoutput-wirelesshid","14":"pa_indication-computerized2_4","15":"pa_measrange-0_25mm0_1inch","16":"pa_measrange-0-50-mm","17":"pa_resolution_mm-5913","19":"first","20":"instock","21":"shipping-taxable","22":"purchasable","23":"product-type-variable"},"acf":[],"_links":{"self":[{"href":"https:\/\/microtech.tools\/de\/wp-json\/wp\/v2\/product\/42195","targetHints":{"allow":["GET"]}}],"collection":[{"href":"https:\/\/microtech.tools\/de\/wp-json\/wp\/v2\/product"}],"about":[{"href":"https:\/\/microtech.tools\/de\/wp-json\/wp\/v2\/types\/product"}],"wp:featuredmedia":[{"embeddable":true,"href":"https:\/\/microtech.tools\/de\/wp-json\/wp\/v2\/media\/42196"}],"wp:attachment":[{"href":"https:\/\/microtech.tools\/de\/wp-json\/wp\/v2\/media?parent=42195"}],"wp:term":[{"taxonomy":"product_brand","embeddable":true,"href":"https:\/\/microtech.tools\/de\/wp-json\/wp\/v2\/product_brand?post=42195"},{"taxonomy":"product_cat","embeddable":true,"href":"https:\/\/microtech.tools\/de\/wp-json\/wp\/v2\/product_cat?post=42195"},{"taxonomy":"product_tag","embeddable":true,"href":"https:\/\/microtech.tools\/de\/wp-json\/wp\/v2\/product_tag?post=42195"}],"curies":[{"name":"wp","href":"https:\/\/api.w.org\/{rel}","templated":true}]}}