{"id":42212,"date":"2023-03-13T13:19:52","date_gmt":"2023-03-13T10:19:52","guid":{"rendered":"https:\/\/microtech.tools\/?post_type=product&#038;p=42212"},"modified":"2026-03-19T17:05:23","modified_gmt":"2026-03-19T14:05:23","slug":"datamet-labor-tisch-sub-mikron-buegelmessschraube-mit-rotierender-spindel","status":"publish","type":"product","link":"https:\/\/microtech.tools\/de\/produkt\/datamet-labor-tisch-sub-mikron-buegelmessschraube-mit-rotierender-spindel\/","title":{"rendered":"DataMet Labor-Tisch-Sub-Mikron-B\u00fcgelmessschraube mit rotierender Spindel"},"content":{"rendered":"<p data-path-to-node=\"1\">MICROTECH Labor-Tablet-Sub-Mikron-B\u00fcgelmessschraube f\u00fcr Industrie 4.0 Tablet-B\u00fcgelmessschrauben verwenden ein computergest\u00fctztes Messsystem, das von MICROTECH entwickelt und patentiert wurde (Patente UA126928, UA99686), mit einer Aufl\u00f6sung von 0,1 Mikron und einer Genauigkeit von bis zu 1 Mikron. Die MICROTECH LAB B\u00fcgelmessschraube basiert auf einer stabilen Tischkonstruktion mit einem Sub-Mikron-Tablet-Messkopf. Labor-B\u00fcgelmessschraube mit einem Messbereich von 25 und 50 mm oder bis zu 650 mm in der Modifikation mit beweglichem Amboss (patentiertes Gleitrollensystem).<\/p>\n<p data-path-to-node=\"2\">Das TABLET-Messmodul der Labor-B\u00fcgelmessschraube verf\u00fcgt \u00fcber folgende Funktionen:<\/p>\n<ul data-path-to-node=\"3\">\n<li>\n<p data-path-to-node=\"3,0,0\">Online-GRAFIK-Modus<\/p>\n<\/li>\n<li>\n<p data-path-to-node=\"3,1,0\">Farbige einstellbare ANALOG-Skala<\/p>\n<\/li>\n<li>\n<p data-path-to-node=\"3,2,0\">HUB-Verbindung (Anschluss externer drahtloser MICROTECH-Ger\u00e4te)<\/p>\n<\/li>\n<li>\n<p data-path-to-node=\"3,3,0\">2D-Verbindungsm\u00f6glichkeiten (drahtlose Verbindung und Anzeige externer Ger\u00e4te)<\/p>\n<\/li>\n<li>\n<p data-path-to-node=\"3,4,0\">Taster-Verbindung (drahtlose Verbindung f\u00fcr externe Messuhren oder F\u00fchlhebelmessger\u00e4te) mit AUTO-Modus<\/p>\n<\/li>\n<li>\n<p data-path-to-node=\"3,5,0\">Interner SPEICHER f\u00fcr 2000 Werte mit Ordnersystem und Statistik<\/p>\n<\/li>\n<li>\n<p data-path-to-node=\"3,6,0\">GRENZWERT-Funktion (Gut\/Ausschuss) mit Farbanzeige<\/p>\n<\/li>\n<li>\n<p data-path-to-node=\"3,7,0\">PEAK (Max\/Min)<\/p>\n<\/li>\n<li>\n<p data-path-to-node=\"3,8,0\">TIMER<\/p>\n<\/li>\n<li>\n<p data-path-to-node=\"3,9,0\">FORMEL Ax2+Bx+C<\/p>\n<\/li>\n<li>\n<p data-path-to-node=\"3,10,0\">Manuelle TEMPERATURKOMPENSATION<\/p>\n<\/li>\n<li>\n<p data-path-to-node=\"3,11,0\">LINEARE Kompensation<\/p>\n<\/li>\n<li>\n<p data-path-to-node=\"3,12,0\">W\u00e4hlbare AUFL\u00d6SUNG 0,1\/0,01\/0,001\/0,0001 mm sowie in Zoll<\/p>\n<\/li>\n<li>\n<p data-path-to-node=\"3,13,0\">Kontrolle des KALIBRIERdatums<\/p>\n<\/li>\n<li>\n<p data-path-to-node=\"3,14,0\">Wiederaufladbarer Li-Pol-Akku mit Micro-USB-Buchse<\/p>\n<\/li>\n<li>\n<p data-path-to-node=\"3,15,0\">FIRMWARE-Update \u00fcber USB-Kabel<\/p>\n<\/li>\n<\/ul>\n<p data-path-to-node=\"4\">Drahtlose Daten\u00fcbertragung mit hoher Reichweite zur MICROTECH MDS-App f\u00fcr Windows, Android, iOS (KOSTENLOSE Versionen). Drahtlose HID-Daten\u00fcbertragung an beliebige Systeme und Apps (Tastaturmodus) mit Datenkonfigurationsm\u00f6glichkeiten. Optionaler MODBUS PLC-Datenausgang (4-Draht, RS-485) mit Datenkonfigurationsm\u00f6glichkeiten. USB-HID-Daten\u00fcbertragung an beliebige Systeme und Apps (Tastaturmodus) mit Datenkonfigurationsm\u00f6glichkeiten.<\/p>\n<p data-path-to-node=\"5\">Alle MICROTECH B\u00fcgelmessschrauben verf\u00fcgen \u00fcber handgel\u00e4ppte Messfl\u00e4chen (Ra&lt;0,32) und durchlaufen die metrologische Kontrolle in einem nach ISO 17025 ILAC akkreditierten Labor.<\/p>\n<p data-path-to-node=\"6\">ES IST M\u00d6GLICH, AUF KUNDENWUNSCH ZUS\u00c4TZLICHE FUNKTIONEN UND FORMELN ZU DEN INDUSTRIE 4.0 B\u00dcGELMESSSCHRAUBEN HINZUZUF\u00dcGEN.<\/p>\n","protected":false},"excerpt":{"rendered":"<p>MICROTECH Labor-Tablet-Sub-Mikron-B\u00fcgelmessschraube f\u00fcr Industrie 4.0 Tablet-B\u00fcgelmessschrauben verwenden ein computergest\u00fctztes Messsystem, das von MICROTECH entwickelt und patentiert wurde (Patente UA126928, UA99686), mit einer Aufl\u00f6sung von 0,1 Mikron und einer Genauigkeit von bis zu 1 Mikron.<\/p>\n","protected":false},"featured_media":42218,"template":"","meta":{"_acf_changed":false},"product_brand":[6886],"product_cat":[5084,5078],"product_tag":[],"class_list":{"0":"post-42212","1":"product","2":"type-product","3":"status-publish","4":"has-post-thumbnail","6":"product_brand-microtech","7":"product_cat-computerisierte-mikrometer","8":"product_cat-mikrometer","9":"pa_battery-li_pol","10":"pa_calibration-iso17025","11":"pa_dataoutput-usbhid","12":"pa_dataoutput-wireless","13":"pa_dataoutput-wirelesshid","14":"pa_indication-computerized2_4","15":"pa_measrange-0_25mm0_1inch","16":"pa_measrange-0-50-mm","17":"pa_resolution_mm-5913","19":"first","20":"instock","21":"shipping-taxable","22":"purchasable","23":"product-type-variable"},"acf":[],"_links":{"self":[{"href":"https:\/\/microtech.tools\/de\/wp-json\/wp\/v2\/product\/42212","targetHints":{"allow":["GET"]}}],"collection":[{"href":"https:\/\/microtech.tools\/de\/wp-json\/wp\/v2\/product"}],"about":[{"href":"https:\/\/microtech.tools\/de\/wp-json\/wp\/v2\/types\/product"}],"wp:featuredmedia":[{"embeddable":true,"href":"https:\/\/microtech.tools\/de\/wp-json\/wp\/v2\/media\/42218"}],"wp:attachment":[{"href":"https:\/\/microtech.tools\/de\/wp-json\/wp\/v2\/media?parent=42212"}],"wp:term":[{"taxonomy":"product_brand","embeddable":true,"href":"https:\/\/microtech.tools\/de\/wp-json\/wp\/v2\/product_brand?post=42212"},{"taxonomy":"product_cat","embeddable":true,"href":"https:\/\/microtech.tools\/de\/wp-json\/wp\/v2\/product_cat?post=42212"},{"taxonomy":"product_tag","embeddable":true,"href":"https:\/\/microtech.tools\/de\/wp-json\/wp\/v2\/product_tag?post=42212"}],"curies":[{"name":"wp","href":"https:\/\/api.w.org\/{rel}","templated":true}]}}