{"id":42226,"date":"2025-09-19T11:46:53","date_gmt":"2025-09-19T08:46:53","guid":{"rendered":"https:\/\/microtech.tools\/?post_type=product&#038;p=42226"},"modified":"2026-03-19T17:28:59","modified_gmt":"2026-03-19T14:28:59","slug":"modbus-datamet-tisch-sub-mikron-buegelmessschraube-mit-nichtrotierender-spindel","status":"publish","type":"product","link":"https:\/\/microtech.tools\/de\/produkt\/modbus-datamet-tisch-sub-mikron-buegelmessschraube-mit-nichtrotierender-spindel\/","title":{"rendered":"Modbus DataMet Tisch-Sub-Mikron-B\u00fcgelmessschraube mit nichtrotierender Spindel"},"content":{"rendered":"<p data-path-to-node=\"1\">MICROTECH fertigt Modbus Labor-Tablet-Sub-Mikron-B\u00fcgelmessschrauben, angepasst an Industrie 4.0.<\/p>\n<p data-path-to-node=\"2\">Tablet-B\u00fcgelmessschrauben verwenden ein computergest\u00fctztes Messsystem, das von MICROTECH entwickelt und patentiert wurde (Patente UA126928, UA99686), mit einer Aufl\u00f6sung von 0,5 Mikron und einer Genauigkeit von bis zu 2 Mikron.<\/p>\n<p data-path-to-node=\"3\">Die MICROTECH LAB-B\u00fcgelmessschraube basiert auf einer soliden Tischkonstruktion mit einem Sub-Mikron-Tablet-Messkopf.<\/p>\n<p data-path-to-node=\"4\">Labor-B\u00fcgelmessschraube mit einem Messbereich von 50 mm.<\/p>\n<p data-path-to-node=\"5\">Das TABLET-Messmodul der Labor-B\u00fcgelmessschraube verf\u00fcgt \u00fcber folgende Funktionen:<\/p>\n<ul data-path-to-node=\"6\">\n<li>\n<p data-path-to-node=\"6,0,0\">Online-GRAFIK-Modus<\/p>\n<\/li>\n<li>\n<p data-path-to-node=\"6,1,0\">Einstellbare farbige ANALOG-Skala<\/p>\n<\/li>\n<li>\n<p data-path-to-node=\"6,2,0\">HUB-Verbindung (Anschluss externer drahtloser MICROTECH-Ger\u00e4te)<\/p>\n<\/li>\n<li>\n<p data-path-to-node=\"6,3,0\">2D-Anschlussm\u00f6glichkeiten (drahtlose Verbindung und Anzeige externer Ger\u00e4te)<\/p>\n<\/li>\n<li>\n<p data-path-to-node=\"6,4,0\">PROBE-Anschluss (drahtlose Verbindung von externen Messuhren oder F\u00fchlhebelmessger\u00e4ten) mit AUTO-Modus<\/p>\n<\/li>\n<li>\n<p data-path-to-node=\"6,5,0\">Interner SPEICHER f\u00fcr 2000 Werte mit Ordnersystem und Statistik<\/p>\n<\/li>\n<li>\n<p data-path-to-node=\"6,6,0\">GRENZWERT-Funktion (Gut\/Ausschuss) mit Farbanzeige<\/p>\n<\/li>\n<li>\n<p data-path-to-node=\"6,7,0\">PEAK (Max\/Min)<\/p>\n<\/li>\n<li>\n<p data-path-to-node=\"6,8,0\">TIMER<\/p>\n<\/li>\n<li>\n<p data-path-to-node=\"6,9,0\">FORMEL Ax2+Bx+C<\/p>\n<\/li>\n<li>\n<p data-path-to-node=\"6,10,0\">Manuelle TEMPERATURKOMPENSATION<\/p>\n<\/li>\n<li>\n<p data-path-to-node=\"6,11,0\">LINEARE Kompensation<\/p>\n<\/li>\n<li>\n<p data-path-to-node=\"6,12,0\">W\u00e4hlbare AUFL\u00d6SUNG 0,1\/0,01\/0,001\/0,0001 mm, auch in Zoll<\/p>\n<\/li>\n<li>\n<p data-path-to-node=\"6,13,0\">KONTROLLE des Kalibrierdatums<\/p>\n<\/li>\n<li>\n<p data-path-to-node=\"6,14,0\">Wiederaufladbarer Li-Pol-Akku mit Micro-USB-Buchse<\/p>\n<\/li>\n<li>\n<p data-path-to-node=\"6,15,0\">FIRMWARE-Update \u00fcber USB-Kabel<\/p>\n<\/li>\n<li>\n<p data-path-to-node=\"6,16,0\">DRAHTLOSE Daten\u00fcbertragung mit hoher Reichweite an die MICROTECH MDS-App f\u00fcr Windows, Android, iOS (KOSTENLOSE Versionen). Laden Sie die MICROTECH MDS-App herunter.<\/p>\n<\/li>\n<li>\n<p data-path-to-node=\"6,17,0\">DRAHTLOSE HID-Daten\u00fcbertragung an jedes System und jede App (Tastaturmodus) mit Datenkonfigurationsm\u00f6glichkeiten<\/p>\n<\/li>\n<li>\n<p data-path-to-node=\"6,18,0\">Optionaler MODBUS PLC-Datenausgang (4-Draht, RS-485) mit Datenkonfigurationsm\u00f6glichkeiten<\/p>\n<\/li>\n<li>\n<p data-path-to-node=\"6,19,0\">USB HID-Daten\u00fcbertragung an jedes System und jede App (Tastaturmodus) mit Datenkonfigurationsm\u00f6glichkeiten<\/p>\n<\/li>\n<\/ul>\n<p data-path-to-node=\"7\">Alle MICROTECH B\u00fcgelmessschrauben verf\u00fcgen \u00fcber handgefertigte Messfl\u00e4chen (Ra &lt; 0,32) und bestehen die metrologische Kontrolle in einem nach ISO 17025 ILAC akkreditierten Labor.<\/p>\n<p data-path-to-node=\"8\">AUF KUNDENWUNSCH K\u00d6NNEN ZUS\u00c4TZLICHE FUNKTIONEN UND FORMELN ZU DEN INDUSTRIE 4.0 B\u00dcGELMESSSCHRAUBEN HINZUGEF\u00dcGT WERDEN.<\/p>\n","protected":false},"excerpt":{"rendered":"<p data-path-to-node=\"1\">MICROTECH fertigt Modbus Labor-Tablet-Sub-Mikron-B\u00fcgelmessschrauben, angepasst an Industrie 4.0.<\/p>\n<p data-path-to-node=\"2\">Tablet-B\u00fcgelmessschrauben verwenden ein computergest\u00fctztes Messsystem, das von MICROTECH entwickelt und patentiert wurde (Patente UA126928, UA99686), mit einer Aufl\u00f6sung von 0,5 Mikron und einer Genauigkeit von bis zu 2 Mikron.<\/p>\n","protected":false},"featured_media":42227,"template":"","meta":{"_acf_changed":false},"product_brand":[6886],"product_cat":[5084],"product_tag":[],"class_list":{"0":"post-42226","1":"product","2":"type-product","3":"status-publish","4":"has-post-thumbnail","6":"product_brand-microtech","7":"product_cat-computerisierte-mikrometer","8":"pa_battery-li_pol","9":"pa_calibration-iso17025","10":"pa_dataoutput-usbhid","11":"pa_dataoutput-wireless","12":"pa_dataoutput-wirelesshid","13":"pa_indication-computerized2_4","14":"pa_measrange-0_25mm0_1inch","15":"pa_measrange-0-50-mm","16":"pa_resolution_mm-0-0005","18":"first","19":"instock","20":"shipping-taxable","21":"purchasable","22":"product-type-variable"},"acf":[],"_links":{"self":[{"href":"https:\/\/microtech.tools\/de\/wp-json\/wp\/v2\/product\/42226","targetHints":{"allow":["GET"]}}],"collection":[{"href":"https:\/\/microtech.tools\/de\/wp-json\/wp\/v2\/product"}],"about":[{"href":"https:\/\/microtech.tools\/de\/wp-json\/wp\/v2\/types\/product"}],"wp:featuredmedia":[{"embeddable":true,"href":"https:\/\/microtech.tools\/de\/wp-json\/wp\/v2\/media\/42227"}],"wp:attachment":[{"href":"https:\/\/microtech.tools\/de\/wp-json\/wp\/v2\/media?parent=42226"}],"wp:term":[{"taxonomy":"product_brand","embeddable":true,"href":"https:\/\/microtech.tools\/de\/wp-json\/wp\/v2\/product_brand?post=42226"},{"taxonomy":"product_cat","embeddable":true,"href":"https:\/\/microtech.tools\/de\/wp-json\/wp\/v2\/product_cat?post=42226"},{"taxonomy":"product_tag","embeddable":true,"href":"https:\/\/microtech.tools\/de\/wp-json\/wp\/v2\/product_tag?post=42226"}],"curies":[{"name":"wp","href":"https:\/\/api.w.org\/{rel}","templated":true}]}}