{"id":42395,"date":"2023-03-06T13:41:48","date_gmt":"2023-03-06T10:41:48","guid":{"rendered":"https:\/\/microtech.tools\/?post_type=product&#038;p=42395"},"modified":"2026-05-11T09:53:50","modified_gmt":"2026-05-11T06:53:50","slug":"datamet-modulare-messschraube-drahtlos","status":"publish","type":"product","link":"https:\/\/microtech.tools\/de\/produkt\/datamet-modulare-messschraube-drahtlos\/","title":{"rendered":"DataMet computergest\u00fctzte Modulare messschraube"},"content":{"rendered":"<p data-path-to-node=\"0\">Die modulare messschraube drahtlos wurde von MICROTECH entwickelt.<\/p>\n<p data-path-to-node=\"1\">Verf\u00fcgbare Messbereiche 1000, 1500, 2000, 3000, 4000, 5000, 6000, 8000, 9000, 10000 mm (40, 60, 80, 120, 160, 200, 240, 280, 300, 320, 360, 400 Zoll) und Sonderbereiche k\u00f6nnen auf Anfrage gefertigt werden.<\/p>\n<p data-path-to-node=\"2\">Bei modularen B\u00fcgelmessschrauben mit gro\u00dfem Messbereich wird ein computergest\u00fctzter Messkopf mit einem Messbereich von 50 mm und Einstellringen verwendet. Solche B\u00fcgelmessschrauben k\u00f6nnen Bauteile in Bereichen von 500 oder 1000 mm entsprechend dem Gesamtbereich messen.<\/p>\n<p data-path-to-node=\"3\">Diese gro\u00dfen B\u00fcgelmessschrauben bestehen aus Modulen f\u00fcr den einfachen Transport und k\u00f6nnen problemlos innerhalb von 10-20 Minuten zusammengebaut werden.<\/p>\n<p data-path-to-node=\"4\">Der Hauptvorteil dieser Pr\u00e4zisions-B\u00fcgelmessschraube ist die Verwendung des computergest\u00fctzten Messsystems von MICROTECH. Es bietet die M\u00f6glichkeit einer Aufl\u00f6sung von 0,1 Mikron und eine h\u00f6here Genauigkeit als die B\u00fcgelmessschrauben der Wettbewerber.<\/p>\n<p data-path-to-node=\"5\">Zudem ist das computergest\u00fctzte Messmodul der B\u00fcgelmessschraube mit einem internen Speicher, Gut\/Ausschuss-Funktionen mit Farbanzeige, Max\/Min, Formelfunktion, manueller Temperatur- und Fehlerkompensation ausgestattet. Farbdisplay und Touchscreen sorgen f\u00fcr eine hohe Benutzerfreundlichkeit der Sub-Mikron B\u00fcgelmessschraube.<\/p>\n<p data-path-to-node=\"6\">Dank des eingebauten wiederaufladbaren Li-Pol-Akkus ist es nicht notwendig, zus\u00e4tzliches Geld f\u00fcr Batterien auszugeben. Das integrierte drahtlose Daten\u00fcbertragungsmodul erm\u00f6glicht die \u00dcbertragung von Messdaten und Daten aus dem Speicher an die MICROTECH MDS-Software. Es gibt Software-Modifikationen f\u00fcr Windows-, Android- und iOS-Ger\u00e4te.<\/p>\n<p data-path-to-node=\"7\">Es ist auch m\u00f6glich, die USB-Buchse am computergest\u00fctzten MICROTECH-Instrument zu verwenden, um Daten mit dem Kabel aus dem Set direkt an die Windows-Anwendung zu \u00fcbertragen.<\/p>\n<p data-path-to-node=\"8\">Alle B\u00fcgelmessschrauben mit gro\u00dfem Messbereich durchlaufen eine metrologische Kontrolle in einem akkreditierten ISO 17025 Labor mit Kalibrierzertifikat.<\/p>\n<p data-path-to-node=\"9\">Eine modulare B\u00fcgelmessschraube wird aus einzelnen Modulen zusammengebaut, deren L\u00e4nge aufgrund der Transportfreundlichkeit gew\u00e4hlt wird (max. 2100 mm Gr\u00f6\u00dfe):<\/p>\n<ul data-path-to-node=\"10\">\n<li>\n<p data-path-to-node=\"10,0,0\">F\u00fcr eine B\u00fcgelmessschraube mit 3000 mm Messbereich reichen 3 Module aus;<\/p>\n<\/li>\n<li>\n<p data-path-to-node=\"10,1,0\">F\u00fcr eine B\u00fcgelmessschraube mit 10000 mm Messbereich werden 10 Module empfohlen.<\/p>\n<\/li>\n<\/ul>\n<p data-path-to-node=\"11\">Die Komponenten (Module) werden mit 2 (zwei) Flanschen befestigt, von denen jeder 4 (vier) Bolzen mit Schnellverschlussmuttern besitzt. Die Bolzen-Mutter-Verbindung dauert etwa 1 (eine) Minute, so dass die Gesamtzeit f\u00fcr den Zusammenbau der Rachenlehre der modularen B\u00fcgelmessschraube betr\u00e4gt:<\/p>\n<ul data-path-to-node=\"12\">\n<li>\n<p data-path-to-node=\"12,0,0\">F\u00fcr 3000 mm Bereich ca. 16-20 Minuten;<\/p>\n<\/li>\n<li>\n<p data-path-to-node=\"12,1,0\">F\u00fcr 4000 mm Bereich ca. 25-30 Minuten;<\/p>\n<\/li>\n<li>\n<p data-path-to-node=\"12,2,0\">F\u00fcr 5000 mm Bereich ca. 40-50 Minuten;<\/p>\n<\/li>\n<li>\n<p data-path-to-node=\"12,3,0\">F\u00fcr 6000 mm Bereich ca. 50-60 Minuten<\/p>\n<\/li>\n<li>\n<p data-path-to-node=\"12,4,0\">Patent UA 99688, UA103981, UA126926, UA108044, UA112291, UA116231 von MICROTECH<\/p>\n<\/li>\n<li>\n<p data-path-to-node=\"12,5,0\">Eingebauter Mikrocomputer mit 1,5 Zoll Farb-Touchscreen-Display<\/p>\n<\/li>\n<li>\n<p data-path-to-node=\"12,6,0\">Mathematische Fehlerkompensation<\/p>\n<\/li>\n<li>\n<p data-path-to-node=\"12,7,0\">Temperaturkompensation von Bauteilen mit den Materialien: Aluminium, Eisen, Kupfer, Glas im Bereich 0-50 Grad C (interner Sensor)<\/p>\n<\/li>\n<li>\n<p data-path-to-node=\"12,8,0\">Erweiterte Funktionen (TOL, MAX\/MIN, RANGE, DATA, ZERO usw.)<\/p>\n<\/li>\n<li>\n<p data-path-to-node=\"12,9,0\">Integrierte drahtlose Low-Energy-Daten\u00fcbertragung auf Windows-, Android- und iOS-Ger\u00e4te mit einer Reichweite von bis zu 10 m<\/p>\n<\/li>\n<li>\n<p data-path-to-node=\"12,10,0\">USB-Anschluss an Windows-PC im Tastatur- oder Normalmodus (Kabel inklusive)<\/p>\n<\/li>\n<li>\n<p data-path-to-node=\"12,11,0\">Integrierter wiederaufladbarer Li-Pol-Akku<\/p>\n<\/li>\n<li>\n<p data-path-to-node=\"12,12,0\">SPC-Software f\u00fcr Windows-, Android- und iOS-Ger\u00e4te KOSTENLOS<\/p>\n<\/li>\n<li>\n<p data-path-to-node=\"12,13,0\">100% metrologische Kontrolle im akkreditierten Labor nach ISO17025 (Ilac MRA)<\/p>\n<\/li>\n<\/ul>\n","protected":false},"excerpt":{"rendered":"<p data-path-to-node=\"0\">Die computergest\u00fctzte modulare messschraube drahtlos wurde von MICROTECH entwickelt.<\/p>\n<p data-path-to-node=\"1\">Verf\u00fcgbare Messbereiche 1000, 1500, 2000, 3000, 4000, 5000, 6000, 8000, 9000, 10000 mm (40, 60, 80, 120, 160, 200, 240, 280, 300, 320, 360, 400 Zoll) und Sonderbereiche k\u00f6nnen auf Anfrage gefertigt werden.<\/p>\n","protected":false},"featured_media":42402,"template":"","meta":{"_acf_changed":false},"product_brand":[6886],"product_cat":[5116,5078],"product_tag":[],"class_list":{"0":"post-42395","1":"product","2":"type-product","3":"status-publish","4":"has-post-thumbnail","6":"product_brand-microtech","7":"product_cat-grosbereichsmikrometer","8":"product_cat-mikrometer","9":"pa_battery-li_pol","10":"pa_dataoutput-usbhid","11":"pa_dataoutput-wireless","12":"pa_dataoutput-wirelesshid","13":"pa_indication-computerized2_4","14":"pa_measrange-1000-1500-mm-40-60-inch","15":"pa_measrange-1500-2000-mm-60-80-inch","16":"pa_measrange-2000-3000-mm-80-120-inch","17":"pa_measrange-3000-4000-mm-120-160-inch","18":"pa_measrange-4000-5000-mm-160-200-inch","19":"pa_measrange-5000-6000-mm-200-240-inch","20":"pa_measrange-6000-7000-mm-240-280-inch","21":"pa_measrange-7000-8000-mm-280-320-inch","22":"pa_measrange-8000-9000-mm-320-360-inch","23":"pa_measrange-9000-10000-mm-360-400-inch","24":"pa_resolution_mm-5913","26":"first","27":"instock","28":"shipping-taxable","29":"purchasable","30":"product-type-variable"},"acf":[],"_links":{"self":[{"href":"https:\/\/microtech.tools\/de\/wp-json\/wp\/v2\/product\/42395","targetHints":{"allow":["GET"]}}],"collection":[{"href":"https:\/\/microtech.tools\/de\/wp-json\/wp\/v2\/product"}],"about":[{"href":"https:\/\/microtech.tools\/de\/wp-json\/wp\/v2\/types\/product"}],"wp:featuredmedia":[{"embeddable":true,"href":"https:\/\/microtech.tools\/de\/wp-json\/wp\/v2\/media\/42402"}],"wp:attachment":[{"href":"https:\/\/microtech.tools\/de\/wp-json\/wp\/v2\/media?parent=42395"}],"wp:term":[{"taxonomy":"product_brand","embeddable":true,"href":"https:\/\/microtech.tools\/de\/wp-json\/wp\/v2\/product_brand?post=42395"},{"taxonomy":"product_cat","embeddable":true,"href":"https:\/\/microtech.tools\/de\/wp-json\/wp\/v2\/product_cat?post=42395"},{"taxonomy":"product_tag","embeddable":true,"href":"https:\/\/microtech.tools\/de\/wp-json\/wp\/v2\/product_tag?post=42395"}],"curies":[{"name":"wp","href":"https:\/\/api.w.org\/{rel}","templated":true}]}}