{"id":42836,"date":"2023-03-13T13:24:55","date_gmt":"2023-03-13T10:24:55","guid":{"rendered":"https:\/\/microtech.tools\/?post_type=product&#038;p=42836"},"modified":"2026-03-19T17:05:07","modified_gmt":"2026-03-19T14:05:07","slug":"certimet-digitale-rohr-buegelmessschraube-ip65","status":"publish","type":"product","link":"https:\/\/microtech.tools\/de\/produkt\/certimet-digitale-rohr-buegelmessschraube-ip65\/","title":{"rendered":"CertiMet Digitale Rohr-B\u00fcgelmessschraube IP65"},"content":{"rendered":"<p data-path-to-node=\"1\">Die digitale Rohr-B\u00fcgelmessschraube von MICROTECH mit IP65-Wasserschutz verf\u00fcgt \u00fcber einen Messkopf mit Gef\u00fchlsratsche f\u00fcr eine einfache Bedienung.<\/p>\n<p data-path-to-node=\"2\">MICROTECH verwendet bei dieser B\u00fcgelmessschraube eine Elektronik mit Mikron-Aufl\u00f6sung und IP65-Schutz. Alle MICROTECH B\u00fcgelmessschrauben durchlaufen eine metrologische Kontrolle in einem nach ISO 17025 akkreditierten Labor (Ilac) mit Kalibrierprotokoll.<\/p>\n<ul data-path-to-node=\"3\">\n<li>\n<p data-path-to-node=\"3,0,0\">Hohe Genauigkeit bis zu +\/-3 Mikron<\/p>\n<\/li>\n<li>\n<p data-path-to-node=\"3,1,0\">B\u00fcgelmessschrauben-Messk\u00f6pfe mit Gef\u00fchlsratsche<\/p>\n<\/li>\n<li>\n<p data-path-to-node=\"3,2,0\">IP65 Wasserdicht<\/p>\n<\/li>\n<li>\n<p data-path-to-node=\"3,3,0\">Handgefertigte Messfl\u00e4chen und B\u00fcgelmessschrauben-Spindelmechanismus<\/p>\n<\/li>\n<li>\n<p data-path-to-node=\"3,4,0\">CR2032 (3V) Batterie<\/p>\n<\/li>\n<li>\n<p data-path-to-node=\"3,5,0\">Schlafmodus nach 10 Minuten Nichtbenutzung<\/p>\n<\/li>\n<li>\n<p data-path-to-node=\"3,6,0\">100% metrologische Kontrolle im nach ISO17025 akkreditierten Labor (Ilac MRA)<\/p>\n<\/li>\n<\/ul>\n","protected":false},"excerpt":{"rendered":"<p data-path-to-node=\"1\">Die digitale Rohr-B\u00fcgelmessschraube von MICROTECH mit IP65-Wasserschutz verf\u00fcgt \u00fcber einen Messkopf mit Gef\u00fchlsratsche f\u00fcr eine einfache Bedienung.<\/p>\n<p data-path-to-node=\"2\">MICROTECH verwendet bei dieser B\u00fcgelmessschraube eine Elektronik mit Mikron-Aufl\u00f6sung und IP65-Schutz<\/p>\n","protected":false},"featured_media":42841,"template":"","meta":{"_acf_changed":false},"product_brand":[6886],"product_cat":[5078,5112],"product_tag":[],"class_list":{"0":"post-42836","1":"product","2":"type-product","3":"status-publish","4":"has-post-thumbnail","6":"product_brand-microtech","7":"product_cat-mikrometer","8":"product_cat-rohrmikrometer","9":"pa_battery-cr2032","10":"pa_indication-digital","11":"pa_measrange-0_25mm0_1inch","12":"pa_measrange-25_50mm1_2inch","13":"pa_measrange-50_75mm2_3inch","14":"pa_measrange-75_100mm3_4inch","15":"pa_resolution_mm-5921","17":"first","18":"instock","19":"shipping-taxable","20":"purchasable","21":"product-type-variable"},"acf":[],"_links":{"self":[{"href":"https:\/\/microtech.tools\/de\/wp-json\/wp\/v2\/product\/42836","targetHints":{"allow":["GET"]}}],"collection":[{"href":"https:\/\/microtech.tools\/de\/wp-json\/wp\/v2\/product"}],"about":[{"href":"https:\/\/microtech.tools\/de\/wp-json\/wp\/v2\/types\/product"}],"wp:featuredmedia":[{"embeddable":true,"href":"https:\/\/microtech.tools\/de\/wp-json\/wp\/v2\/media\/42841"}],"wp:attachment":[{"href":"https:\/\/microtech.tools\/de\/wp-json\/wp\/v2\/media?parent=42836"}],"wp:term":[{"taxonomy":"product_brand","embeddable":true,"href":"https:\/\/microtech.tools\/de\/wp-json\/wp\/v2\/product_brand?post=42836"},{"taxonomy":"product_cat","embeddable":true,"href":"https:\/\/microtech.tools\/de\/wp-json\/wp\/v2\/product_cat?post=42836"},{"taxonomy":"product_tag","embeddable":true,"href":"https:\/\/microtech.tools\/de\/wp-json\/wp\/v2\/product_tag?post=42836"}],"curies":[{"name":"wp","href":"https:\/\/api.w.org\/{rel}","templated":true}]}}