{"id":42929,"date":"2023-03-13T13:24:14","date_gmt":"2023-03-13T10:24:14","guid":{"rendered":"https:\/\/microtech.tools\/?post_type=product&#038;p=42929"},"modified":"2026-03-19T17:05:18","modified_gmt":"2026-03-19T14:05:18","slug":"computergestuetzte-datamet-buegelmessschraube-mit-messklingen","status":"publish","type":"product","link":"https:\/\/microtech.tools\/de\/produkt\/computergestuetzte-datamet-buegelmessschraube-mit-messklingen\/","title":{"rendered":"Computergest\u00fctzte DataMet B\u00fcgelmessschraube mit Messklingen"},"content":{"rendered":"<p>Die computergest\u00fctzte MICROTECH B\u00fcgelmessschraube mit Messklingen und IP65-Wasserschutz verf\u00fcgt \u00fcber einen Messkopf mit Gef\u00fchlsratsche f\u00fcr eine einfache Bedienung. Sie ist in Messbereichen von 25, 50, 75, 100 mm verf\u00fcgbar. MICROTECH verwendet bei dieser B\u00fcgelmessschraube mit Messklingen eine Elektronik mit Mikron-Aufl\u00f6sung in einem hochwertigen Aluminiumgeh\u00e4use mit IP65-Schutz.<\/p>\n<p>Alle MICROTECH B\u00fcgelmessschrauben durchlaufen eine metrologische Kontrolle in einem nach ISO 17025 akkreditierten Labor (Ilac) mit Kalibrierprotokoll.<\/p>\n","protected":false},"excerpt":{"rendered":"<p>Die computergest\u00fctzte MICROTECH B\u00fcgelmessschraube mit Messklingen und IP65-Wasserschutz verf\u00fcgt \u00fcber einen Messkopf mit Gef\u00fchlsratsche f\u00fcr eine einfache Bedienung. Sie ist in Messbereichen von 25, 50, 75, 100 mm verf\u00fcgbar.<\/p>\n","protected":false},"featured_media":42932,"template":"","meta":{"_acf_changed":false},"product_brand":[6886],"product_cat":[5080,5078],"product_tag":[],"class_list":{"0":"post-42929","1":"product","2":"type-product","3":"status-publish","4":"has-post-thumbnail","6":"product_brand-microtech","7":"product_cat-klingenmikrometer","8":"product_cat-mikrometer","9":"pa_battery-li_pol","10":"pa_dataoutput-usbhid","11":"pa_dataoutput-wireless","12":"pa_dataoutput-wirelesshid","13":"pa_indication-computerized2_4","14":"pa_measrange-0_25mm0_1inch","15":"pa_measrange-25_50mm1_2inch","16":"pa_measrange-50_75mm2_3inch","17":"pa_measrange-75_100mm3_4inch","18":"pa_resolution_mm-5913","20":"first","21":"instock","22":"shipping-taxable","23":"purchasable","24":"product-type-variable"},"acf":[],"_links":{"self":[{"href":"https:\/\/microtech.tools\/de\/wp-json\/wp\/v2\/product\/42929","targetHints":{"allow":["GET"]}}],"collection":[{"href":"https:\/\/microtech.tools\/de\/wp-json\/wp\/v2\/product"}],"about":[{"href":"https:\/\/microtech.tools\/de\/wp-json\/wp\/v2\/types\/product"}],"wp:featuredmedia":[{"embeddable":true,"href":"https:\/\/microtech.tools\/de\/wp-json\/wp\/v2\/media\/42932"}],"wp:attachment":[{"href":"https:\/\/microtech.tools\/de\/wp-json\/wp\/v2\/media?parent=42929"}],"wp:term":[{"taxonomy":"product_brand","embeddable":true,"href":"https:\/\/microtech.tools\/de\/wp-json\/wp\/v2\/product_brand?post=42929"},{"taxonomy":"product_cat","embeddable":true,"href":"https:\/\/microtech.tools\/de\/wp-json\/wp\/v2\/product_cat?post=42929"},{"taxonomy":"product_tag","embeddable":true,"href":"https:\/\/microtech.tools\/de\/wp-json\/wp\/v2\/product_tag?post=42929"}],"curies":[{"name":"wp","href":"https:\/\/api.w.org\/{rel}","templated":true}]}}