{"id":42960,"date":"2023-03-13T13:24:19","date_gmt":"2023-03-13T10:24:19","guid":{"rendered":"https:\/\/microtech.tools\/?post_type=product&#038;p=42960"},"modified":"2026-05-11T08:47:17","modified_gmt":"2026-05-11T05:47:17","slug":"digitale-kabelschuh-messschraube-ip65","status":"publish","type":"product","link":"https:\/\/microtech.tools\/de\/produkt\/digitale-kabelschuh-messschraube-ip65\/","title":{"rendered":"CertiMet Digitale Kabelschuh-messschraube IP65"},"content":{"rendered":"<p data-path-to-node=\"1\">Digitale Kabelschuh-messschraube IP65 mit 30 Grad Kegel- und Messer-Spitze zur Messung der H\u00f6he von elektrischen Crimp-Kontakten. Die digitale MICROTECH Kabelschuh-B\u00fcgelmessschraube mit IP65-Wasserschutz verf\u00fcgt \u00fcber eine Gef\u00fchlsratsche f\u00fcr eine einfache Bedienung. Sie hat einen Messbereich von 20 mm.<\/p>\n<p data-path-to-node=\"2\">MICROTECH verwendet bei dieser B\u00fcgelmessschraube eine Elektronik mit Mikron-Aufl\u00f6sung in einem hochwertigen Aluminiumgeh\u00e4use mit IP65-Schutz.<\/p>\n<p data-path-to-node=\"3\">Alle MICROTECH B\u00fcgelmessschrauben durchlaufen eine metrologische Kontrolle in einem nach ISO 17025 akkreditierten Labor (Ilac) mit Kalibrierprotokoll.<\/p>\n<ul data-path-to-node=\"4\">\n<li>\n<p data-path-to-node=\"4,0,0\">Hohe Genauigkeit bis zu +\/-4 Mikron (2-mal besser als DIN 863-1)<\/p>\n<\/li>\n<li>\n<p data-path-to-node=\"4,1,0\">Gef\u00fchlsratsche (B\u00fcgelmessschrauben-Kopf)<\/p>\n<\/li>\n<li>\n<p data-path-to-node=\"4,2,0\">IP65 wasserdicht<\/p>\n<\/li>\n<li>\n<p data-path-to-node=\"4,3,0\">Handgefertigte Messfl\u00e4chen und B\u00fcgelmessschrauben-Mechanismus<\/p>\n<\/li>\n<li>\n<p data-path-to-node=\"4,4,0\">CR2032 (3V) Batterie<\/p>\n<\/li>\n<li>\n<p data-path-to-node=\"4,5,0\">Schlafmodus nach 10 Minuten Nichtbenutzung<\/p>\n<\/li>\n<\/ul>\n<p data-path-to-node=\"4,6,0\">100% metrologische Kontrolle im akkreditierten Labor nach ISO17025 (Ilac MRA)<\/p>\n","protected":false},"excerpt":{"rendered":"<p>Digitale Kabelschuh-messschraube IP65 mit 30 Grad Kegel- und Messer-Spitze zur Messung der H\u00f6he von elektrischen Crimp-Kontakten. Die digitale MICROTECH Kabelschuh-B\u00fcgelmessschraube mit IP65-Wasserschutz verf\u00fcgt \u00fcber eine Gef\u00fchlsratsche f\u00fcr eine einfache Bedienung. Sie hat einen Messbereich von 20 mm.<\/p>\n","protected":false},"featured_media":50110,"template":"","meta":{"_acf_changed":false},"product_brand":[6886],"product_cat":[5082,5078],"product_tag":[],"class_list":{"0":"post-42960","1":"product","2":"type-product","3":"status-publish","4":"has-post-thumbnail","6":"product_brand-microtech","7":"product_cat-crimphohenmikrometer","8":"product_cat-mikrometer","9":"pa_battery-cr2032","10":"pa_calibration-iso17025","11":"pa_indication-digital","12":"pa_measrange-0-20-mm-0-1-inch","13":"pa_resolution_mm-5921","15":"first","16":"instock","17":"shipping-taxable","18":"purchasable","19":"product-type-simple"},"acf":[],"_links":{"self":[{"href":"https:\/\/microtech.tools\/de\/wp-json\/wp\/v2\/product\/42960","targetHints":{"allow":["GET"]}}],"collection":[{"href":"https:\/\/microtech.tools\/de\/wp-json\/wp\/v2\/product"}],"about":[{"href":"https:\/\/microtech.tools\/de\/wp-json\/wp\/v2\/types\/product"}],"wp:featuredmedia":[{"embeddable":true,"href":"https:\/\/microtech.tools\/de\/wp-json\/wp\/v2\/media\/50110"}],"wp:attachment":[{"href":"https:\/\/microtech.tools\/de\/wp-json\/wp\/v2\/media?parent=42960"}],"wp:term":[{"taxonomy":"product_brand","embeddable":true,"href":"https:\/\/microtech.tools\/de\/wp-json\/wp\/v2\/product_brand?post=42960"},{"taxonomy":"product_cat","embeddable":true,"href":"https:\/\/microtech.tools\/de\/wp-json\/wp\/v2\/product_cat?post=42960"},{"taxonomy":"product_tag","embeddable":true,"href":"https:\/\/microtech.tools\/de\/wp-json\/wp\/v2\/product_tag?post=42960"}],"curies":[{"name":"wp","href":"https:\/\/api.w.org\/{rel}","templated":true}]}}