{"id":42974,"date":"2023-03-13T13:24:17","date_gmt":"2023-03-13T10:24:17","guid":{"rendered":"https:\/\/microtech.tools\/?post_type=product&#038;p=42974"},"modified":"2026-03-19T17:05:15","modified_gmt":"2026-03-19T14:05:15","slug":"datamet-computergestuetzte-buegelmessschraube-fuer-crimpverbindungen-ip65","status":"publish","type":"product","link":"https:\/\/microtech.tools\/de\/produkt\/datamet-computergestuetzte-buegelmessschraube-fuer-crimpverbindungen-ip65\/","title":{"rendered":"DataMet Computergest\u00fctzte B\u00fcgelmessschraube f\u00fcr Crimpverbindungen IP65"},"content":{"rendered":"<p data-path-to-node=\"1\">Computergest\u00fctzte B\u00fcgelmessschraube f\u00fcr Crimpverbindungen IP65 mit 30 Grad Kegel- und Schneidenform zur Messung der H\u00f6he von elektrischen Crimpkontakten.<\/p>\n<p data-path-to-node=\"2\">Computergest\u00fctzte B\u00fcgelmessschraube f\u00fcr Crimpverbindungen mit intelligentem MICS-Messsystem, Messbereich bis 20 mm, Aufl\u00f6sung 0,1 Mikron.<\/p>\n<p data-path-to-node=\"3\">Das computergest\u00fctzte MICS-Messsystem der B\u00fcgelmessschraube verf\u00fcgt \u00fcber folgende Funktionen:<\/p>\n<ul data-path-to-node=\"4\">\n<li>\n<p data-path-to-node=\"4,0,0\">interner Speicher mit Statistikmodus<\/p>\n<\/li>\n<li>\n<p data-path-to-node=\"4,1,0\">farbige Gut\/Ausschuss-Anzeige (Grenzwerte)<\/p>\n<\/li>\n<li>\n<p data-path-to-node=\"4,2,0\">Peak-Funktion (Min\/Max)<\/p>\n<\/li>\n<li>\n<p data-path-to-node=\"4,3,0\">Timer (Auslesen in den Speicher oder Daten\u00fcbertragung)<\/p>\n<\/li>\n<li>\n<p data-path-to-node=\"4,4,0\">Formel &#8211; Berechnungsindikator Ax2+Bx+C<\/p>\n<\/li>\n<li>\n<p data-path-to-node=\"4,5,0\">Auswahl der Aufl\u00f6sung (0,1 Mikron)<\/p>\n<\/li>\n<li>\n<p data-path-to-node=\"4,6,0\">mm\/Zoll-Auswahl<\/p>\n<\/li>\n<li>\n<p data-path-to-node=\"4,7,0\">Temperaturkompensation<\/p>\n<\/li>\n<li>\n<p data-path-to-node=\"4,8,0\">Mathematische Fehlerkompensation<\/p>\n<\/li>\n<li>\n<p data-path-to-node=\"4,9,0\">Drahtlose Daten\u00fcbertragung auf Windows-, iOS- und Android-Ger\u00e4te<\/p>\n<\/li>\n<li>\n<p data-path-to-node=\"4,10,0\">USB-HID-Daten\u00fcbertragung auf Windows-, MacOS-, Linux- und Android-Ger\u00e4te (Tastaturmodus)<\/p>\n<\/li>\n<li>\n<p data-path-to-node=\"4,11,0\">Integrierter wiederaufladbarer Li-Pol-Akku mit magnetischem Ladeger\u00e4t<\/p>\n<\/li>\n<li>\n<p data-path-to-node=\"4,12,0\">Hochaufl\u00f6sendes 2,4-Zoll-Farbdisplay mit Touchscreen<\/p>\n<\/li>\n<\/ul>\n<p data-path-to-node=\"5\">MICROTECH Crimp-B\u00fcgelmessschrauben bestehen die messtechnische Kontrolle im akkreditierten metrologischen Labor nach ISO 17025:2019.<\/p>\n<p data-path-to-node=\"6\">Alle Crimp-B\u00fcgelmessschrauben werden komplett mit Kalibrierprotokoll, Bedienungsanleitung, magnetischem Ladekabel und Kunststoffkoffer geliefert<\/p>\n","protected":false},"excerpt":{"rendered":"<p data-path-to-node=\"1\">Computergest\u00fctzte B\u00fcgelmessschraube f\u00fcr Crimpverbindungen IP65 mit 30 Grad Kegel- und Schneidenform zur Messung der H\u00f6he von elektrischen Crimpkontakten.<\/p>\n<p data-path-to-node=\"2\">Computergest\u00fctzte B\u00fcgelmessschraube f\u00fcr Crimpverbindungen mit intelligentem MICS-Messsystem, Messbereich bis 20 mm, Aufl\u00f6sung 0,1 Mikron.<\/p>\n","protected":false},"featured_media":42978,"template":"","meta":{"_acf_changed":false},"product_brand":[6886],"product_cat":[5082,5078],"product_tag":[],"class_list":{"0":"post-42974","1":"product","2":"type-product","3":"status-publish","4":"has-post-thumbnail","6":"product_brand-microtech","7":"product_cat-crimphohenmikrometer","8":"product_cat-mikrometer","9":"pa_battery-li_pol","10":"pa_dataoutput-usbhid","11":"pa_dataoutput-wireless","12":"pa_dataoutput-wirelesshid","13":"pa_indication-computerized2_4","14":"pa_measrange-0-20-mm-0-1-inch","15":"pa_resolution_mm-5913","17":"first","18":"instock","19":"shipping-taxable","20":"purchasable","21":"product-type-simple"},"acf":[],"_links":{"self":[{"href":"https:\/\/microtech.tools\/de\/wp-json\/wp\/v2\/product\/42974","targetHints":{"allow":["GET"]}}],"collection":[{"href":"https:\/\/microtech.tools\/de\/wp-json\/wp\/v2\/product"}],"about":[{"href":"https:\/\/microtech.tools\/de\/wp-json\/wp\/v2\/types\/product"}],"wp:featuredmedia":[{"embeddable":true,"href":"https:\/\/microtech.tools\/de\/wp-json\/wp\/v2\/media\/42978"}],"wp:attachment":[{"href":"https:\/\/microtech.tools\/de\/wp-json\/wp\/v2\/media?parent=42974"}],"wp:term":[{"taxonomy":"product_brand","embeddable":true,"href":"https:\/\/microtech.tools\/de\/wp-json\/wp\/v2\/product_brand?post=42974"},{"taxonomy":"product_cat","embeddable":true,"href":"https:\/\/microtech.tools\/de\/wp-json\/wp\/v2\/product_cat?post=42974"},{"taxonomy":"product_tag","embeddable":true,"href":"https:\/\/microtech.tools\/de\/wp-json\/wp\/v2\/product_tag?post=42974"}],"curies":[{"name":"wp","href":"https:\/\/api.w.org\/{rel}","templated":true}]}}