{"id":43248,"date":"2024-04-23T10:06:20","date_gmt":"2024-04-23T07:06:20","guid":{"rendered":"https:\/\/microtech.tools\/?post_type=product&#038;p=43248"},"modified":"2026-03-19T17:30:23","modified_gmt":"2026-03-19T14:30:23","slug":"certimet-digitaler-buegelmessschrauben-satz-ip65","status":"publish","type":"product","link":"https:\/\/microtech.tools\/de\/produkt\/certimet-digitaler-buegelmessschrauben-satz-ip65\/","title":{"rendered":"CertiMet Digitaler B\u00fcgelmessschrauben-Satz IP65"},"content":{"rendered":"<p>Ein Satz digitaler CertiMet B\u00fcgelmessschrauben von MICROTECH wird in Charkiw gem\u00e4\u00df ISO9001:2018 hergestellt. Digitale B\u00fcgelmessschrauben sind mit einem B\u00fcgelmessschraubenkopf mit einer Aufl\u00f6sung von 0,001 ausgestattet. Der Satz kann zwischen 4 und 14 B\u00fcgelmessschrauben mit einem Gesamtmessbereich von bis zu 300 mm umfassen.<\/p>\n","protected":false},"excerpt":{"rendered":"<p>Digitale B\u00fcgelmessschrauben sind mit einem B\u00fcgelmessschraubenkopf mit einer Aufl\u00f6sung von 0,001 ausgestattet. Der Satz kann zwischen 4 und 14 B\u00fcgelmessschrauben mit einem Gesamtmessbereich von bis zu 300 mm umfassen.<\/p>\n","protected":false},"featured_media":43255,"template":"","meta":{"_acf_changed":false},"product_brand":[6886],"product_cat":[5078,5098],"product_tag":[],"class_list":{"0":"post-43248","1":"product","2":"type-product","3":"status-publish","4":"has-post-thumbnail","6":"product_brand-microtech","7":"product_cat-mikrometer","8":"product_cat-mikrometersatze","9":"pa_measrange-0-100-mm-4-inch","10":"pa_measrange-0-150-mm-6-inch","11":"pa_measrange-0-200-mm-8-inch","12":"pa_measrange-0-300-mm-12-inch","13":"pa_measrange-0-400-mm-16-inch","14":"pa_resolution_mm-0_001","16":"first","17":"instock","18":"shipping-taxable","19":"purchasable","20":"product-type-variable"},"acf":[],"_links":{"self":[{"href":"https:\/\/microtech.tools\/de\/wp-json\/wp\/v2\/product\/43248","targetHints":{"allow":["GET"]}}],"collection":[{"href":"https:\/\/microtech.tools\/de\/wp-json\/wp\/v2\/product"}],"about":[{"href":"https:\/\/microtech.tools\/de\/wp-json\/wp\/v2\/types\/product"}],"wp:featuredmedia":[{"embeddable":true,"href":"https:\/\/microtech.tools\/de\/wp-json\/wp\/v2\/media\/43255"}],"wp:attachment":[{"href":"https:\/\/microtech.tools\/de\/wp-json\/wp\/v2\/media?parent=43248"}],"wp:term":[{"taxonomy":"product_brand","embeddable":true,"href":"https:\/\/microtech.tools\/de\/wp-json\/wp\/v2\/product_brand?post=43248"},{"taxonomy":"product_cat","embeddable":true,"href":"https:\/\/microtech.tools\/de\/wp-json\/wp\/v2\/product_cat?post=43248"},{"taxonomy":"product_tag","embeddable":true,"href":"https:\/\/microtech.tools\/de\/wp-json\/wp\/v2\/product_tag?post=43248"}],"curies":[{"name":"wp","href":"https:\/\/api.w.org\/{rel}","templated":true}]}}