{"id":43342,"date":"2023-03-13T13:24:48","date_gmt":"2023-03-13T10:24:48","guid":{"rendered":"https:\/\/microtech.tools\/?post_type=product&#038;p=43342"},"modified":"2026-03-19T17:05:08","modified_gmt":"2026-03-19T14:05:08","slug":"datamet-sub-mikron-punktfoermige-computergesteuerte-buegelmessschraube-drahtlos","status":"publish","type":"product","link":"https:\/\/microtech.tools\/de\/produkt\/datamet-sub-mikron-punktfoermige-computergesteuerte-buegelmessschraube-drahtlos\/","title":{"rendered":"DataMet Sub-Mikron punktf\u00f6rmige computergesteuerte B\u00fcgelmessschraube drahtlos"},"content":{"rendered":"<p data-path-to-node=\"1\">Die punktf\u00f6rmige computergesteuerte Sub-Mikron B\u00fcgelmessschraube von MICROTECH mit dem intelligenten MICS-Messsystem hat einen Messbereich bis 100 mm, eine Aufl\u00f6sung von 0,1 Mikron und eine Genauigkeit von bis zu 1 Mikron.<\/p>\n<p data-path-to-node=\"2\">Die MICROTECH Sub-Mikron B\u00fcgelmessschraube verf\u00fcgt \u00fcber eine Gef\u00fchlsratsche mit einer Messkraft von 6-9 N.<\/p>\n<p data-path-to-node=\"3\">Das computergesteuerte MICS-Messsystem der B\u00fcgelmessschraube verf\u00fcgt \u00fcber folgende Funktionen:<\/p>\n<ul data-path-to-node=\"4\">\n<li>\n<p data-path-to-node=\"4,0,0\">interner Speicher mit Statistikmodus<\/p>\n<\/li>\n<li>\n<p data-path-to-node=\"4,1,0\">farbige Gut\/Ausschuss-Anzeige (Grenzwerte)<\/p>\n<\/li>\n<li>\n<p data-path-to-node=\"4,2,0\">Peak-Funktion (Min\/Max)<\/p>\n<\/li>\n<li>\n<p data-path-to-node=\"4,3,0\">Timer (Speicherung der Messwerte oder Daten\u00fcbertragung)<\/p>\n<\/li>\n<li>\n<p data-path-to-node=\"4,4,0\">Formel &#8211; Berechnungsanzeige Ax2+Bx+C<\/p>\n<\/li>\n<li>\n<p data-path-to-node=\"4,5,0\">Auswahl der Aufl\u00f6sung (0,1 \/ 1 \/ 10 Mikron)<\/p>\n<\/li>\n<li>\n<p data-path-to-node=\"4,6,0\">mm\/Zoll-Auswahl<\/p>\n<\/li>\n<li>\n<p data-path-to-node=\"4,7,0\">Temperaturkompensation<\/p>\n<\/li>\n<li>\n<p data-path-to-node=\"4,8,0\">Mathematische Fehlerkompensation<\/p>\n<\/li>\n<li>\n<p data-path-to-node=\"4,9,0\">Drahtlose Daten\u00fcbertragung an Windows-, iOS- und Android-Ger\u00e4te<\/p>\n<\/li>\n<li>\n<p data-path-to-node=\"4,10,0\">USB HID Daten\u00fcbertragung an Windows-, MacOS-, Linux- und Android-Ger\u00e4te (Tastaturmodus)<\/p>\n<\/li>\n<li>\n<p data-path-to-node=\"4,11,0\">Eingebauter wiederaufladbarer Li-Pol-Akku mit magnetischem Ladeger\u00e4t<\/p>\n<\/li>\n<li>\n<p data-path-to-node=\"4,12,0\">Hochaufl\u00f6sendes 2,4-Zoll-Farbdisplay mit Touchscreen.<\/p>\n<\/li>\n<\/ul>\n<p data-path-to-node=\"5\">MICROTECH B\u00fcgelmessschrauben bestehen die metrologische Kontrolle im akkreditierten ISO 17025:2019 Metrologielabor.<\/p>\n<p data-path-to-node=\"6\">Alle B\u00fcgelmessschrauben werden komplett mit Kalibrierprotokoll, Bedienungsanleitung, magnetischem Ladekabel und Kunststoffkoffer geliefert.<\/p>\n","protected":false},"excerpt":{"rendered":"<p data-path-to-node=\"1\">Die punktf\u00f6rmige computergesteuerte Sub-Mikron B\u00fcgelmessschraube von MICROTECH mit dem intelligenten MICS-Messsystem hat einen Messbereich bis 100 mm, eine Aufl\u00f6sung von 0,1 Mikron und eine Genauigkeit von bis zu 1 Mikron.<\/p>\n<p data-path-to-node=\"2\">Die MICROTECH Sub-Mikron B\u00fcgelmessschraube verf\u00fcgt \u00fcber eine Gef\u00fchlsratsche mit einer Messkraft von 6-9 N.<\/p>\n","protected":false},"featured_media":43343,"template":"","meta":{"_acf_changed":false},"product_brand":[6886],"product_cat":[5078,5102],"product_tag":[],"class_list":{"0":"post-43342","1":"product","2":"type-product","3":"status-publish","4":"has-post-thumbnail","6":"product_brand-microtech","7":"product_cat-mikrometer","8":"product_cat-spitzenmikrometer","9":"pa_battery-li_pol","10":"pa_dataoutput-usbhid","11":"pa_dataoutput-wireless","12":"pa_dataoutput-wirelesshid","13":"pa_indication-computerized2_4","14":"pa_measrange-0_25mm0_1inch","15":"pa_measrange-25_50mm1_2inch","16":"pa_measrange-50_75mm2_3inch","17":"pa_measrange-75_100mm3_4inch","18":"pa_resolution_mm-5913","20":"first","21":"instock","22":"shipping-taxable","23":"purchasable","24":"product-type-variable"},"acf":[],"_links":{"self":[{"href":"https:\/\/microtech.tools\/de\/wp-json\/wp\/v2\/product\/43342","targetHints":{"allow":["GET"]}}],"collection":[{"href":"https:\/\/microtech.tools\/de\/wp-json\/wp\/v2\/product"}],"about":[{"href":"https:\/\/microtech.tools\/de\/wp-json\/wp\/v2\/types\/product"}],"wp:featuredmedia":[{"embeddable":true,"href":"https:\/\/microtech.tools\/de\/wp-json\/wp\/v2\/media\/43343"}],"wp:attachment":[{"href":"https:\/\/microtech.tools\/de\/wp-json\/wp\/v2\/media?parent=43342"}],"wp:term":[{"taxonomy":"product_brand","embeddable":true,"href":"https:\/\/microtech.tools\/de\/wp-json\/wp\/v2\/product_brand?post=43342"},{"taxonomy":"product_cat","embeddable":true,"href":"https:\/\/microtech.tools\/de\/wp-json\/wp\/v2\/product_cat?post=43342"},{"taxonomy":"product_tag","embeddable":true,"href":"https:\/\/microtech.tools\/de\/wp-json\/wp\/v2\/product_tag?post=43342"}],"curies":[{"name":"wp","href":"https:\/\/api.w.org\/{rel}","templated":true}]}}