{"id":43358,"date":"2023-03-13T13:24:35","date_gmt":"2023-03-13T10:24:35","guid":{"rendered":"https:\/\/microtech.tools\/?post_type=product&#038;p=43358"},"modified":"2026-03-19T17:05:11","modified_gmt":"2026-03-19T14:05:11","slug":"certimet-digitale-keilwellen-buegelmessschraube-mit-kleinen-messspitzen","status":"publish","type":"product","link":"https:\/\/microtech.tools\/de\/produkt\/certimet-digitale-keilwellen-buegelmessschraube-mit-kleinen-messspitzen\/","title":{"rendered":"CertiMet digitale Keilwellen-B\u00fcgelmessschraube mit kleinen Messspitzen"},"content":{"rendered":"<p data-path-to-node=\"1\">Die digitale MICROTECH Keilwellen-B\u00fcgelmessschraube mit kleinen Messspitzen und Schutzart IP65 verf\u00fcgt \u00fcber eine Gef\u00fchlsratsche zur einfachen Bedienung.<\/p>\n<p data-path-to-node=\"2\">MICROTECH verwendet bei dieser B\u00fcgelmessschraube eine Elektronik mit Mikron-Aufl\u00f6sung und IP65-Schutz.<\/p>\n<p data-path-to-node=\"3\">Die elektronische B\u00fcgelmessschraube verf\u00fcgt \u00fcber mm\/inch-Umschaltung, Hold-Funktion und automatische Abschaltung. Der Messschraubenkopf (Schraubmechanismus) und die Hartmetall-Messfl\u00e4chen sind handgefertigt.<\/p>\n<p data-path-to-node=\"4\">Alle MICROTECH B\u00fcgelmessschrauben durchlaufen eine metrologische Kontrolle in einem nach ISO 17025 akkreditierten Labor (ILAC) inklusive Kalibrierprotokoll.<\/p>\n","protected":false},"excerpt":{"rendered":"<p data-path-to-node=\"1\">Die digitale MICROTECH Keilwellen-B\u00fcgelmessschraube mit kleinen Messspitzen und Schutzart IP65 verf\u00fcgt \u00fcber eine Gef\u00fchlsratsche zur einfachen Bedienung.<\/p>\n<p data-path-to-node=\"2\">MICROTECH verwendet bei dieser B\u00fcgelmessschraube eine Elektronik mit Mikron-Aufl\u00f6sung und IP65-Schutz.<\/p>\n","protected":false},"featured_media":43361,"template":"","meta":{"_acf_changed":false},"product_brand":[6886],"product_cat":[5078,5104],"product_tag":[],"class_list":{"0":"post-43358","1":"product","2":"type-product","3":"status-publish","4":"has-post-thumbnail","6":"product_brand-microtech","7":"product_cat-mikrometer","8":"product_cat-mikrometer-mit-kleinem-messstift","9":"pa_battery-cr2032","10":"pa_indication-digital","11":"pa_measrange-0_25mm0_1inch","12":"pa_measrange-25_50mm1_2inch","13":"pa_measrange-50_75mm2_3inch","14":"pa_measrange-75_100mm3_4inch","15":"pa_resolution_mm-5921","17":"first","18":"instock","19":"shipping-taxable","20":"purchasable","21":"product-type-variable"},"acf":[],"_links":{"self":[{"href":"https:\/\/microtech.tools\/de\/wp-json\/wp\/v2\/product\/43358","targetHints":{"allow":["GET"]}}],"collection":[{"href":"https:\/\/microtech.tools\/de\/wp-json\/wp\/v2\/product"}],"about":[{"href":"https:\/\/microtech.tools\/de\/wp-json\/wp\/v2\/types\/product"}],"wp:featuredmedia":[{"embeddable":true,"href":"https:\/\/microtech.tools\/de\/wp-json\/wp\/v2\/media\/43361"}],"wp:attachment":[{"href":"https:\/\/microtech.tools\/de\/wp-json\/wp\/v2\/media?parent=43358"}],"wp:term":[{"taxonomy":"product_brand","embeddable":true,"href":"https:\/\/microtech.tools\/de\/wp-json\/wp\/v2\/product_brand?post=43358"},{"taxonomy":"product_cat","embeddable":true,"href":"https:\/\/microtech.tools\/de\/wp-json\/wp\/v2\/product_cat?post=43358"},{"taxonomy":"product_tag","embeddable":true,"href":"https:\/\/microtech.tools\/de\/wp-json\/wp\/v2\/product_tag?post=43358"}],"curies":[{"name":"wp","href":"https:\/\/api.w.org\/{rel}","templated":true}]}}