{"id":43376,"date":"2023-03-13T13:24:51","date_gmt":"2023-03-13T10:24:51","guid":{"rendered":"https:\/\/microtech.tools\/?post_type=product&#038;p=43376"},"modified":"2026-03-19T17:05:08","modified_gmt":"2026-03-19T14:05:08","slug":"datamet-computergestuetzte-buegelmessschraube-mit-kleiner-messspitze-4-0","status":"publish","type":"product","link":"https:\/\/microtech.tools\/de\/produkt\/datamet-computergestuetzte-buegelmessschraube-mit-kleiner-messspitze-4-0\/","title":{"rendered":"DataMet Computergest\u00fctzte B\u00fcgelmessschraube mit kleiner Messspitze 4.0"},"content":{"rendered":"<p data-path-to-node=\"0\">Sub-Mikron computergest\u00fctzte B\u00fcgelmessschraube mit kleiner Messspitze von MICROTECH mit drahtloser und USB-Daten\u00fcbertragung, angepasst an Industrie 4.0<\/p>\n<p data-path-to-node=\"1\">Die MICROTECH Sub-Mikron B\u00fcgelmessschraube verf\u00fcgt \u00fcber eine Gef\u00fchlsratsche mit 6-9 N Messkraft, einen Messbereich bis zu 100 mm und eine Aufl\u00f6sung von 0,1 Mikron. Kleine Messspitzen mit 2 mm Durchmesser.<\/p>\n<p data-path-to-node=\"2\">Das computergest\u00fctzte MICS-Messsystem der B\u00fcgelmessschraube verf\u00fcgt \u00fcber folgende Funktionen:<\/p>\n<ul data-path-to-node=\"3\">\n<li>\n<p data-path-to-node=\"3,0,0\">Interner Speicher mit Statistikmodus<\/p>\n<\/li>\n<li>\n<p data-path-to-node=\"3,1,0\">Farbige Gut\/Ausschuss-Anzeige (Grenzwerte)<\/p>\n<\/li>\n<li>\n<p data-path-to-node=\"3,2,0\">Peak-Funktion (Min\/Max)<\/p>\n<\/li>\n<li>\n<p data-path-to-node=\"3,3,0\">Timer (Speicherung im Speicher oder Daten\u00fcbertragung)<\/p>\n<\/li>\n<li>\n<p data-path-to-node=\"3,4,0\">Formel \u2013 Berechnungsindikator Ax2+Bx+C<\/p>\n<\/li>\n<li>\n<p data-path-to-node=\"3,5,0\">W\u00e4hlbare Aufl\u00f6sung (0,1 \/ 1 \/ 10 Mikron)<\/p>\n<\/li>\n<li>\n<p data-path-to-node=\"3,6,0\">mm\/Zoll-Umschaltung<\/p>\n<\/li>\n<li>\n<p data-path-to-node=\"3,7,0\">Temperaturkompensation<\/p>\n<\/li>\n<li>\n<p data-path-to-node=\"3,8,0\">Mathematische Fehlerkompensation<\/p>\n<\/li>\n<li>\n<p data-path-to-node=\"3,9,0\">Drahtlose Daten\u00fcbertragung auf Windows-, iOS- und Android-Ger\u00e4te<\/p>\n<\/li>\n<li>\n<p data-path-to-node=\"3,10,0\">USB HID Daten\u00fcbertragung auf Windows-, MacOS-, Linux- und Android-Ger\u00e4te (Tastaturmodus)<\/p>\n<\/li>\n<li>\n<p data-path-to-node=\"3,11,0\">Integrierter wiederaufladbarer Li-Pol-Akku mit magnetischem Ladeger\u00e4t<\/p>\n<\/li>\n<li>\n<p data-path-to-node=\"3,12,0\">Hochaufl\u00f6sendes 2,4-Zoll-Farbdisplay mit Touchscreen.<\/p>\n<\/li>\n<\/ul>\n<p data-path-to-node=\"4\">MICROTECH B\u00fcgelmessschrauben bestehen die metrologische Kontrolle im akkreditierten metrologischen Labor nach ISO 17025:2019.<\/p>\n<p data-path-to-node=\"5\">Alle B\u00fcgelmessschrauben werden komplett mit Kalibrierprotokoll, Bedienungsanleitung, magnetischem Ladekabel und Kunststoffbox geliefert.<\/p>\n","protected":false},"excerpt":{"rendered":"<p data-path-to-node=\"0\">Sub-Mikron computergest\u00fctzte B\u00fcgelmessschraube mit kleiner Messspitze von MICROTECH mit drahtloser und USB-Daten\u00fcbertragung, angepasst an Industrie 4.0<\/p>\n<p data-path-to-node=\"1\">Die MICROTECH Sub-Mikron B\u00fcgelmessschraube verf\u00fcgt \u00fcber eine Gef\u00fchlsratsche mit 6-9 N Messkraft, einen Messbereich bis zu 100 mm und eine Aufl\u00f6sung von 0,1 Mikron.<\/p>\n","protected":false},"featured_media":43377,"template":"","meta":{"_acf_changed":false},"product_brand":[6886],"product_cat":[5078,5104],"product_tag":[],"class_list":{"0":"post-43376","1":"product","2":"type-product","3":"status-publish","4":"has-post-thumbnail","6":"product_brand-microtech","7":"product_cat-mikrometer","8":"product_cat-mikrometer-mit-kleinem-messstift","9":"pa_battery-li_pol","10":"pa_dataoutput-usbhid","11":"pa_dataoutput-wireless","12":"pa_dataoutput-wirelesshid","13":"pa_indication-computerized2_4","14":"pa_measrange-0_25mm0_1inch","15":"pa_measrange-25_50mm1_2inch","16":"pa_measrange-50_75mm2_3inch","17":"pa_measrange-75_100mm3_4inch","18":"pa_resolution_mm-5913","20":"first","21":"instock","22":"shipping-taxable","23":"purchasable","24":"product-type-variable"},"acf":[],"_links":{"self":[{"href":"https:\/\/microtech.tools\/de\/wp-json\/wp\/v2\/product\/43376","targetHints":{"allow":["GET"]}}],"collection":[{"href":"https:\/\/microtech.tools\/de\/wp-json\/wp\/v2\/product"}],"about":[{"href":"https:\/\/microtech.tools\/de\/wp-json\/wp\/v2\/types\/product"}],"wp:featuredmedia":[{"embeddable":true,"href":"https:\/\/microtech.tools\/de\/wp-json\/wp\/v2\/media\/43377"}],"wp:attachment":[{"href":"https:\/\/microtech.tools\/de\/wp-json\/wp\/v2\/media?parent=43376"}],"wp:term":[{"taxonomy":"product_brand","embeddable":true,"href":"https:\/\/microtech.tools\/de\/wp-json\/wp\/v2\/product_brand?post=43376"},{"taxonomy":"product_cat","embeddable":true,"href":"https:\/\/microtech.tools\/de\/wp-json\/wp\/v2\/product_cat?post=43376"},{"taxonomy":"product_tag","embeddable":true,"href":"https:\/\/microtech.tools\/de\/wp-json\/wp\/v2\/product_tag?post=43376"}],"curies":[{"name":"wp","href":"https:\/\/api.w.org\/{rel}","templated":true}]}}