{"id":43644,"date":"2023-03-13T13:32:47","date_gmt":"2023-03-13T10:32:47","guid":{"rendered":"https:\/\/microtech.tools\/?post_type=product&#038;p=43644"},"modified":"2026-03-19T17:04:59","modified_gmt":"2026-03-19T14:04:59","slug":"datamet-sub-mikron-industrie-4-0-messuhr-drahtlos","status":"publish","type":"product","link":"https:\/\/microtech.tools\/de\/produkt\/datamet-sub-mikron-industrie-4-0-messuhr-drahtlos\/","title":{"rendered":"DataMet Sub-Mikron Industrie 4.0 Messuhr drahtlos"},"content":{"rendered":"<p data-path-to-node=\"0\">MICROTECH fertigt Tablet Sub-Mikron Messuhren, angepasst an Industrie 4.0<\/p>\n<p data-path-to-node=\"1\">Tablet-Messuhren verwenden ein computergest\u00fctztes Messsystem, entwickelt und patentiert von MICROTECH (Patente UA126928, UA99686) mit einer Aufl\u00f6sung von 0,1 Mikron.<\/p>\n<p data-path-to-node=\"2\">Computergest\u00fctzte Tablet-Messuhren k\u00f6nnen f\u00fcr pr\u00e4zise lineare Messungen oder in kundenspezifischen Stativen und Vorrichtungen f\u00fcr Radius, Kugel und andere Anwendungen eingesetzt werden.<\/p>\n<p data-path-to-node=\"3\">Das TABLET-Messmodul der Messuhr verf\u00fcgt \u00fcber folgende Funktionen:<\/p>\n<ul data-path-to-node=\"4\">\n<li>\n<p data-path-to-node=\"4,0,0\">Online GRAFIK-Modus<\/p>\n<\/li>\n<li>\n<p data-path-to-node=\"4,1,0\">Farbanaloge einstellbare Skala<\/p>\n<\/li>\n<li>\n<p data-path-to-node=\"4,2,0\">HUB-Verbindung (Verbindung externer drahtloser MICROTECH-Ger\u00e4te)<\/p>\n<\/li>\n<li>\n<p data-path-to-node=\"4,3,0\">2D-Verbindungsm\u00f6glichkeiten (drahtlose Verbindung und Anzeige externer Ger\u00e4te)<\/p>\n<\/li>\n<li>\n<p data-path-to-node=\"4,4,0\">PROBE-Verbindung (drahtlose Verbindung f\u00fcr externe Messuhren oder F\u00fchlhebelmessger\u00e4te) mit AUTO-Modus<\/p>\n<\/li>\n<li>\n<p data-path-to-node=\"4,5,0\">Schnellauslesesystem 50 Werte\/Sek.<\/p>\n<\/li>\n<li>\n<p data-path-to-node=\"4,6,0\">Interner SPEICHER f\u00fcr 2000 Werte mit Ordnersystem und Statistik<\/p>\n<\/li>\n<li>\n<p data-path-to-node=\"4,7,0\">GRENZWERT-Funktion (Gut\/Ausschuss) mit Farbanzeige<\/p>\n<\/li>\n<li>\n<p data-path-to-node=\"4,8,0\">PEAK (Max\/Min)<\/p>\n<\/li>\n<li>\n<p data-path-to-node=\"4,9,0\">TIMER<\/p>\n<\/li>\n<li>\n<p data-path-to-node=\"4,10,0\">FORMEL Ax2+Bx+C, RADIUS, KUGEL<\/p>\n<\/li>\n<li>\n<p data-path-to-node=\"4,11,0\">Manuelle TEMPERATURKOMPENSATION<\/p>\n<\/li>\n<li>\n<p data-path-to-node=\"4,12,0\">LINEARE Kompensation<\/p>\n<\/li>\n<li>\n<p data-path-to-node=\"4,13,0\">AUFL\u00d6SUNG w\u00e4hlbar 0,1\/0,01\/0,001\/0,0001 mm auch in Zoll<\/p>\n<\/li>\n<li>\n<p data-path-to-node=\"4,14,0\">KALIBRIERDATUMS-Kontrolle<\/p>\n<\/li>\n<li>\n<p data-path-to-node=\"4,15,0\">Wiederaufladbarer Li-Pol-Akku mit Micro-USB-Buchse<\/p>\n<\/li>\n<li>\n<p data-path-to-node=\"4,16,0\">FIRMWARE-Update \u00fcber USB-Kabel<\/p>\n<\/li>\n<li>\n<p data-path-to-node=\"4,17,0\">DRAHTLOSE Daten\u00fcbertragung mit hoher Reichweite an die MICROTECH MDS App f\u00fcr Windows, Android, iOS (KOSTENLOSE Versionen). Laden Sie die MICROTECH MDS App herunter von<\/p>\n<\/li>\n<li>\n<p data-path-to-node=\"4,18,0\">DRAHTLOSE HID-Daten\u00fcbertragung an jedes System und jede App (Tastaturmodus) mit Datenkonfigurationsm\u00f6glichkeiten<\/p>\n<\/li>\n<li>\n<p data-path-to-node=\"4,19,0\">Optionale MODBUS SPS-Datenausgabe (4-Leiter, RS-485) mit Datenkonfigurationsm\u00f6glichkeiten<\/p>\n<\/li>\n<li>\n<p data-path-to-node=\"4,20,0\">USB HID-Daten\u00fcbertragung an jedes System und jede App (Tastaturmodus) mit Datenkonfigurationsm\u00f6glichkeiten<\/p>\n<\/li>\n<\/ul>\n<p data-path-to-node=\"5\">Alle MICROTECH Messuhren durchlaufen eine messtechnische Kontrolle in einem nach ISO 17025 ILAC akkreditierten Labor an einem automatisierten Kalibrierstand.<\/p>\n<p data-path-to-node=\"6\">ES IST M\u00d6GLICH, AUF KUNDENWUNSCH ZUS\u00c4TZLICHE FUNKTIONEN UND FORMELN ZU DEN INDUSTRIE 4.0 MESSUHREN HINZUZUF\u00dcGEN.<\/p>\n","protected":false},"excerpt":{"rendered":"<p data-path-to-node=\"0\">MICROTECH fertigt Tablet Sub-Mikron Messuhren, angepasst an Industrie 4.0<\/p>\n<p data-path-to-node=\"1\">Tablet-Messuhren verwenden ein computergest\u00fctztes Messsystem, entwickelt und patentiert von MICROTECH (Patente UA126928, UA99686) mit einer Aufl\u00f6sung von 0,1 Mikron.<\/p>\n","protected":false},"featured_media":43654,"template":"","meta":{"_acf_changed":false},"product_brand":[6886],"product_cat":[5054],"product_tag":[],"class_list":{"0":"post-43644","1":"product","2":"type-product","3":"status-publish","4":"has-post-thumbnail","6":"product_brand-microtech","7":"product_cat-messuhren-2","8":"pa_battery-li_pol","9":"pa_dataoutput-usbhid","10":"pa_dataoutput-wireless","11":"pa_dataoutput-wirelesshid","12":"pa_indication-computerized2_4","13":"pa_measrange-0-100-mm-4-inch","14":"pa_measrange-0-127-mm-05-inch","15":"pa_measrange-0-150-mm-6-inch","16":"pa_measrange-0-254-mm-1-inch","17":"pa_measrange-0-508-mm-2-inch","18":"pa_resolution_mm-5913","20":"first","21":"instock","22":"shipping-taxable","23":"purchasable","24":"product-type-variable"},"acf":[],"_links":{"self":[{"href":"https:\/\/microtech.tools\/de\/wp-json\/wp\/v2\/product\/43644","targetHints":{"allow":["GET"]}}],"collection":[{"href":"https:\/\/microtech.tools\/de\/wp-json\/wp\/v2\/product"}],"about":[{"href":"https:\/\/microtech.tools\/de\/wp-json\/wp\/v2\/types\/product"}],"wp:featuredmedia":[{"embeddable":true,"href":"https:\/\/microtech.tools\/de\/wp-json\/wp\/v2\/media\/43654"}],"wp:attachment":[{"href":"https:\/\/microtech.tools\/de\/wp-json\/wp\/v2\/media?parent=43644"}],"wp:term":[{"taxonomy":"product_brand","embeddable":true,"href":"https:\/\/microtech.tools\/de\/wp-json\/wp\/v2\/product_brand?post=43644"},{"taxonomy":"product_cat","embeddable":true,"href":"https:\/\/microtech.tools\/de\/wp-json\/wp\/v2\/product_cat?post=43644"},{"taxonomy":"product_tag","embeddable":true,"href":"https:\/\/microtech.tools\/de\/wp-json\/wp\/v2\/product_tag?post=43644"}],"curies":[{"name":"wp","href":"https:\/\/api.w.org\/{rel}","templated":true}]}}