{"id":44110,"date":"2023-03-13T13:32:44","date_gmt":"2023-03-13T10:32:44","guid":{"rendered":"https:\/\/microtech.tools\/?post_type=product&#038;p=44110"},"modified":"2026-03-19T17:05:00","modified_gmt":"2026-03-19T14:05:00","slug":"datamet-sub-mikron-computergestuetzte-messuhr-mit-externem-taster","status":"publish","type":"product","link":"https:\/\/microtech.tools\/de\/produkt\/datamet-sub-mikron-computergestuetzte-messuhr-mit-externem-taster\/","title":{"rendered":"DataMet Sub-Mikron computergest\u00fctzte Messuhr mit externem Taster"},"content":{"rendered":"<p data-path-to-node=\"1\">MICROTECH fertigt die DataMet Tablet Sub-Mikron Messuhr mit externem Taster, angepasst an Industrie 4.0. Tablet-Messuhren verwenden ein von MICROTECH entwickeltes und patentiertes computergest\u00fctztes Messsystem (Patente UA126928, UA99686) mit einer Aufl\u00f6sung von 0,1 Mikron. Computergest\u00fctzte Tablet-Messuhren k\u00f6nnen f\u00fcr pr\u00e4zise Linearmessungen oder in kundenspezifischen Stativen und Vorrichtungen f\u00fcr Radien, Kugeln und anderes eingesetzt werden. Der externe Taster kann eine L\u00e4nge von 2-10 m haben, was vielf\u00e4ltige Installationsm\u00f6glichkeiten bietet.<\/p>\n<p data-path-to-node=\"2\">Das TABLET-Messmodul der Messuhr verf\u00fcgt \u00fcber folgende Funktionen:<\/p>\n<ul data-path-to-node=\"3\">\n<li>\n<p data-path-to-node=\"3,0,0\">Online-GRAFIK-Modus<\/p>\n<\/li>\n<li>\n<p data-path-to-node=\"3,1,0\">Einstellbare farbige ANALOG-Skala<\/p>\n<\/li>\n<li>\n<p data-path-to-node=\"3,2,0\">HUB-Verbindung (Anschluss externer drahtloser MICROTECH-Ger\u00e4te)<\/p>\n<\/li>\n<li>\n<p data-path-to-node=\"3,3,0\">2D-Verbindungsm\u00f6glichkeiten (drahtlose Verbindung und Anzeige externer Ger\u00e4te)<\/p>\n<\/li>\n<li>\n<p data-path-to-node=\"3,4,0\">TASTER-Verbindung (drahtlose Verbindung von externen Messuhren oder F\u00fchlhebelmessger\u00e4ten) mit AUTO-Modus<\/p>\n<\/li>\n<li>\n<p data-path-to-node=\"3,5,0\">Schnelles Ablesesystem 50 Werte\/Sek.<\/p>\n<\/li>\n<li>\n<p data-path-to-node=\"3,6,0\">Interner SPEICHER f\u00fcr 2000 Werte mit Ordnersystem und Statistik,<\/p>\n<\/li>\n<li>\n<p data-path-to-node=\"3,7,0\">GRENZWERT-Funktion (Gut\/Ausschuss) mit Farbanzeige,<\/p>\n<\/li>\n<li>\n<p data-path-to-node=\"3,8,0\">PEAK (Max\/Min),<\/p>\n<\/li>\n<li>\n<p data-path-to-node=\"3,9,0\">TIMER<\/p>\n<\/li>\n<li>\n<p data-path-to-node=\"3,10,0\">FORMEL Ax2+Bx+C, RADIUS, KUGEL<\/p>\n<\/li>\n<li>\n<p data-path-to-node=\"3,11,0\">Manuelle TEMPERATURKOMPENSATION<\/p>\n<\/li>\n<li>\n<p data-path-to-node=\"3,12,0\">LINEARE Kompensation<\/p>\n<\/li>\n<li>\n<p data-path-to-node=\"3,13,0\">WAHL DER AUFL\u00d6SUNG 0,1\/0,01\/0,001\/0,0001 mm auch in Zoll<\/p>\n<\/li>\n<li>\n<p data-path-to-node=\"3,14,0\">\u00dcberwachung des KALIBRIERDATUMS<\/p>\n<\/li>\n<li>\n<p data-path-to-node=\"3,15,0\">Wiederaufladbarer Li-Pol-Akku mit Micro-USB-Buchse<\/p>\n<\/li>\n<li>\n<p data-path-to-node=\"3,16,0\">FIRMWARE-Update per USB-Kabel<\/p>\n<\/li>\n<li>\n<p data-path-to-node=\"3,17,0\">Drahtlose Daten\u00fcbertragung mit hoher Reichweite an die MICROTECH MDS-App f\u00fcr Windows, Android, iOS (KOSTENLOSE Versionen). Laden Sie die MICROTECH MDS-App herunter unter<\/p>\n<\/li>\n<li>\n<p data-path-to-node=\"3,18,0\">Drahtlose HID-Daten\u00fcbertragung an beliebige Systeme und Apps (Tastaturmodus) mit Datenkonfigurationsm\u00f6glichkeiten<\/p>\n<\/li>\n<li>\n<p data-path-to-node=\"3,19,0\">Optionaler MODBUS PLC Datenausgang (4-Leiter, RS-485) mit Datenkonfigurationsm\u00f6glichkeiten<\/p>\n<\/li>\n<li>\n<p data-path-to-node=\"3,20,0\">USB HID-Daten\u00fcbertragung an beliebige Systeme und Apps (Tastaturmodus) mit Datenkonfigurationsm\u00f6glichkeiten<\/p>\n<\/li>\n<\/ul>\n<p data-path-to-node=\"4\">Alle MICROTECH-Messuhren durchlaufen eine metrologische Kontrolle in einem nach ISO 17025 ILAC akkreditierten Labor auf einem automatisierten Kalibrierstand.<\/p>\n<p data-path-to-node=\"5\">AUF KUNDENWUNSCH K\u00d6NNEN ZUS\u00c4TZLICHE FUNKTIONEN UND FORMELN ZU DEN INDUSTRIE 4.0 MESSUHREN HINZUGEF\u00dcGT WERDEN<\/p>\n","protected":false},"excerpt":{"rendered":"<p>MICROTECH fertigt die DataMet Tablet Sub-Mikron Messuhr mit externem Taster, angepasst an Industrie 4.0. Tablet-Messuhren verwenden ein von MICROTECH entwickeltes und patentiertes computergest\u00fctztes Messsystem (Patente UA126928, UA99686) mit einer Aufl\u00f6sung von 0,1 Mikron.<\/p>\n","protected":false},"featured_media":44115,"template":"","meta":{"_acf_changed":false},"product_brand":[6886],"product_cat":[5056],"product_tag":[],"class_list":{"0":"post-44110","1":"product","2":"type-product","3":"status-publish","4":"has-post-thumbnail","6":"product_brand-microtech","7":"product_cat-messuhren-mit-externem-taster","8":"pa_battery-li_pol","9":"pa_dataoutput-usbhid","10":"pa_dataoutput-wireless","11":"pa_dataoutput-wirelesshid","12":"pa_indication-computerized2_4","13":"pa_measrange-0-1-mm","14":"pa_measrange-0-100-mm-4-inch","15":"pa_measrange-0-127-mm-05-inch","16":"pa_measrange-0-150-mm-6-inch","17":"pa_measrange-0-254-mm-1-inch","18":"pa_measrange-0-508-mm-2-inch","19":"pa_resolution_mm-5913","21":"first","22":"instock","23":"shipping-taxable","24":"purchasable","25":"product-type-variable"},"acf":[],"_links":{"self":[{"href":"https:\/\/microtech.tools\/de\/wp-json\/wp\/v2\/product\/44110","targetHints":{"allow":["GET"]}}],"collection":[{"href":"https:\/\/microtech.tools\/de\/wp-json\/wp\/v2\/product"}],"about":[{"href":"https:\/\/microtech.tools\/de\/wp-json\/wp\/v2\/types\/product"}],"wp:featuredmedia":[{"embeddable":true,"href":"https:\/\/microtech.tools\/de\/wp-json\/wp\/v2\/media\/44115"}],"wp:attachment":[{"href":"https:\/\/microtech.tools\/de\/wp-json\/wp\/v2\/media?parent=44110"}],"wp:term":[{"taxonomy":"product_brand","embeddable":true,"href":"https:\/\/microtech.tools\/de\/wp-json\/wp\/v2\/product_brand?post=44110"},{"taxonomy":"product_cat","embeddable":true,"href":"https:\/\/microtech.tools\/de\/wp-json\/wp\/v2\/product_cat?post=44110"},{"taxonomy":"product_tag","embeddable":true,"href":"https:\/\/microtech.tools\/de\/wp-json\/wp\/v2\/product_tag?post=44110"}],"curies":[{"name":"wp","href":"https:\/\/api.w.org\/{rel}","templated":true}]}}