{"id":45210,"date":"2025-08-26T14:09:02","date_gmt":"2025-08-26T11:09:02","guid":{"rendered":"https:\/\/microtech.tools\/?post_type=product&#038;p=45210"},"modified":"2026-03-19T17:29:02","modified_gmt":"2026-03-19T14:29:02","slug":"datamet-drahtloses-zweipunkt-innen-buegelmessschrauben-set","status":"publish","type":"product","link":"https:\/\/microtech.tools\/de\/produkt\/datamet-drahtloses-zweipunkt-innen-buegelmessschrauben-set\/","title":{"rendered":"DataMet drahtloses Zweipunkt-Innen-B\u00fcgelmessschrauben-Set"},"content":{"rendered":"<p data-path-to-node=\"1\">Ein Set von DataMet Zweipunkt-B\u00fcgelmessschrauben, hergestellt von MICROTECH, wird in Charkiw in \u00dcbereinstimmung mit ISO9001:2018 gefertigt. Zweipunkt-B\u00fcgelmessschrauben haben eine Aufl\u00f6sung von 0,0001. Das Set enth\u00e4lt Zweipunkt-B\u00fcgelmessschrauben mit einem allgemeinen Messbereich von bis zu 6 mm.<\/p>\n<p data-path-to-node=\"2\">Die computergesteuerte MICS-Messsystem-Innen-B\u00fcgelmessschraube verf\u00fcgt \u00fcber einen aktualisierten hochaufl\u00f6senden 1,54-Zoll-Bildschirm und folgende Funktionen:<\/p>\n<p data-path-to-node=\"3\">\u2013 Interner Speicher mit Statistikmodus \u2013 Farbige Gut\/Ausschuss-Anzeige (Grenzwerte) \u2013 Peak-Funktion (Min\/Max) \u2013 Timer (Messwertspeicherung oder Daten\u00fcbertragung) \u2013 Formel \u2013 Berechnungsindikator Ax2+Bx+C \u2013 Aufl\u00f6sungsauswahl (0,1 \/ 1 \/ 10 Mikron) \u2013 mm\/Zoll Auswahl \u2013 Temperaturkompensation \u2013 Mathematische Fehlerkompensation \u2013 Drahtlose Daten\u00fcbertragung auf Windows-, iOS- und Android-Ger\u00e4te \u2013 USB HID-Daten\u00fcbertragung auf Windows-, MacOS-, Linux- und Android-Ger\u00e4te (Tastaturmodus) \u2013 Eingebauter wiederaufladbarer Li-Pol-Akku mit magnetischem Ladeger\u00e4t \u2013 Farbiges hochaufl\u00f6sendes 1,44-Zoll-Display mit Touchscreen.<\/p>\n<p data-path-to-node=\"4\">MICROTECH Innen-B\u00fcgelmessschrauben durchlaufen die metrologische Kontrolle in einem akkreditierten metrologischen Labor nach ISO17025.<\/p>\n","protected":false},"excerpt":{"rendered":"<p>Ein Set von DataMet Zweipunkt-B\u00fcgelmessschrauben, hergestellt von MICROTECH, wird in Charkiw in \u00dcbereinstimmung mit ISO9001:2018 gefertigt. Zweipunkt-B\u00fcgelmessschrauben haben eine Aufl\u00f6sung von 0,0001. Das Set enth\u00e4lt Zweipunkt-B\u00fcgelmessschrauben mit einem allgemeinen Messbereich von bis zu 6 mm.<\/p>\n","protected":false},"featured_media":45215,"template":"","meta":{"_acf_changed":false},"product_brand":[6886],"product_cat":[5068],"product_tag":[],"class_list":{"0":"post-45210","1":"product","2":"type-product","3":"status-publish","4":"has-post-thumbnail","6":"product_brand-microtech","7":"product_cat-innenmikrometer","8":"pa_measrange-2-3-mm","9":"pa_measrange-3-6-mm","10":"pa_resolution_mm-0_0001","12":"first","13":"instock","14":"shipping-taxable","15":"purchasable","16":"product-type-variable"},"acf":[],"_links":{"self":[{"href":"https:\/\/microtech.tools\/de\/wp-json\/wp\/v2\/product\/45210","targetHints":{"allow":["GET"]}}],"collection":[{"href":"https:\/\/microtech.tools\/de\/wp-json\/wp\/v2\/product"}],"about":[{"href":"https:\/\/microtech.tools\/de\/wp-json\/wp\/v2\/types\/product"}],"wp:featuredmedia":[{"embeddable":true,"href":"https:\/\/microtech.tools\/de\/wp-json\/wp\/v2\/media\/45215"}],"wp:attachment":[{"href":"https:\/\/microtech.tools\/de\/wp-json\/wp\/v2\/media?parent=45210"}],"wp:term":[{"taxonomy":"product_brand","embeddable":true,"href":"https:\/\/microtech.tools\/de\/wp-json\/wp\/v2\/product_brand?post=45210"},{"taxonomy":"product_cat","embeddable":true,"href":"https:\/\/microtech.tools\/de\/wp-json\/wp\/v2\/product_cat?post=45210"},{"taxonomy":"product_tag","embeddable":true,"href":"https:\/\/microtech.tools\/de\/wp-json\/wp\/v2\/product_tag?post=45210"}],"curies":[{"name":"wp","href":"https:\/\/api.w.org\/{rel}","templated":true}]}}