{"id":46911,"date":"2023-03-06T13:46:04","date_gmt":"2023-03-06T10:46:04","guid":{"rendered":"https:\/\/microtech.tools\/?post_type=product&#038;p=46911"},"modified":"2026-03-19T17:06:09","modified_gmt":"2026-03-19T14:06:09","slug":"computergestuetzter-messstand-fuer-die-geradheitspruefung-von-rohren-drahtlos","status":"publish","type":"product","link":"https:\/\/microtech.tools\/de\/produkt\/computergestuetzter-messstand-fuer-die-geradheitspruefung-von-rohren-drahtlos\/","title":{"rendered":"Computergest\u00fctzter Messstand f\u00fcr die Geradheitspr\u00fcfung von Rohren drahtlos"},"content":{"rendered":"<p>Computergest\u00fctzter Messstand zur Messung der Geradheit von Rohren von MICROTECH. Die Messbereiche des Messstandes betragen 900, 1800, 2800 mm. Der Messstand verf\u00fcgt \u00fcber einen eingebauten Mikrocomputer mit einem 1,5 Zoll Farb-Touchscreen und bietet eine Ableseaufl\u00f6sung von 0,0001 mm. Zudem ist eine drahtlose Daten\u00fcbertragung an Windows-, Android- und iOS-Ger\u00e4te \u00fcber eine Entfernung von bis zu 50 m (mit externer Antenne) integriert. Alle Messst\u00e4nde durchlaufen eine 100% metrologische Kontrolle in einem akkreditierten Labor gem\u00e4\u00df ISO17025 (Ilac MRA). Der Messstand verf\u00fcgt \u00fcber ein Modul f\u00fcr die Daten\u00fcbertragung mit hoher Reichweite. MICROTECH bietet kostenlose Versionen der Anwendung f\u00fcr Windows PC, Android- und iOS-Smartphones und Tablets an. Sie k\u00f6nnen die MICROTECH MDS App \u00fcber den Link zu den MDS-Apps herunterladen<\/p>\n","protected":false},"excerpt":{"rendered":"<p>Computergest\u00fctzter Messstand zur Messung der Geradheit von Rohren von MICROTECH. Die Messbereiche des Messstandes betragen 900, 1800, 2800 mm. Der Messstand verf\u00fcgt \u00fcber einen eingebauten Mikrocomputer mit einem 1,5 Zoll Farb-Touchscreen und bietet eine Ableseaufl\u00f6sung von 0,0001 mm.<\/p>\n","protected":false},"featured_media":46912,"template":"","meta":{"_acf_changed":false},"product_brand":[6886],"product_cat":[5130],"product_tag":[],"class_list":{"0":"post-46911","1":"product","2":"type-product","3":"status-publish","4":"has-post-thumbnail","6":"product_brand-microtech","7":"product_cat-messstaender","8":"pa_battery-li_pol","9":"pa_dataoutput-usbhid","10":"pa_dataoutput-wireless","11":"pa_dataoutput-wirelesshid","12":"pa_indication-computerized2_4","13":"pa_rangeupto_mm-0-1100x0-12z","14":"pa_rangeupto_mm-0-1800x0-12z","15":"pa_rangeupto_mm-0-2100x0-12z","16":"pa_rangeupto_mm-0-2800x0-12z","17":"pa_rangeupto_mm-0-3100x0-12z","18":"pa_rangeupto_mm-0-3800x0-12z","19":"pa_rangeupto_mm-0-900x0-12z","20":"pa_resolution_mm-5913","22":"first","23":"instock","24":"shipping-taxable","25":"purchasable","26":"product-type-variable"},"acf":[],"_links":{"self":[{"href":"https:\/\/microtech.tools\/de\/wp-json\/wp\/v2\/product\/46911","targetHints":{"allow":["GET"]}}],"collection":[{"href":"https:\/\/microtech.tools\/de\/wp-json\/wp\/v2\/product"}],"about":[{"href":"https:\/\/microtech.tools\/de\/wp-json\/wp\/v2\/types\/product"}],"wp:featuredmedia":[{"embeddable":true,"href":"https:\/\/microtech.tools\/de\/wp-json\/wp\/v2\/media\/46912"}],"wp:attachment":[{"href":"https:\/\/microtech.tools\/de\/wp-json\/wp\/v2\/media?parent=46911"}],"wp:term":[{"taxonomy":"product_brand","embeddable":true,"href":"https:\/\/microtech.tools\/de\/wp-json\/wp\/v2\/product_brand?post=46911"},{"taxonomy":"product_cat","embeddable":true,"href":"https:\/\/microtech.tools\/de\/wp-json\/wp\/v2\/product_cat?post=46911"},{"taxonomy":"product_tag","embeddable":true,"href":"https:\/\/microtech.tools\/de\/wp-json\/wp\/v2\/product_tag?post=46911"}],"curies":[{"name":"wp","href":"https:\/\/api.w.org\/{rel}","templated":true}]}}