{"id":47725,"date":"2025-03-13T15:40:47","date_gmt":"2025-03-13T12:40:47","guid":{"rendered":"https:\/\/microtech.tools\/?post_type=product&#038;p=47725"},"modified":"2026-03-19T17:29:45","modified_gmt":"2026-03-19T14:29:45","slug":"certimet-digitaler-dickenmesser-mit-rollen","status":"publish","type":"product","link":"https:\/\/microtech.tools\/de\/produkt\/certimet-digitaler-dickenmesser-mit-rollen\/","title":{"rendered":"CertiMet Digitaler Dickenmesser mit Rollen"},"content":{"rendered":"<p data-path-to-node=\"1\">MICROTECH CertiMet digitale Foliendickenmesser mit Rollen sind ideal f\u00fcr die Messung der Dicke von sich bewegenden Materialien wie Dr\u00e4hten und Filamenten geeignet. Sie verf\u00fcgen \u00fcber eine digitale Anzeige mit einer Aufl\u00f6sung von 1 Mikron (0,001 mm) und einer Genauigkeit von +\/-12 \u00b5m, was pr\u00e4zise Messungen w\u00e4hrend des Betriebs gew\u00e4hrleistet.<\/p>\n<ul data-path-to-node=\"2\">\n<li>\n<p data-path-to-node=\"2,0,0\">Aufl\u00f6sung: 0,001 mm<\/p>\n<\/li>\n<li>\n<p data-path-to-node=\"2,1,0\">Genauigkeit: +\/-12 \u00b5m<\/p>\n<\/li>\n<li>\n<p data-path-to-node=\"2,2,0\">Messbereich: 0\u201310 mm<\/p>\n<\/li>\n<li>\n<p data-path-to-node=\"2,3,0\">B\u00fcgeltiefe: 100 mm<\/p>\n<\/li>\n<li>\n<p data-path-to-node=\"2,4,0\">Rollenbreite: 7 mm<\/p>\n<\/li>\n<li>\n<p data-path-to-node=\"2,5,0\">Ausgestattet mit einer Abhebevorrichtung f\u00fcr einen reibungslosen Betrieb<\/p>\n<\/li>\n<\/ul>\n<p data-path-to-node=\"3\">Diese Messger\u00e4te k\u00f6nnen auch an spezifische Anforderungen angepasst werden, und alle Einheiten werden in einem nach ISO17025 akkreditierten Labor gepr\u00fcft.<\/p>\n","protected":false},"excerpt":{"rendered":"<p>MICROTECH CertiMet digitale Foliendickenmesser mit Rollen sind ideal f\u00fcr die Messung der Dicke von sich bewegenden Materialien wie Dr\u00e4hten und Filamenten geeignet. Sie verf\u00fcgen \u00fcber eine digitale Anzeige mit einer Aufl\u00f6sung von 1 Mikron (0,001 mm) und einer Genauigkeit von +\/-12 \u00b5m, was pr\u00e4zise Messungen w\u00e4hrend des Betriebs gew\u00e4hrleistet.<\/p>\n","protected":false},"featured_media":47726,"template":"","meta":{"_acf_changed":false},"product_brand":[6886],"product_cat":[5154],"product_tag":[],"class_list":{"0":"post-47725","1":"product","2":"type-product","3":"status-publish","4":"has-post-thumbnail","6":"product_brand-microtech","7":"product_cat-folien-dickenmessgerate","8":"pa_battery-cr2032","9":"pa_calibration-iso17025","10":"pa_indication-digital","11":"pa_rangeupto_mm-6030","12":"pa_resolution_mm-0_001","14":"first","15":"instock","16":"shipping-taxable","17":"purchasable","18":"product-type-simple"},"acf":[],"_links":{"self":[{"href":"https:\/\/microtech.tools\/de\/wp-json\/wp\/v2\/product\/47725","targetHints":{"allow":["GET"]}}],"collection":[{"href":"https:\/\/microtech.tools\/de\/wp-json\/wp\/v2\/product"}],"about":[{"href":"https:\/\/microtech.tools\/de\/wp-json\/wp\/v2\/types\/product"}],"wp:featuredmedia":[{"embeddable":true,"href":"https:\/\/microtech.tools\/de\/wp-json\/wp\/v2\/media\/47726"}],"wp:attachment":[{"href":"https:\/\/microtech.tools\/de\/wp-json\/wp\/v2\/media?parent=47725"}],"wp:term":[{"taxonomy":"product_brand","embeddable":true,"href":"https:\/\/microtech.tools\/de\/wp-json\/wp\/v2\/product_brand?post=47725"},{"taxonomy":"product_cat","embeddable":true,"href":"https:\/\/microtech.tools\/de\/wp-json\/wp\/v2\/product_cat?post=47725"},{"taxonomy":"product_tag","embeddable":true,"href":"https:\/\/microtech.tools\/de\/wp-json\/wp\/v2\/product_tag?post=47725"}],"curies":[{"name":"wp","href":"https:\/\/api.w.org\/{rel}","templated":true}]}}