{"id":47938,"date":"2025-12-24T12:40:25","date_gmt":"2025-12-24T09:40:25","guid":{"rendered":"https:\/\/microtech.tools\/?post_type=product&#038;p=47938"},"modified":"2026-03-19T17:09:59","modified_gmt":"2026-03-19T14:09:59","slug":"certimet-digitale-mikron-spitzen-dickenmessgeraete-0-50x0001-800-mm","status":"publish","type":"product","link":"https:\/\/microtech.tools\/de\/produkt\/certimet-digitale-mikron-spitzen-dickenmessgeraete-0-50x0001-800-mm\/","title":{"rendered":"CertiMet digitale MIKRON SPITZEN-DICKENMESSGER\u00c4TE 0-50&#215;0,001 (800 mm)"},"content":{"rendered":"<p>MICROTECH fertigt digitale Spitzen-Dickenmessger\u00e4te mit verschiedenen Basen und Messfl\u00e4chen nach den aktuellsten Standards. Messbereich: 0-50 mm mit einer Genauigkeit von +\/-40 Mikron, Messkraft 1,8-2,3 N und Messtiefe 800 mm (Spitze D 0,3). Digitale Dickenmessger\u00e4te k\u00f6nnen mit einer digitalen Mikron-Messuhr mit PRESET-Funktion ausgestattet werden. Alle MICROTECH Dickenmessger\u00e4te durchlaufen eine metrologische Kontrolle in einem nach ISO 17025 akkreditierten Labor. Auf Kundenwunsch ist die Herstellung von digitalen Dickenmessger\u00e4ten mit individuellen Parametern (Messfl\u00e4chen, Kraft, Tiefe, Timer-Zeitraum, Funktionen) m\u00f6glich.<\/p>\n","protected":false},"excerpt":{"rendered":"<p>MICROTECH fertigt digitale Spitzen-Dickenmessger\u00e4te mit verschiedenen Basen und Messfl\u00e4chen nach den aktuellsten Standards. Messbereich: 0-50 mm mit einer Genauigkeit von +\/-40 Mikron, Messkraft 1,8-2,3 N und Messtiefe 800 mm (Spitze D 0,3).<\/p>\n","protected":false},"featured_media":47916,"template":"","meta":{"_acf_changed":false},"product_brand":[6886],"product_cat":[5148],"product_tag":[],"class_list":{"0":"post-47938","1":"product","2":"type-product","3":"status-publish","4":"has-post-thumbnail","6":"product_brand-microtech","7":"product_cat-digitale-punkt-dickenmessgeraete","8":"pa_meas-range-0-50-mm","9":"pa_resolution-mm-0-001-mm","11":"first","12":"instock","13":"purchasable","14":"product-type-simple"},"acf":[],"_links":{"self":[{"href":"https:\/\/microtech.tools\/de\/wp-json\/wp\/v2\/product\/47938","targetHints":{"allow":["GET"]}}],"collection":[{"href":"https:\/\/microtech.tools\/de\/wp-json\/wp\/v2\/product"}],"about":[{"href":"https:\/\/microtech.tools\/de\/wp-json\/wp\/v2\/types\/product"}],"wp:featuredmedia":[{"embeddable":true,"href":"https:\/\/microtech.tools\/de\/wp-json\/wp\/v2\/media\/47916"}],"wp:attachment":[{"href":"https:\/\/microtech.tools\/de\/wp-json\/wp\/v2\/media?parent=47938"}],"wp:term":[{"taxonomy":"product_brand","embeddable":true,"href":"https:\/\/microtech.tools\/de\/wp-json\/wp\/v2\/product_brand?post=47938"},{"taxonomy":"product_cat","embeddable":true,"href":"https:\/\/microtech.tools\/de\/wp-json\/wp\/v2\/product_cat?post=47938"},{"taxonomy":"product_tag","embeddable":true,"href":"https:\/\/microtech.tools\/de\/wp-json\/wp\/v2\/product_tag?post=47938"}],"curies":[{"name":"wp","href":"https:\/\/api.w.org\/{rel}","templated":true}]}}