{"id":47940,"date":"2025-12-24T12:40:25","date_gmt":"2025-12-24T09:40:25","guid":{"rendered":"https:\/\/microtech.tools\/?post_type=product&#038;p=47940"},"modified":"2026-03-19T17:10:00","modified_gmt":"2026-03-19T14:10:00","slug":"certimet-digitale-mikron-punkt-dickenmessgeraete-150-300x0001-400-mm","status":"publish","type":"product","link":"https:\/\/microtech.tools\/de\/produkt\/certimet-digitale-mikron-punkt-dickenmessgeraete-150-300x0001-400-mm\/","title":{"rendered":"CertiMet digitale MIKRON PUNKT-DICKENMESSGER\u00c4TE 150-300&#215;0,001 (400 mm)"},"content":{"rendered":"<p>MICROTECH fertigt digitale Punkt-Dickenmessger\u00e4te mit verschiedenen Basisplatten und Messfl\u00e4chen gem\u00e4\u00df den aktuellsten Standards. Messbereich: 150-300 mm mit einer Genauigkeit von +\/-70 Mikron, Messkraft nicht verf\u00fcgbar und Messtiefe 400 mm. Digitale Dickenmessger\u00e4te k\u00f6nnen mit einer digitalen Mikron-Messuhr mit PRESET-Funktion ausgestattet werden. Alle MICROTECH Dickenmessger\u00e4te durchlaufen eine metrologische Kontrolle in einem nach ISO17025 akkreditierten Labor. Auf spezielle Anfrage ist die Fertigung von digitalen Dickenmessger\u00e4ten mit kundenspezifischen Parametern (Messfl\u00e4chen, Kraft, Tiefe, Timer-Intervall, Funktionen) m\u00f6glich.<\/p>\n","protected":false},"excerpt":{"rendered":"<p>MICROTECH fertigt digitale Punkt-Dickenmessger\u00e4te mit verschiedenen Basisplatten und Messfl\u00e4chen gem\u00e4\u00df den aktuellsten Standards. Messbereich: 150-300 mm mit einer Genauigkeit von +\/-70 Mikron, Messkraft nicht verf\u00fcgbar und Messtiefe 400 mm.<\/p>\n","protected":false},"featured_media":47916,"template":"","meta":{"_acf_changed":false},"product_brand":[6886],"product_cat":[5148],"product_tag":[],"class_list":{"0":"post-47940","1":"product","2":"type-product","3":"status-publish","4":"has-post-thumbnail","6":"product_brand-microtech","7":"product_cat-digitale-punkt-dickenmessgeraete","8":"pa_meas-range-150-300-mm","9":"pa_resolution-mm-0-001-mm","11":"first","12":"instock","13":"purchasable","14":"product-type-simple"},"acf":[],"_links":{"self":[{"href":"https:\/\/microtech.tools\/de\/wp-json\/wp\/v2\/product\/47940","targetHints":{"allow":["GET"]}}],"collection":[{"href":"https:\/\/microtech.tools\/de\/wp-json\/wp\/v2\/product"}],"about":[{"href":"https:\/\/microtech.tools\/de\/wp-json\/wp\/v2\/types\/product"}],"wp:featuredmedia":[{"embeddable":true,"href":"https:\/\/microtech.tools\/de\/wp-json\/wp\/v2\/media\/47916"}],"wp:attachment":[{"href":"https:\/\/microtech.tools\/de\/wp-json\/wp\/v2\/media?parent=47940"}],"wp:term":[{"taxonomy":"product_brand","embeddable":true,"href":"https:\/\/microtech.tools\/de\/wp-json\/wp\/v2\/product_brand?post=47940"},{"taxonomy":"product_cat","embeddable":true,"href":"https:\/\/microtech.tools\/de\/wp-json\/wp\/v2\/product_cat?post=47940"},{"taxonomy":"product_tag","embeddable":true,"href":"https:\/\/microtech.tools\/de\/wp-json\/wp\/v2\/product_tag?post=47940"}],"curies":[{"name":"wp","href":"https:\/\/api.w.org\/{rel}","templated":true}]}}