{"id":47952,"date":"2025-12-24T12:40:25","date_gmt":"2025-12-24T09:40:25","guid":{"rendered":"https:\/\/microtech.tools\/?post_type=product&#038;p=47952"},"modified":"2026-03-19T17:10:02","modified_gmt":"2026-03-19T14:10:02","slug":"certimet-digitales-mikron-teller-dickenmessgeraet-d20mm-0-100x0001-800mm","status":"publish","type":"product","link":"https:\/\/microtech.tools\/de\/produkt\/certimet-digitales-mikron-teller-dickenmessgeraet-d20mm-0-100x0001-800mm\/","title":{"rendered":"CertiMet digitales MIKRON TELLER-DICKENMESSGER\u00c4T D=20mm 0-100&#215;0,001 (800mm)"},"content":{"rendered":"<p>MICROTECH fertigt digitale Teller-Dickenmessger\u00e4te mit Messfl\u00e4chen nach den aktuellsten Normen. Digitale Dickenmessger\u00e4te mit einem Messbereich von 0-100 mm, einer Aufl\u00f6sung von 0,001 mm und einer Ausladung von 800 mm k\u00f6nnen mit einer digitalen Mikron-Messuhr mit PRESET-Funktion ausgestattet werden. Alle MICROTECH Dickenmessger\u00e4te durchlaufen eine metrologische Kontrolle in einem nach ISO 17025 akkreditierten Labor. Es ist m\u00f6glich, digitale Dickenmessger\u00e4te mit kundenspezifischen Parametern (Messfl\u00e4chen, Messkraft, Ausladung, Timer-Intervall, Funktionen) auf spezielle Anfrage zu fertigen.<\/p>\n","protected":false},"excerpt":{"rendered":"<p>MICROTECH fertigt digitale Teller-Dickenmessger\u00e4te mit Messfl\u00e4chen nach den aktuellsten Normen. Digitale Dickenmessger\u00e4te mit einem Messbereich von 0-100 mm, einer Aufl\u00f6sung von 0,001 mm und einer Ausladung von 800 mm k\u00f6nnen mit einer digitalen Mikron-Messuhr mit PRESET-Funktion ausgestattet werden<\/p>\n","protected":false},"featured_media":47950,"template":"","meta":{"_acf_changed":false},"product_brand":[6886],"product_cat":[5146],"product_tag":[],"class_list":{"0":"post-47952","1":"product","2":"type-product","3":"status-publish","4":"has-post-thumbnail","6":"product_brand-microtech","7":"product_cat-digitale-scheiben-dickenmessgerate","8":"pa_meas-range-0-100-mm","9":"pa_resolution-mm-0-001-mm","11":"first","12":"instock","13":"purchasable","14":"product-type-simple"},"acf":[],"_links":{"self":[{"href":"https:\/\/microtech.tools\/de\/wp-json\/wp\/v2\/product\/47952","targetHints":{"allow":["GET"]}}],"collection":[{"href":"https:\/\/microtech.tools\/de\/wp-json\/wp\/v2\/product"}],"about":[{"href":"https:\/\/microtech.tools\/de\/wp-json\/wp\/v2\/types\/product"}],"wp:featuredmedia":[{"embeddable":true,"href":"https:\/\/microtech.tools\/de\/wp-json\/wp\/v2\/media\/47950"}],"wp:attachment":[{"href":"https:\/\/microtech.tools\/de\/wp-json\/wp\/v2\/media?parent=47952"}],"wp:term":[{"taxonomy":"product_brand","embeddable":true,"href":"https:\/\/microtech.tools\/de\/wp-json\/wp\/v2\/product_brand?post=47952"},{"taxonomy":"product_cat","embeddable":true,"href":"https:\/\/microtech.tools\/de\/wp-json\/wp\/v2\/product_cat?post=47952"},{"taxonomy":"product_tag","embeddable":true,"href":"https:\/\/microtech.tools\/de\/wp-json\/wp\/v2\/product_tag?post=47952"}],"curies":[{"name":"wp","href":"https:\/\/api.w.org\/{rel}","templated":true}]}}