{"id":48073,"date":"2025-12-24T12:39:57","date_gmt":"2025-12-24T09:39:57","guid":{"rendered":"https:\/\/microtech.tools\/?post_type=product&#038;p=48073"},"modified":"2026-03-19T17:10:18","modified_gmt":"2026-03-19T14:10:18","slug":"certimet-digitale-mikron-dickenmessgeraete-0-150x0001800mm","status":"publish","type":"product","link":"https:\/\/microtech.tools\/de\/produkt\/certimet-digitale-mikron-dickenmessgeraete-0-150x0001800mm\/","title":{"rendered":"CertiMet digitale MIKRON DICKENMESSGER\u00c4TE 0-150&#215;0,001(800mm)"},"content":{"rendered":"<p>MICROTECH fertigt digitale Dickenmessger\u00e4te mit einem Messbereich von 0-150 mm, einer Aufl\u00f6sung von 0,001 mm und einer Messtiefe von 800 mm. Die digitalen Dickenmessger\u00e4te k\u00f6nnen mit einer digitalen Mikron-Messuhr mit PRESET-Funktion ausgestattet werden. Alle MICROTECH Dickenmessger\u00e4te durchlaufen eine metrologische Kontrolle in einem nach ISO17025 akkreditierten Labor. Es ist m\u00f6glich, digitale Dickenmessger\u00e4te mit kundenspezifischen Parametern zu fertigen.<\/p>\n","protected":false},"excerpt":{"rendered":"<p>MICROTECH fertigt digitale Dickenmessger\u00e4te mit einem Messbereich von 0-150 mm, einer Aufl\u00f6sung von 0,001 mm und einer Messtiefe von 800 mm. Die digitalen Dickenmessger\u00e4te k\u00f6nnen mit einer digitalen Mikron-Messuhr mit PRESET-Funktion ausgestattet werden.<\/p>\n","protected":false},"featured_media":48058,"template":"","meta":{"_acf_changed":false},"product_brand":[6886],"product_cat":[5150],"product_tag":[],"class_list":{"0":"post-48073","1":"product","2":"type-product","3":"status-publish","4":"has-post-thumbnail","6":"product_brand-microtech","7":"product_cat-digitales-dickenmessgerat","8":"pa_meas-range-0-150-mm","9":"pa_resolution-mm-0-001-mm","11":"first","12":"instock","13":"purchasable","14":"product-type-simple"},"acf":[],"_links":{"self":[{"href":"https:\/\/microtech.tools\/de\/wp-json\/wp\/v2\/product\/48073","targetHints":{"allow":["GET"]}}],"collection":[{"href":"https:\/\/microtech.tools\/de\/wp-json\/wp\/v2\/product"}],"about":[{"href":"https:\/\/microtech.tools\/de\/wp-json\/wp\/v2\/types\/product"}],"wp:featuredmedia":[{"embeddable":true,"href":"https:\/\/microtech.tools\/de\/wp-json\/wp\/v2\/media\/48058"}],"wp:attachment":[{"href":"https:\/\/microtech.tools\/de\/wp-json\/wp\/v2\/media?parent=48073"}],"wp:term":[{"taxonomy":"product_brand","embeddable":true,"href":"https:\/\/microtech.tools\/de\/wp-json\/wp\/v2\/product_brand?post=48073"},{"taxonomy":"product_cat","embeddable":true,"href":"https:\/\/microtech.tools\/de\/wp-json\/wp\/v2\/product_cat?post=48073"},{"taxonomy":"product_tag","embeddable":true,"href":"https:\/\/microtech.tools\/de\/wp-json\/wp\/v2\/product_tag?post=48073"}],"curies":[{"name":"wp","href":"https:\/\/api.w.org\/{rel}","templated":true}]}}