{"id":48168,"date":"2025-12-24T12:41:16","date_gmt":"2025-12-24T09:41:16","guid":{"rendered":"https:\/\/microtech.tools\/?post_type=product&#038;p=48168"},"modified":"2026-03-19T17:09:12","modified_gmt":"2026-03-19T14:09:12","slug":"datamet-spitzen-dickenmessgeraete-0-150x00001400mm","status":"publish","type":"product","link":"https:\/\/microtech.tools\/de\/produkt\/datamet-spitzen-dickenmessgeraete-0-150x00001400mm\/","title":{"rendered":"DataMet SPITZEN-DICKENMESSGER\u00c4TE 0-150&#215;0,0001(400mm)"},"content":{"rendered":"<p data-path-to-node=\"1\">DataMet SPITZEN-DICKENMESSGER\u00c4TE mit Messbereich 0-150 mm und Tiefe 400 mm. MICROTECH Industrie 4.0 konformes Dickenmessger\u00e4t mit Bereich bis zu 300 mm und Tiefe bis zu 800 mm. Ausgestattet mit Computer-Messuhr mit 0,0001 mm Aufl\u00f6sung.<\/p>\n<p data-path-to-node=\"2\">Computergest\u00fctztes MICS-Messsystem, ausgestattet mit internem Speicher, Gut\/Ausschuss-Funktionen mit Farbanzeige, Max\/Min, Timer, PIN-Code, Formelfunktion, manueller Temperatur- und Fehlerkompensation.<\/p>\n<p data-path-to-node=\"3\">Hochaufl\u00f6sendes Farbdisplay und Touchscreen bieten hohe Benutzerfreundlichkeit.<\/p>\n<p data-path-to-node=\"4\">-Interner Speicher mit Statistikmodus -Farbige Gut\/Ausschuss-Anzeige (Grenzwerte) -Peak-Funktion (Min\/Max) -Timer (Ablesung in den Speicher oder Daten\u00fcbertragung) -Formel \u2013 Berechnungsindikator Ax2+Bx+C -Auswahl der Aufl\u00f6sung (0,1 \/ 1 \/ 10 Mikron) -mm\/Zoll-Auswahl -Temperaturkompensation -Mathematische Fehlerkompensation -Drahtlose Daten\u00fcbertragung an Windows-, iOS- und Android-Ger\u00e4te -USB-HID-Daten\u00fcbertragung an Windows-, MacOS-, Linux- und Android-Ger\u00e4te (Tastaturmodus) -Integrierter wiederaufladbarer Li-Pol-Akku mit magnetischem Ladeger\u00e4t -Hochaufl\u00f6sendes 1,54-Zoll-Farbdisplay mit Touchscreen.<\/p>\n<p data-path-to-node=\"5\">Das Ger\u00e4t verf\u00fcgt \u00fcber ein Modul zur drahtlosen Daten\u00fcbertragung mit gro\u00dfer Reichweite. MICROTECH bietet kostenlose App-Versionen f\u00fcr Windows-PC, Android- und iOS-Telefone und Tablets an.<\/p>\n<p data-path-to-node=\"6\">Computergest\u00fctzte Ger\u00e4te von MICROTECH verf\u00fcgen \u00fcber eine USB-HID-Daten\u00fcbertragungsfunktion, um aktuelle Daten und Daten aus dem Speicher direkt an jede Anwendung in Windows-, Linux-, MacOS- und Android-Systemen im Tastaturmodus mit einem normalen USB-Kabel ohne spezielle Software zu senden.<\/p>\n<p data-path-to-node=\"7\">Optionaler MODBUS RTU-Datenausgang (RS-485) f\u00fcr industrielle Verbindungen. Schnelles Ablesesystem 50 Werte\/Sek. Alle MICROTECH Messuhren bestehen die metrologische Kontrolle in einem nach ISO 17025 ILAC akkreditierten Labor mit Kalibrierzertifikat.<\/p>\n","protected":false},"excerpt":{"rendered":"<p>DataMet SPITZEN-DICKENMESSGER\u00c4TE mit Messbereich 0-150 mm und Tiefe 400 mm. MICROTECH Industrie 4.0 konformes Dickenmessger\u00e4t mit Bereich bis zu 300 mm und Tiefe bis zu 800 mm. Ausgestattet mit Computer-Messuhr mit 0,0001 mm Aufl\u00f6sung.<\/p>\n","protected":false},"featured_media":48161,"template":"","meta":{"_acf_changed":false},"product_brand":[6886],"product_cat":[5142],"product_tag":[],"class_list":{"0":"post-48168","1":"product","2":"type-product","3":"status-publish","4":"has-post-thumbnail","6":"product_brand-microtech","7":"product_cat-computergestuetzte-punkt-dickenmessgeraete","8":"pa_meas-range-0-150-mm","9":"pa_resolution-mm-0-0001-mm","11":"first","12":"instock","13":"purchasable","14":"product-type-simple"},"acf":[],"_links":{"self":[{"href":"https:\/\/microtech.tools\/de\/wp-json\/wp\/v2\/product\/48168","targetHints":{"allow":["GET"]}}],"collection":[{"href":"https:\/\/microtech.tools\/de\/wp-json\/wp\/v2\/product"}],"about":[{"href":"https:\/\/microtech.tools\/de\/wp-json\/wp\/v2\/types\/product"}],"wp:featuredmedia":[{"embeddable":true,"href":"https:\/\/microtech.tools\/de\/wp-json\/wp\/v2\/media\/48161"}],"wp:attachment":[{"href":"https:\/\/microtech.tools\/de\/wp-json\/wp\/v2\/media?parent=48168"}],"wp:term":[{"taxonomy":"product_brand","embeddable":true,"href":"https:\/\/microtech.tools\/de\/wp-json\/wp\/v2\/product_brand?post=48168"},{"taxonomy":"product_cat","embeddable":true,"href":"https:\/\/microtech.tools\/de\/wp-json\/wp\/v2\/product_cat?post=48168"},{"taxonomy":"product_tag","embeddable":true,"href":"https:\/\/microtech.tools\/de\/wp-json\/wp\/v2\/product_tag?post=48168"}],"curies":[{"name":"wp","href":"https:\/\/api.w.org\/{rel}","templated":true}]}}