{"id":48187,"date":"2025-12-24T12:41:16","date_gmt":"2025-12-24T09:41:16","guid":{"rendered":"https:\/\/microtech.tools\/?post_type=product&#038;p=48187"},"modified":"2026-03-19T17:09:18","modified_gmt":"2026-03-19T14:09:18","slug":"datamet-spitzen-dickenmessgeraet-150-300x00001400mm","status":"publish","type":"product","link":"https:\/\/microtech.tools\/de\/produkt\/datamet-spitzen-dickenmessgeraet-150-300x00001400mm\/","title":{"rendered":"DataMet SPITZEN-DICKENMESSGER\u00c4T 150-300&#215;0,0001(400mm)"},"content":{"rendered":"<p data-path-to-node=\"1\">DataMet SPITZEN-DICKENMESSGER\u00c4T mit Messbereich 150-300 mm und Tiefe 400 mm. MICROTECH Industrie 4.0 angepasstes Dickenmessger\u00e4t mit Bereich bis zu 300 mm und Tiefe bis zu 800 mm. Ausgestattet mit computergesteuertem Anzeigeger\u00e4t mit 0,0001 mm Aufl\u00f6sung. Computergesteuertes MICS-Messsystem, ausgestattet mit internem Speicher, Gut\/Ausschuss-Funktionen mit Farbanzeige, Max\/Min, Timer, PIN-Code, Formelfunktion, manueller Temperatur- und Fehlerkompensation. Hochaufl\u00f6sendes Farbdisplay und Touchscreen sorgen f\u00fcr hohe Benutzerfreundlichkeit.<\/p>\n<ul data-path-to-node=\"2\">\n<li>\n<p data-path-to-node=\"2,0,0\">Interner Speicher mit Statistikmodus<\/p>\n<\/li>\n<li>\n<p data-path-to-node=\"2,1,0\">Farbige Gut\/Ausschuss-Anzeige (Grenzwerte)<\/p>\n<\/li>\n<li>\n<p data-path-to-node=\"2,2,0\">Spitzenwertfunktion (Min\/Max)<\/p>\n<\/li>\n<li>\n<p data-path-to-node=\"2,3,0\">Timer (Auslesen in den Speicher oder Daten\u00fcbertragung)<\/p>\n<\/li>\n<li>\n<p data-path-to-node=\"2,4,0\">Formel \u2013 Berechnungsindikator Ax2+Bx+C<\/p>\n<\/li>\n<li>\n<p data-path-to-node=\"2,5,0\">Aufl\u00f6sungswahl (0,1 \/ 1 \/ 10 Mikron)<\/p>\n<\/li>\n<li>\n<p data-path-to-node=\"2,6,0\">mm\/Zoll-Umschaltung<\/p>\n<\/li>\n<li>\n<p data-path-to-node=\"2,7,0\">Temperaturkompensation<\/p>\n<\/li>\n<li>\n<p data-path-to-node=\"2,8,0\">Mathematische Fehlerkompensation<\/p>\n<\/li>\n<li>\n<p data-path-to-node=\"2,9,0\">Drahtlose Daten\u00fcbertragung an Windows-, iOS- und Android-Ger\u00e4te<\/p>\n<\/li>\n<li>\n<p data-path-to-node=\"2,10,0\">USB HID-Daten\u00fcbertragung an Windows-, MacOS-, Linux- und Android-Ger\u00e4te (Tastaturmodus)<\/p>\n<\/li>\n<li>\n<p data-path-to-node=\"2,11,0\">Eingebauter wiederaufladbarer Li-Pol-Akku mit magnetischem Ladeger\u00e4t<\/p>\n<\/li>\n<li>\n<p data-path-to-node=\"2,12,0\">Hochaufl\u00f6sendes 1,54-Zoll-Farbdisplay mit Touchscreen.<\/p>\n<\/li>\n<\/ul>\n<p data-path-to-node=\"3\">Das Ger\u00e4t verf\u00fcgt \u00fcber ein drahtloses Daten\u00fcbertragungsmodul mit gro\u00dfer Reichweite. MICROTECH bietet kostenlose App-Versionen f\u00fcr Windows-PC, Android- sowie iOS-Telefone und Tablets an. Computergesteuerte MICROTECH-Ger\u00e4te verf\u00fcgen \u00fcber eine USB HID-Daten\u00fcbertragungsfunktion, um aktuelle Daten und Daten aus dem Speicher im Tastaturmodus \u00fcber ein herk\u00f6mmliches USB-Kabel ohne spezielle Software direkt an jede Anwendung in Windows-, Linux-, MacOS- und Android-Systemen zu senden. Optionaler MODBUS RTU-Datenausgang (RS-485) f\u00fcr industrielle Verbindungen. Schnelles Lesesystem mit 50 Werten\/Sek. Alle MICROTECH Messuhren durchlaufen eine metrologische Kontrolle in einem nach ISO 17025 ILAC akkreditierten Labor mit Kalibrierzertifikat.<\/p>\n","protected":false},"excerpt":{"rendered":"<p>DataMet SPITZEN-DICKENMESSGER\u00c4T mit Messbereich 150-300 mm und Tiefe 400 mm. MICROTECH Industrie 4.0 angepasstes Dickenmessger\u00e4t mit Bereich bis zu 300 mm und Tiefe bis zu 800 mm. Ausgestattet mit computergesteuertem Anzeigeger\u00e4t mit 0,0001 mm Aufl\u00f6sung<\/p>\n","protected":false},"featured_media":48161,"template":"","meta":{"_acf_changed":false},"product_brand":[6886],"product_cat":[5142],"product_tag":[],"class_list":{"0":"post-48187","1":"product","2":"type-product","3":"status-publish","4":"has-post-thumbnail","6":"product_brand-microtech","7":"product_cat-computergestuetzte-punkt-dickenmessgeraete","8":"pa_meas-range-150-300-mm","9":"pa_resolution-mm-0-0001-mm","11":"first","12":"instock","13":"purchasable","14":"product-type-simple"},"acf":[],"_links":{"self":[{"href":"https:\/\/microtech.tools\/de\/wp-json\/wp\/v2\/product\/48187","targetHints":{"allow":["GET"]}}],"collection":[{"href":"https:\/\/microtech.tools\/de\/wp-json\/wp\/v2\/product"}],"about":[{"href":"https:\/\/microtech.tools\/de\/wp-json\/wp\/v2\/types\/product"}],"wp:featuredmedia":[{"embeddable":true,"href":"https:\/\/microtech.tools\/de\/wp-json\/wp\/v2\/media\/48161"}],"wp:attachment":[{"href":"https:\/\/microtech.tools\/de\/wp-json\/wp\/v2\/media?parent=48187"}],"wp:term":[{"taxonomy":"product_brand","embeddable":true,"href":"https:\/\/microtech.tools\/de\/wp-json\/wp\/v2\/product_brand?post=48187"},{"taxonomy":"product_cat","embeddable":true,"href":"https:\/\/microtech.tools\/de\/wp-json\/wp\/v2\/product_cat?post=48187"},{"taxonomy":"product_tag","embeddable":true,"href":"https:\/\/microtech.tools\/de\/wp-json\/wp\/v2\/product_tag?post=48187"}],"curies":[{"name":"wp","href":"https:\/\/api.w.org\/{rel}","templated":true}]}}