{"id":48251,"date":"2025-12-24T12:41:33","date_gmt":"2025-12-24T09:41:33","guid":{"rendered":"https:\/\/microtech.tools\/?post_type=product&#038;p=48251"},"modified":"2026-03-19T17:09:04","modified_gmt":"2026-03-19T14:09:04","slug":"datamet-teller-dickenmessgeraet-d50mm-0-100x00001-400-mm","status":"publish","type":"product","link":"https:\/\/microtech.tools\/de\/produkt\/datamet-teller-dickenmessgeraet-d50mm-0-100x00001-400-mm\/","title":{"rendered":"DataMet TELLER-DICKENMESSGER\u00c4T D=50mm 0-100&#215;0,0001 (400 mm)"},"content":{"rendered":"<p data-path-to-node=\"1\">MICROTECH fertigt computergesteuerte Teller-Dickenmessger\u00e4te mit verschiedenen Ambossen und Messfl\u00e4chen nach den aktuellsten Standards. Ausgestattet mit dem computergesteuerten DataMet-Anzeigeger\u00e4t f\u00fcr Industrie 4.0 Anwendungen.<\/p>\n<p data-path-to-node=\"2\">Messbereich 0-100 mm, Aufl\u00f6sung 0,0001 mm, Tiefe 400 mm, Ambossdurchmesser D=50 mm<\/p>\n<p data-path-to-node=\"3\">Das computergesteuerte MICS-Messsystem ist mit einem internen Speicher, Gut\/Ausschuss-Funktionen mit Farbanzeige, Max\/Min, Timer, PIN-Code, Formelfunktion sowie manueller Temperatur- und Fehlerkompensation ausgestattet. Das hochaufl\u00f6sende Fardisplay mit Touchscreen bietet eine hohe Benutzerfreundlichkeit.<\/p>\n<ul data-path-to-node=\"4\">\n<li>\n<p data-path-to-node=\"4,0,0\">Interner Speicher mit Statistikmodus<\/p>\n<\/li>\n<li>\n<p data-path-to-node=\"4,1,0\">Farbige Gut\/Ausschuss-Anzeige (Grenzwerte)<\/p>\n<\/li>\n<li>\n<p data-path-to-node=\"4,2,0\">Spitzenwertfunktion (Min\/Max)<\/p>\n<\/li>\n<li>\n<p data-path-to-node=\"4,3,0\">Timer (Auslesen in den Speicher oder Daten\u00fcbertragung)<\/p>\n<\/li>\n<li>\n<p data-path-to-node=\"4,4,0\">Formel \u2013 Berechnungsanzeige Ax2+Bx+C<\/p>\n<\/li>\n<li>\n<p data-path-to-node=\"4,5,0\">Auswahl der Aufl\u00f6sung (0,1 \/ 1 \/ 10 Mikron)<\/p>\n<\/li>\n<li>\n<p data-path-to-node=\"4,6,0\">mm\/Zoll-Umschaltung<\/p>\n<\/li>\n<li>\n<p data-path-to-node=\"4,7,0\">Temperaturkompensation<\/p>\n<\/li>\n<li>\n<p data-path-to-node=\"4,8,0\">Mathematische Fehlerkompensation<\/p>\n<\/li>\n<li>\n<p data-path-to-node=\"4,9,0\">Drahtlose Daten\u00fcbertragung auf Windows-, iOS- und Android-Ger\u00e4te<\/p>\n<\/li>\n<li>\n<p data-path-to-node=\"4,10,0\">USB-HID-Daten\u00fcbertragung auf Windows-, MacOS-, Linux- und Android-Ger\u00e4te (Tastaturmodus)<\/p>\n<\/li>\n<li>\n<p data-path-to-node=\"4,11,0\">Eingebauter wiederaufladbarer Li-Pol-Akku mit magnetischem Ladeger\u00e4t<\/p>\n<\/li>\n<li>\n<p data-path-to-node=\"4,12,0\">Hochaufl\u00f6sendes 1,54-Zoll-Farbdisplay mit Touchscreen<\/p>\n<\/li>\n<\/ul>\n<p data-path-to-node=\"5\">Das Ger\u00e4t verf\u00fcgt \u00fcber ein Modul zur drahtlosen Daten\u00fcbertragung mit gro\u00dfer Reichweite. MICROTECH bietet kostenlose App-Versionen f\u00fcr Windows-PC, Android- und iOS-Smartphones und Tablets an.<\/p>\n<p data-path-to-node=\"6\">Computergesteuerte MICROTECH-Ger\u00e4te verf\u00fcgen \u00fcber eine USB-HID-Daten\u00fcbertragungsfunktion, um aktuelle Daten und Daten aus dem Speicher direkt an jede Anwendung in Windows-, Linux-, MacOS- und Android-Systemen im Tastaturmodus \u00fcber ein normales USB-Kabel ohne spezielle Software zu senden.<\/p>\n<p data-path-to-node=\"7\">Alle MICROTECH Pr\u00e4zisions-Dickenmessger\u00e4te durchlaufen eine metrologische Kontrolle auf einem automatischen Kalibrierstand im akkreditierten ISO 17025:2019 Metrologielabor. Alle Dickenmessger\u00e4te werden komplett mit Kalibrierprotokoll und Bedienungsanleitung geliefert.<\/p>\n","protected":false},"excerpt":{"rendered":"<p data-path-to-node=\"1\">MICROTECH fertigt computergesteuerte Teller-Dickenmessger\u00e4te mit verschiedenen Ambossen und Messfl\u00e4chen nach den aktuellsten Standards. Ausgestattet mit dem computergesteuerten DataMet-Anzeigeger\u00e4t f\u00fcr Industrie 4.0 Anwendungen.<\/p>\n<p data-path-to-node=\"2\">Messbereich 0-100 mm, Aufl\u00f6sung 0,0001 mm, Tiefe 400 mm, Ambossdurchmesser D=50 mm<\/p>\n","protected":false},"featured_media":48200,"template":"","meta":{"_acf_changed":false},"product_brand":[6886],"product_cat":[5140],"product_tag":[],"class_list":{"0":"post-48251","1":"product","2":"type-product","3":"status-publish","4":"has-post-thumbnail","6":"product_brand-microtech","7":"product_cat-computergestutzte-scheibenmikrometer","8":"pa_meas-range-0-100-mm","9":"pa_resolution-mm-0-0001-mm","11":"first","12":"instock","13":"purchasable","14":"product-type-simple"},"acf":[],"_links":{"self":[{"href":"https:\/\/microtech.tools\/de\/wp-json\/wp\/v2\/product\/48251","targetHints":{"allow":["GET"]}}],"collection":[{"href":"https:\/\/microtech.tools\/de\/wp-json\/wp\/v2\/product"}],"about":[{"href":"https:\/\/microtech.tools\/de\/wp-json\/wp\/v2\/types\/product"}],"wp:featuredmedia":[{"embeddable":true,"href":"https:\/\/microtech.tools\/de\/wp-json\/wp\/v2\/media\/48200"}],"wp:attachment":[{"href":"https:\/\/microtech.tools\/de\/wp-json\/wp\/v2\/media?parent=48251"}],"wp:term":[{"taxonomy":"product_brand","embeddable":true,"href":"https:\/\/microtech.tools\/de\/wp-json\/wp\/v2\/product_brand?post=48251"},{"taxonomy":"product_cat","embeddable":true,"href":"https:\/\/microtech.tools\/de\/wp-json\/wp\/v2\/product_cat?post=48251"},{"taxonomy":"product_tag","embeddable":true,"href":"https:\/\/microtech.tools\/de\/wp-json\/wp\/v2\/product_tag?post=48251"}],"curies":[{"name":"wp","href":"https:\/\/api.w.org\/{rel}","templated":true}]}}