{"id":48319,"date":"2025-12-24T12:40:59","date_gmt":"2025-12-24T09:40:59","guid":{"rendered":"https:\/\/microtech.tools\/?post_type=product&#038;p=48319"},"modified":"2026-03-19T17:09:35","modified_gmt":"2026-03-19T14:09:35","slug":"datamet-dickenmessgeraete-0-30x00001200-mm-drahtlosusb","status":"publish","type":"product","link":"https:\/\/microtech.tools\/de\/produkt\/datamet-dickenmessgeraete-0-30x00001200-mm-drahtlosusb\/","title":{"rendered":"DataMet DICKENMESSGER\u00c4TE 0-30&#215;0,0001(200 mm) drahtlos+USB"},"content":{"rendered":"<p data-path-to-node=\"1\">Computergesteuerte Dickenmessger\u00e4te mit maximalem Messbereich 300 mm und B\u00fcgeltiefe 800 mm. MICROTECH DataMet Dickenmessger\u00e4te mit Messbereich 0-30 mm und B\u00fcgeltiefe 200 mm. Ausgestattet mit computergesteuerter Messuhr. Computergesteuertes MICS-Messsystem ausgestattet mit internem Speicher, Gut\/Ausschuss-Funktionen mit Farbanzeige, Max\/Min, Timer, PIN-Code, Formelfunktion, manueller Temperatur- und Fehlerkompensation. Hochaufl\u00f6sendes Farbdisplay und Touchscreen sorgen f\u00fcr hohe Benutzerfreundlichkeit.<\/p>\n<ul data-path-to-node=\"2\">\n<li>\n<p data-path-to-node=\"2,0,0\">Interner Speicher mit Statistikmodus<\/p>\n<\/li>\n<li>\n<p data-path-to-node=\"2,1,0\">Farblich markierte Gut\/Ausschuss-Anzeige (Grenzwerte)<\/p>\n<\/li>\n<li>\n<p data-path-to-node=\"2,2,0\">Peak-Funktion (Min\/Max)<\/p>\n<\/li>\n<li>\n<p data-path-to-node=\"2,3,0\">Timer (Einlesen in den Speicher oder Daten\u00fcbertragung)<\/p>\n<\/li>\n<li>\n<p data-path-to-node=\"2,4,0\">Formel \u2013 Berechnungsanzeige Ax2+Bx+C<\/p>\n<\/li>\n<li>\n<p data-path-to-node=\"2,5,0\">Aufl\u00f6sungswahl (0,1 \/ 1 \/ 10 Mikron)<\/p>\n<\/li>\n<li>\n<p data-path-to-node=\"2,6,0\">mm\/Zoll-Auswahl<\/p>\n<\/li>\n<li>\n<p data-path-to-node=\"2,7,0\">Temperaturkompensation<\/p>\n<\/li>\n<li>\n<p data-path-to-node=\"2,8,0\">Mathematische Fehlerkompensation<\/p>\n<\/li>\n<li>\n<p data-path-to-node=\"2,9,0\">Drahtlose Daten\u00fcbertragung auf Windows-, iOS- und Android-Ger\u00e4te<\/p>\n<\/li>\n<li>\n<p data-path-to-node=\"2,10,0\">USB-HID-Daten\u00fcbertragung auf Windows-, MacOS-, Linux- und Android-Ger\u00e4te (Tastaturmodus)<\/p>\n<\/li>\n<li>\n<p data-path-to-node=\"2,11,0\">Integrierter wiederaufladbarer Li-Pol-Akku mit magnetischem Ladeger\u00e4t<\/p>\n<\/li>\n<li>\n<p data-path-to-node=\"2,12,0\">Hochaufl\u00f6sendes 1,54-Zoll-Farbdisplay mit Touchscreen.<\/p>\n<\/li>\n<\/ul>\n<p data-path-to-node=\"3\">Das Ger\u00e4t verf\u00fcgt \u00fcber ein Modul zur drahtlosen Daten\u00fcbertragung mit gro\u00dfer Reichweite. MICROTECH bietet kostenlose App-Versionen f\u00fcr Windows-PC, Android- sowie iOS-Smartphones und -Tablets an. Computergesteuerte MICROTECH-Ger\u00e4te verf\u00fcgen \u00fcber eine USB-HID-Daten\u00fcbertragungsfunktion, um aktuelle Daten und Daten aus dem Speicher direkt an jede Anwendung in Windows-, Linux-, MacOS- und Android-Systemen im Tastaturmodus mit einem gew\u00f6hnlichen USB-Kabel ohne spezielle Software zu senden. Es ist m\u00f6glich, jede Gr\u00f6\u00dfe von Dickenmessger\u00e4ten nach Kundenwunsch mit speziellen Messfl\u00e4chen und Messkraft zu fertigen. Alle MICROTECH Dickenmessger\u00e4te verf\u00fcgen \u00fcber handgefertigte Messfl\u00e4chen (Ra&lt;0,32) und bestehen die messtechnische Kontrolle in einem nach ISO 17025 ilac akkreditierten Labor inklusive kostenlosem Kalibrierzertifikat.<\/p>\n","protected":false},"excerpt":{"rendered":"<p>Computergesteuerte Dickenmessger\u00e4te mit maximalem Messbereich 300 mm und B\u00fcgeltiefe 800 mm. MICROTECH DataMet Dickenmessger\u00e4te mit Messbereich 0-30 mm und B\u00fcgeltiefe 200 mm. Ausgestattet mit computergesteuerter Messuhr.<\/p>\n","protected":false},"featured_media":48295,"template":"","meta":{"_acf_changed":false},"product_brand":[6886],"product_cat":[5138],"product_tag":[],"class_list":{"0":"post-48319","1":"product","2":"type-product","3":"status-publish","4":"has-post-thumbnail","6":"product_brand-microtech","7":"product_cat-digitale-dickenmessgerate","8":"pa_meas-range-0-30-mm","9":"pa_resolution-mm-0-0001-mm","11":"first","12":"instock","13":"purchasable","14":"product-type-simple"},"acf":[],"_links":{"self":[{"href":"https:\/\/microtech.tools\/de\/wp-json\/wp\/v2\/product\/48319","targetHints":{"allow":["GET"]}}],"collection":[{"href":"https:\/\/microtech.tools\/de\/wp-json\/wp\/v2\/product"}],"about":[{"href":"https:\/\/microtech.tools\/de\/wp-json\/wp\/v2\/types\/product"}],"wp:featuredmedia":[{"embeddable":true,"href":"https:\/\/microtech.tools\/de\/wp-json\/wp\/v2\/media\/48295"}],"wp:attachment":[{"href":"https:\/\/microtech.tools\/de\/wp-json\/wp\/v2\/media?parent=48319"}],"wp:term":[{"taxonomy":"product_brand","embeddable":true,"href":"https:\/\/microtech.tools\/de\/wp-json\/wp\/v2\/product_brand?post=48319"},{"taxonomy":"product_cat","embeddable":true,"href":"https:\/\/microtech.tools\/de\/wp-json\/wp\/v2\/product_cat?post=48319"},{"taxonomy":"product_tag","embeddable":true,"href":"https:\/\/microtech.tools\/de\/wp-json\/wp\/v2\/product_tag?post=48319"}],"curies":[{"name":"wp","href":"https:\/\/api.w.org\/{rel}","templated":true}]}}