{"id":48339,"date":"2026-01-08T10:00:56","date_gmt":"2026-01-08T07:00:56","guid":{"rendered":"https:\/\/microtech.tools\/?post_type=product&#038;p=48339"},"modified":"2026-03-27T11:32:56","modified_gmt":"2026-03-27T08:32:56","slug":"drahtlose-dickenmessgeraete-0-30x00001","status":"publish","type":"product","link":"https:\/\/microtech.tools\/de\/produkt\/drahtlose-dickenmessgeraete-0-30x00001\/","title":{"rendered":"DataMet DRAHTLOSE DICKENMESSGER\u00c4TE 0-30&#215;0,0001 (300 mm) CARBON"},"content":{"rendered":"<p data-path-to-node=\"1\">MICROTECH Dickenmessger\u00e4te mit einem Messbereich von 0-30 mm und einer Tiefe von 300 mm. Ausgestattet mit einer computergesteuerten Messuhr. Computergesteuertes MICS-Messsystem, ausgestattet mit internem Speicher, Gut\/Ausschuss-Funktionen (Go\/NoGo) mit Farbanzeige, Max\/Min, Timer, PIN-Code, Formelfunktion, manueller Temperatur- und Fehlerkompensation. Das hochaufl\u00f6sende Farbdisplay und der Touchscreen bieten eine hohe Benutzerfreundlichkeit.<\/p>\n<ul data-path-to-node=\"2\">\n<li>\n<p data-path-to-node=\"2,0,0\">Interner Speicher mit Statistikmodus<\/p>\n<\/li>\n<li>\n<p data-path-to-node=\"2,1,0\">Farbige Gut\/Ausschuss-Anzeige (Grenzwerte)<\/p>\n<\/li>\n<li>\n<p data-path-to-node=\"2,2,0\">Peak-Funktion (Min\/Max)<\/p>\n<\/li>\n<li>\n<p data-path-to-node=\"2,3,0\">Timer (Speichern von Messwerten oder Daten\u00fcbertragung)<\/p>\n<\/li>\n<li>\n<p data-path-to-node=\"2,4,0\">Formel \u2013 Berechnungsanzeige Ax2+Bx+C<\/p>\n<\/li>\n<li>\n<p data-path-to-node=\"2,5,0\">Auswahl der Aufl\u00f6sung (0,1 \/ 1 \/ 10 Mikron)<\/p>\n<\/li>\n<li>\n<p data-path-to-node=\"2,6,0\">mm\/Zoll-Umschaltung<\/p>\n<\/li>\n<li>\n<p data-path-to-node=\"2,7,0\">Temperaturkompensation<\/p>\n<\/li>\n<li>\n<p data-path-to-node=\"2,8,0\">Mathematische Fehlerkompensation<\/p>\n<\/li>\n<li>\n<p data-path-to-node=\"2,9,0\">Drahtlose Daten\u00fcbertragung auf Windows-, iOS- und Android-Ger\u00e4te<\/p>\n<\/li>\n<li>\n<p data-path-to-node=\"2,10,0\">USB-HID-Daten\u00fcbertragung auf Windows-, MacOS-, Linux- und Android-Ger\u00e4te (Tastaturmodus)<\/p>\n<\/li>\n<li>\n<p data-path-to-node=\"2,11,0\">Integrierter wiederaufladbarer Li-Pol-Akku mit magnetischem Ladeger\u00e4t<\/p>\n<\/li>\n<li>\n<p data-path-to-node=\"2,12,0\">Hochaufl\u00f6sendes 1,54-Zoll-Farbdisplay mit Touchscreen.<\/p>\n<\/li>\n<\/ul>\n<p data-path-to-node=\"3\">Das Ger\u00e4t verf\u00fcgt \u00fcber ein Modul zur drahtlosen Daten\u00fcbertragung mit gro\u00dfer Reichweite. MICROTECH bietet kostenlose App-Versionen f\u00fcr Windows-PC, Android- und iOS-Smartphones und Tablets an. Computergesteuerte MICROTECH-Ger\u00e4te verf\u00fcgen \u00fcber eine USB-HID-Daten\u00fcbertragungsfunktion, um aktuelle Daten und Daten aus dem Speicher direkt an jede Anwendung in Windows-, Linux-, MacOS- und Android-Systemen im Tastaturmodus mit einem herk\u00f6mmlichen USB-Kabel ohne spezielle Software zu senden. Es ist m\u00f6glich, jede Gr\u00f6\u00dfe von Dickenmessger\u00e4ten nach Kundenwunsch mit speziellen Messaufs\u00e4tzen und definierter Messkraft zu fertigen. Alle MICROTECH Dickenmessger\u00e4te verf\u00fcgen \u00fcber handbearbeitete Messfl\u00e4chen (Ra&lt;0,32) und bestehen die metrologische Kontrolle in einem nach ISO 17025 ilac akkreditierten Labor inklusive kostenlosem Kalibrierzertifikat.<\/p>\n","protected":false},"excerpt":{"rendered":"<p>MICROTECH Dickenmessger\u00e4te mit einem Messbereich von 0-30 mm und einer Tiefe von 300 mm. Ausgestattet mit einer computergesteuerten Messuhr.<\/p>\n","protected":false},"featured_media":48340,"template":"","meta":{"_acf_changed":false},"product_brand":[6886],"product_cat":[5138],"product_tag":[],"class_list":{"0":"post-48339","1":"product","2":"type-product","3":"status-publish","4":"has-post-thumbnail","6":"product_brand-microtech","7":"product_cat-digitale-dickenmessgerate","8":"pa_meas-range-0-30-mm","9":"pa_resolution-mm-0-0001-mm","11":"first","12":"instock","13":"purchasable","14":"product-type-simple"},"acf":[],"_links":{"self":[{"href":"https:\/\/microtech.tools\/de\/wp-json\/wp\/v2\/product\/48339","targetHints":{"allow":["GET"]}}],"collection":[{"href":"https:\/\/microtech.tools\/de\/wp-json\/wp\/v2\/product"}],"about":[{"href":"https:\/\/microtech.tools\/de\/wp-json\/wp\/v2\/types\/product"}],"wp:featuredmedia":[{"embeddable":true,"href":"https:\/\/microtech.tools\/de\/wp-json\/wp\/v2\/media\/48340"}],"wp:attachment":[{"href":"https:\/\/microtech.tools\/de\/wp-json\/wp\/v2\/media?parent=48339"}],"wp:term":[{"taxonomy":"product_brand","embeddable":true,"href":"https:\/\/microtech.tools\/de\/wp-json\/wp\/v2\/product_brand?post=48339"},{"taxonomy":"product_cat","embeddable":true,"href":"https:\/\/microtech.tools\/de\/wp-json\/wp\/v2\/product_cat?post=48339"},{"taxonomy":"product_tag","embeddable":true,"href":"https:\/\/microtech.tools\/de\/wp-json\/wp\/v2\/product_tag?post=48339"}],"curies":[{"name":"wp","href":"https:\/\/api.w.org\/{rel}","templated":true}]}}