{"id":48362,"date":"2023-03-13T13:59:36","date_gmt":"2023-03-13T10:59:36","guid":{"rendered":"https:\/\/microtech.tools\/?post_type=product&#038;p=48362"},"modified":"2026-03-19T17:04:47","modified_gmt":"2026-03-19T14:04:47","slug":"datamet-dickenmessgeraet-mit-konstantem-messdruck","status":"publish","type":"product","link":"https:\/\/microtech.tools\/de\/produkt\/datamet-dickenmessgeraet-mit-konstantem-messdruck\/","title":{"rendered":"DataMet Dickenmessger\u00e4t mit konstantem Messdruck"},"content":{"rendered":"<p>MICROTECH Dickenmessger\u00e4te mit konstantem Messdruck sind in verschiedenen Messbereichen erh\u00e4ltlich. Diese Dickenmessger\u00e4te k\u00f6nnen mit rechnergest\u00fctzten, digitalen oder analogen Messuhren mit einer Aufl\u00f6sung von 10, 1 oder 0,1 Mikron ausgestattet werden. Rechnergest\u00fctzte Dickenmessger\u00e4te k\u00f6nnen Daten drahtlos oder per USB an Windows-, Android- und iOS-Systeme \u00fcbertragen.<\/p>\n<p>Auf Anfrage ist die Herstellung kundenspezifischer Konfigurationen und Messbereiche der Messger\u00e4te m\u00f6glich. Alle MICROTECH Dickenmessger\u00e4te durchlaufen eine metrologische Kontrolle in einem akkreditierten ISO17025-Labor.<\/p>\n","protected":false},"excerpt":{"rendered":"<p>MICROTECH Dickenmessger\u00e4te mit konstantem Messdruck sind in verschiedenen Messbereichen erh\u00e4ltlich. Diese Dickenmessger\u00e4te k\u00f6nnen mit rechnergest\u00fctzten, digitalen oder analogen Messuhren mit einer Aufl\u00f6sung von 10, 1 oder 0,1<\/p>\n","protected":false},"featured_media":48371,"template":"","meta":{"_acf_changed":false},"product_brand":[6886],"product_cat":[5138],"product_tag":[],"class_list":{"0":"post-48362","1":"product","2":"type-product","3":"status-publish","4":"has-post-thumbnail","6":"product_brand-microtech","7":"product_cat-digitale-dickenmessgerate","8":"pa_battery-li_pol","9":"pa_calibration-iso17025","10":"pa_dataoutput-usbhid","11":"pa_dataoutput-wireless","12":"pa_dataoutput-wirelesshid","13":"pa_indication-analog","14":"pa_indication-computerized1_54","15":"pa_indication-digital","16":"pa_rangeupto_mm-6014","17":"pa_resolution_mm-0_001","18":"pa_resolution_mm-5913","20":"first","21":"instock","22":"shipping-taxable","23":"purchasable","24":"product-type-variable"},"acf":[],"_links":{"self":[{"href":"https:\/\/microtech.tools\/de\/wp-json\/wp\/v2\/product\/48362","targetHints":{"allow":["GET"]}}],"collection":[{"href":"https:\/\/microtech.tools\/de\/wp-json\/wp\/v2\/product"}],"about":[{"href":"https:\/\/microtech.tools\/de\/wp-json\/wp\/v2\/types\/product"}],"wp:featuredmedia":[{"embeddable":true,"href":"https:\/\/microtech.tools\/de\/wp-json\/wp\/v2\/media\/48371"}],"wp:attachment":[{"href":"https:\/\/microtech.tools\/de\/wp-json\/wp\/v2\/media?parent=48362"}],"wp:term":[{"taxonomy":"product_brand","embeddable":true,"href":"https:\/\/microtech.tools\/de\/wp-json\/wp\/v2\/product_brand?post=48362"},{"taxonomy":"product_cat","embeddable":true,"href":"https:\/\/microtech.tools\/de\/wp-json\/wp\/v2\/product_cat?post=48362"},{"taxonomy":"product_tag","embeddable":true,"href":"https:\/\/microtech.tools\/de\/wp-json\/wp\/v2\/product_tag?post=48362"}],"curies":[{"name":"wp","href":"https:\/\/api.w.org\/{rel}","templated":true}]}}