{"id":48397,"date":"2023-03-06T13:45:02","date_gmt":"2023-03-06T10:45:02","guid":{"rendered":"https:\/\/microtech.tools\/?post_type=product&#038;p=48397"},"modified":"2026-03-19T17:06:12","modified_gmt":"2026-03-19T14:06:12","slug":"microtech-mds-5-5-app-fuer-windows-pc","status":"publish","type":"product","link":"https:\/\/microtech.tools\/de\/produkt\/microtech-mds-5-5-app-fuer-windows-pc\/","title":{"rendered":"MICROTECH MDS 5.5 App f\u00fcr Windows PC"},"content":{"rendered":"<p><iframe title=\"MICROTECH computerized instruments Wireless &amp; USB connections\" width=\"1140\" height=\"641\" src=\"https:\/\/www.youtube.com\/embed\/XAxhoo0Iih8?feature=oembed\" frameborder=\"0\" allow=\"accelerometer; autoplay; clipboard-write; encrypted-media; gyroscope; picture-in-picture; web-share\" referrerpolicy=\"strict-origin-when-cross-origin\" allowfullscreen><\/iframe><\/p>\n<p data-path-to-node=\"1\">Die MDS App f\u00fcr Windows bietet eine zuverl\u00e4ssige Verbindung und Datenverwaltung f\u00fcr MICROTECH Messwerkzeuge und unterst\u00fctzt in der PRO-Version bis zu 48 Ger\u00e4te. Ein Vorteil der MICROTECH Instrumente sind Modifikationen mit drahtloser Daten\u00fcbertragung \u00fcber gro\u00dfe Entfernungen von bis zu 50 Metern. Die KOSTENLOSE Version (1 Messger\u00e4t) steht zum Download bereit, w\u00e4hrend die Editionen STANDARD (3 Messger\u00e4te), OPTIMA (8 Messger\u00e4te) und PRO (48 Messger\u00e4te) auf einem USB-Stick geliefert werden. Die Anwendung erm\u00f6glicht die Datenerfassung und NULL-Einstellung von allen MICROTECH Messger\u00e4ten und bietet eine automatische Verbindung, synchronisierte Datenlesung sowie mehrere Verbindungsmodi f\u00fcr einen effizienten Betrieb. Erweiterte Integrationsm\u00f6glichkeiten erlauben den Online-Datenexport in externe Programme wie Excel, SAP und SolidWorks mit vollst\u00e4ndig anpassbaren Formatparametern (Dezimaltrennzeichen, Komma\/Punkt und Zeichenregeln).<\/p>\n<p data-path-to-node=\"2\">Enthaltene Funktionen:<\/p>\n<ul data-path-to-node=\"3\">\n<li>\n<p data-path-to-node=\"3,0,0\">Automatische Verbindung der Messger\u00e4te<\/p>\n<\/li>\n<li>\n<p data-path-to-node=\"3,1,0\">Synchronisation der Datenauslesung<\/p>\n<\/li>\n<li>\n<p data-path-to-node=\"3,2,0\">mm\/Zoll Umrechnung<\/p>\n<\/li>\n<li>\n<p data-path-to-node=\"3,3,0\">Grundlegende Statistikfunktionen<\/p>\n<\/li>\n<li>\n<p data-path-to-node=\"3,4,0\">Gut\/Ausschuss Anzeige (Go\/NoGo)<\/p>\n<\/li>\n<li>\n<p data-path-to-node=\"3,5,0\">Werte an jede Windows-App erneut senden<\/p>\n<\/li>\n<li>\n<p data-path-to-node=\"3,6,0\">Grafikmodus und neuer 2D-Grafikmodus (Synchronisation von 2 Achsen auf dem Diagramm)<\/p>\n<\/li>\n<li>\n<p data-path-to-node=\"3,7,0\">Speichern von Daten im PDF-, XLS-, CSV-Format<\/p>\n<\/li>\n<li>\n<p data-path-to-node=\"3,8,0\">Auslesung per Timer<\/p>\n<\/li>\n<li>\n<p data-path-to-node=\"3,9,0\">Auswahl der Datenaufl\u00f6sung<\/p>\n<\/li>\n<li>\n<p data-path-to-node=\"3,10,0\">Lokalisierung in 12 Sprachen<\/p>\n<\/li>\n<li>\n<p data-path-to-node=\"3,11,0\">Fu\u00dfschalter- und Multi-Dongle-Verbindung<\/p>\n<\/li>\n<\/ul>\n<table border=\"0\" width=\"70%\" cellspacing=\"0\" cellpadding=\"0\">\n<thead>\n<tr bgcolor=\"#ffffff\">\n<th>Title<\/th>\n<th style=\"text-align: center;\">Download<\/th>\n<\/tr>\n<\/thead>\n<tbody>\n<tr bgcolor=\"#f5f5f5\">\n<td style=\"font-weight: bold;\" colspan=\"4\">Microsoft Windows (x86\/x64)<\/td>\n<td><\/td>\n<\/tr>\n<tr bgcolor=\"#ffffff\">\n<td style=\"padding-left: 20px;\"><a href=\"https:\/\/microtech.tools\/MDS-5.5.zip\">MICROTECH Data Systems 5.5<\/a><\/p>\n<p>Requires installation of <a href=\"https:\/\/www.microsoft.com\/ru-ru\/download\/details.aspx?id=55167\" target=\"_blank\" rel=\"noopener\">Microsoft .NET Framework 4.1<\/a> or newer.<\/p>\n<p>Some devices may require installation of <a href=\"https:\/\/microtech.tools\/wp-content\/uploads\/2023\/03\/BLEWIN-c8d.zip\">USB dongle driver<\/a><\/td>\n<td style=\"text-align: center;\"><a href=\"https:\/\/microtech.tools\/MDS-5.5.zip\" target=\"_blank\" rel=\"noreferrer noopener\"><img fetchpriority=\"high\" decoding=\"async\" class=\"alignnone wp-image-480 size-full\" src=\"https:\/\/microtech.tools\/wp-content\/uploads\/2023\/03\/Unknown-cff-Download-MICROTECH-Data-Systems-for-Windows.png\" alt=\"Download MICROTECH Data Systems for Windows\" width=\"409\" height=\"123\" srcset=\"https:\/\/microtech.tools\/wp-content\/uploads\/2023\/03\/Unknown-cff-Download-MICROTECH-Data-Systems-for-Windows.png 409w, https:\/\/microtech.tools\/wp-content\/uploads\/2023\/03\/Unknown-cff-Download-MICROTECH-Data-Systems-for-Windows-400x120.png 400w\" sizes=\"(max-width: 409px) 100vw, 409px\" \/><\/a><\/td>\n<\/tr>\n<\/tbody>\n<\/table>\n","protected":false},"excerpt":{"rendered":"<p>Die MDS App f\u00fcr Windows bietet eine zuverl\u00e4ssige Verbindung und Datenverwaltung f\u00fcr MICROTECH Messwerkzeuge und unterst\u00fctzt in der PRO-Version bis zu 48 Ger\u00e4te.<\/p>\n","protected":false},"featured_media":48409,"template":"","meta":{"_acf_changed":false},"product_brand":[6886],"product_cat":[5044],"product_tag":[],"class_list":{"0":"post-48397","1":"product","2":"type-product","3":"status-publish","4":"has-post-thumbnail","6":"product_brand-microtech","7":"product_cat-datenuebertragung-software","9":"first","10":"instock","11":"shipping-taxable","12":"purchasable","13":"product-type-variable"},"acf":[],"_links":{"self":[{"href":"https:\/\/microtech.tools\/de\/wp-json\/wp\/v2\/product\/48397","targetHints":{"allow":["GET"]}}],"collection":[{"href":"https:\/\/microtech.tools\/de\/wp-json\/wp\/v2\/product"}],"about":[{"href":"https:\/\/microtech.tools\/de\/wp-json\/wp\/v2\/types\/product"}],"wp:featuredmedia":[{"embeddable":true,"href":"https:\/\/microtech.tools\/de\/wp-json\/wp\/v2\/media\/48409"}],"wp:attachment":[{"href":"https:\/\/microtech.tools\/de\/wp-json\/wp\/v2\/media?parent=48397"}],"wp:term":[{"taxonomy":"product_brand","embeddable":true,"href":"https:\/\/microtech.tools\/de\/wp-json\/wp\/v2\/product_brand?post=48397"},{"taxonomy":"product_cat","embeddable":true,"href":"https:\/\/microtech.tools\/de\/wp-json\/wp\/v2\/product_cat?post=48397"},{"taxonomy":"product_tag","embeddable":true,"href":"https:\/\/microtech.tools\/de\/wp-json\/wp\/v2\/product_tag?post=48397"}],"curies":[{"name":"wp","href":"https:\/\/api.w.org\/{rel}","templated":true}]}}