{"id":48448,"date":"2023-03-06T13:45:13","date_gmt":"2023-03-06T10:45:13","guid":{"rendered":"https:\/\/microtech.tools\/?post_type=product&#038;p=48448"},"modified":"2026-03-19T17:06:12","modified_gmt":"2026-03-19T14:06:12","slug":"microtech-mds-app-fuer-ios","status":"publish","type":"product","link":"https:\/\/microtech.tools\/de\/produkt\/microtech-mds-app-fuer-ios\/","title":{"rendered":"MICROTECH MDS App f\u00fcr iOS"},"content":{"rendered":"<p><iframe title=\"MICROTECH computerized instruments Wireless &amp; USB connections\" width=\"1140\" height=\"641\" src=\"https:\/\/www.youtube.com\/embed\/XAxhoo0Iih8?feature=oembed\" frameborder=\"0\" allow=\"accelerometer; autoplay; clipboard-write; encrypted-media; gyroscope; picture-in-picture; web-share\" referrerpolicy=\"strict-origin-when-cross-origin\" allowfullscreen><\/iframe><\/p>\n<p data-path-to-node=\"1\">MICROTECH drahtlose Messger\u00e4te \u2014 iOS-Konnektivit\u00e4t<\/p>\n<p data-path-to-node=\"2\">MICROTECH Messger\u00e4te k\u00f6nnen \u00fcber die KOSTENLOSE MDS-Anwendung f\u00fcr iOS, die im App Store erh\u00e4ltlich ist, mit iOS-Ger\u00e4ten verbunden werden.<\/p>\n<p data-path-to-node=\"3\">Die App erm\u00f6glicht eine drahtlose Kommunikation mit allen DataMet- und drahtlosen SwissMet-Ger\u00e4ten und unterst\u00fctzt bis zu 8 gleichzeitige Verbindungen ohne die Notwendigkeit eines USB-Dongles.<\/p>\n<p data-path-to-node=\"4\">F\u00fcr die drahtlosen SwissMet-Versionen stehen sowohl der Standard- als auch der Energiesparmodus zur Verf\u00fcgung, um den Stromverbrauch w\u00e4hrend der Daten\u00fcbertragung zu optimieren.<\/p>\n<p data-path-to-node=\"5\">Die Software erm\u00f6glicht den Anschluss von MICROTECH Messuhren, Messschiebern, B\u00fcgelmessschrauben und Innenmessger\u00e4ten und bietet umfangreiche Mess- und Qualit\u00e4tskontrollfunktionen:<\/p>\n<ul data-path-to-node=\"6\">\n<li>\n<p data-path-to-node=\"6,0,0\">Gut\/Ausschuss-Farbgrenzkontrolle<\/p>\n<\/li>\n<li>\n<p data-path-to-node=\"6,1,0\">Grafik-Anzeige und Datenprotokollierung<\/p>\n<\/li>\n<li>\n<p data-path-to-node=\"6,2,0\">Export der Ergebnisse in die Formate *.xls oder *.csv<\/p>\n<\/li>\n<li>\n<p data-path-to-node=\"6,3,0\">Zeitgesteuerte Datenspeicherung und Sprachausgabe der Messwerte<\/p>\n<\/li>\n<li>\n<p data-path-to-node=\"6,4,0\">Integriertes QS-Modul mit der M\u00f6glichkeit, Details auf Zeichnungen oder Fotos mit vordefinierten Ma\u00dfen auszuwerten<\/p>\n<\/li>\n<\/ul>\n","protected":false},"excerpt":{"rendered":"<p data-path-to-node=\"2\">MICROTECH Messger\u00e4te k\u00f6nnen \u00fcber die KOSTENLOSE MDS-Anwendung f\u00fcr iOS, die im App Store erh\u00e4ltlich ist, mit iOS-Ger\u00e4ten verbunden werden.<\/p>\n<p data-path-to-node=\"3\">Die App erm\u00f6glicht eine drahtlose Kommunikation mit allen DataMet- und drahtlosen SwissMet-Ger\u00e4ten und unterst\u00fctzt bis zu 8 gleichzeitige Verbindungen ohne die Notwendigkeit eines USB-Dongles.<\/p>\n","protected":false},"featured_media":48458,"template":"","meta":{"_acf_changed":false},"product_brand":[6886],"product_cat":[5044],"product_tag":[],"class_list":{"0":"post-48448","1":"product","2":"type-product","3":"status-publish","4":"has-post-thumbnail","6":"product_brand-microtech","7":"product_cat-datenuebertragung-software","9":"first","10":"instock","11":"shipping-taxable","12":"purchasable","13":"product-type-simple"},"acf":[],"_links":{"self":[{"href":"https:\/\/microtech.tools\/de\/wp-json\/wp\/v2\/product\/48448","targetHints":{"allow":["GET"]}}],"collection":[{"href":"https:\/\/microtech.tools\/de\/wp-json\/wp\/v2\/product"}],"about":[{"href":"https:\/\/microtech.tools\/de\/wp-json\/wp\/v2\/types\/product"}],"wp:featuredmedia":[{"embeddable":true,"href":"https:\/\/microtech.tools\/de\/wp-json\/wp\/v2\/media\/48458"}],"wp:attachment":[{"href":"https:\/\/microtech.tools\/de\/wp-json\/wp\/v2\/media?parent=48448"}],"wp:term":[{"taxonomy":"product_brand","embeddable":true,"href":"https:\/\/microtech.tools\/de\/wp-json\/wp\/v2\/product_brand?post=48448"},{"taxonomy":"product_cat","embeddable":true,"href":"https:\/\/microtech.tools\/de\/wp-json\/wp\/v2\/product_cat?post=48448"},{"taxonomy":"product_tag","embeddable":true,"href":"https:\/\/microtech.tools\/de\/wp-json\/wp\/v2\/product_tag?post=48448"}],"curies":[{"name":"wp","href":"https:\/\/api.w.org\/{rel}","templated":true}]}}