{"id":48488,"date":"2025-10-17T11:05:38","date_gmt":"2025-10-17T08:05:38","guid":{"rendered":"https:\/\/microtech.tools\/?post_type=product&#038;p=48488"},"modified":"2026-03-19T17:11:22","modified_gmt":"2026-03-19T14:11:22","slug":"optima-mds-datensatz-fuer-windows","status":"publish","type":"product","link":"https:\/\/microtech.tools\/de\/produkt\/optima-mds-datensatz-fuer-windows\/","title":{"rendered":"Optima MDS Datensatz f\u00fcr Windows"},"content":{"rendered":"<p><iframe title=\"MICROTECH computerized instruments Wireless &amp; USB connections\" width=\"1140\" height=\"641\" src=\"https:\/\/www.youtube.com\/embed\/XAxhoo0Iih8?feature=oembed\" frameborder=\"0\" allow=\"accelerometer; autoplay; clipboard-write; encrypted-media; gyroscope; picture-in-picture; web-share\" referrerpolicy=\"strict-origin-when-cross-origin\" allowfullscreen><\/iframe><\/p>\n<p data-path-to-node=\"1\">Drahtlose und computergest\u00fctzte Instrumente von MICROTECH erm\u00f6glichen die direkte \u00dcbertragung von Messergebnissen auf einen Windows-PC. Der Hauptvorteil der MICROTECH-Instrumente ist die M\u00f6glichkeit der drahtlosen Daten\u00fcbertragung \u00fcber gro\u00dfe Entfernungen von bis zu 50 Metern. Die computergest\u00fctzte Serie bietet zudem einen internen Speicher f\u00fcr die Aufbewahrung von Messwerten mit sp\u00e4terer \u00dcbertragung an jede Softwareversion ohne Datenverlust.<\/p>\n<p data-path-to-node=\"2\">Im OPTIMA MDS Datensatz ist es m\u00f6glich, bis zu 6 MICROTECH-Instrumente gleichzeitig (Messuhren, Messschieber, B\u00fcgelmessschrauben oder Innenfeinmessger\u00e4te) an einen Windows-PC anzuschlie\u00dfen. Zwei USB-Dongles und zwei MDS-USB-Verl\u00e4ngerungskabel (je 1 m) sind im Lieferumfang enthalten.<\/p>\n<p data-path-to-node=\"3\">Die MDS-Softwareversion 5.5 ist in den Versionen STANDARD, OPTIMA und PRO erh\u00e4ltlich, die auf einem USB-Stick geliefert werden. Die Software erm\u00f6glicht das Weiterleiten von Daten an jede Windows-Anwendung, die Grenzwertpr\u00fcfung (Gut\/Ausschuss), grafische Anzeige, den Export von Ergebnissen in *.xls- oder *.csv-Dateien sowie das Speichern von Daten mit optionalen DataMet-Tasten, Fu\u00dfschaltern oder Timern. Die optionalen DataMet-Tasten und der Fu\u00dfschalter k\u00f6nnen auch f\u00fcr die Datenerfassung und die ZERO-Einstellung verwendet werden.<\/p>\n","protected":false},"excerpt":{"rendered":"<p>Im OPTIMA MDS Datensatz ist es m\u00f6glich, bis zu 6 MICROTECH-Instrumente gleichzeitig (Messuhren, Messschieber, B\u00fcgelmessschrauben oder Innenfeinmessger\u00e4te) an einen Windows-PC anzuschlie\u00dfen. Zwei USB-Dongles und zwei MDS-USB-Verl\u00e4ngerungskabel (je 1 m) sind im Lieferumfang enthalten.<\/p>\n","protected":false},"featured_media":48489,"template":"","meta":{"_acf_changed":false},"product_brand":[6886],"product_cat":[5044],"product_tag":[],"class_list":{"0":"post-48488","1":"product","2":"type-product","3":"status-publish","4":"has-post-thumbnail","6":"product_brand-microtech","7":"product_cat-datenuebertragung-software","9":"first","10":"instock","11":"shipping-taxable","12":"purchasable","13":"product-type-simple"},"acf":[],"_links":{"self":[{"href":"https:\/\/microtech.tools\/de\/wp-json\/wp\/v2\/product\/48488","targetHints":{"allow":["GET"]}}],"collection":[{"href":"https:\/\/microtech.tools\/de\/wp-json\/wp\/v2\/product"}],"about":[{"href":"https:\/\/microtech.tools\/de\/wp-json\/wp\/v2\/types\/product"}],"wp:featuredmedia":[{"embeddable":true,"href":"https:\/\/microtech.tools\/de\/wp-json\/wp\/v2\/media\/48489"}],"wp:attachment":[{"href":"https:\/\/microtech.tools\/de\/wp-json\/wp\/v2\/media?parent=48488"}],"wp:term":[{"taxonomy":"product_brand","embeddable":true,"href":"https:\/\/microtech.tools\/de\/wp-json\/wp\/v2\/product_brand?post=48488"},{"taxonomy":"product_cat","embeddable":true,"href":"https:\/\/microtech.tools\/de\/wp-json\/wp\/v2\/product_cat?post=48488"},{"taxonomy":"product_tag","embeddable":true,"href":"https:\/\/microtech.tools\/de\/wp-json\/wp\/v2\/product_tag?post=48488"}],"curies":[{"name":"wp","href":"https:\/\/api.w.org\/{rel}","templated":true}]}}