{"id":48528,"date":"2025-10-17T11:20:34","date_gmt":"2025-10-17T08:20:34","guid":{"rendered":"https:\/\/microtech.tools\/?post_type=product&#038;p=48528"},"modified":"2026-03-19T17:11:21","modified_gmt":"2026-03-19T14:11:21","slug":"pro-desk-mds-datensatz-fuer-windows","status":"publish","type":"product","link":"https:\/\/microtech.tools\/de\/produkt\/pro-desk-mds-datensatz-fuer-windows\/","title":{"rendered":"PRO-DESK MDS Datensatz f\u00fcr Windows"},"content":{"rendered":"<p data-path-to-node=\"1\">rahtlose und computergest\u00fctzte MICROTECH Messinstrumente k\u00f6nnen Messergebnisse direkt an einen Windows-PC \u00fcbertragen. Der Hauptvorteil der MICROTECH Instrumente ist die drahtlose Daten\u00fcbertragung mit hoher Reichweite von bis zu 50 Metern. Die computergest\u00fctzte Serie kann Werte im internen Speicher sichern und die Daten sp\u00e4ter verlustfrei an jede Version der Software \u00fcbertragen.<\/p>\n<p data-path-to-node=\"2\">Der PRO-DESK MDS Datensatz erm\u00f6glicht den gleichzeitigen Anschluss von bis zu 40 MICROTECH Messinstrumenten (Messuhren, Messschieber, B\u00fcgelmessschrauben oder Innenmessger\u00e4te) an einen Windows-PC via USB-Dongle. Das Set enth\u00e4lt 8 PRO USB-Dongles, 8 MDS USB-Verl\u00e4ngerungskabel (je 1 m) und 1 DataMet Desktop-Taste.<\/p>\n<p data-path-to-node=\"3\">Die Software erm\u00f6glicht das Weiterleiten von Daten an jede Windows-Anwendung, Grenzwertpr\u00fcfung (Gut\/Ausschuss), grafische Darstellung, Export der Ergebnisse in *.xls- oder *.csv-Dateien sowie die Datenspeicherung \u00fcber optionale DataMet Tasten, Fu\u00dfschalter oder Timer.<\/p>\n","protected":false},"excerpt":{"rendered":"<p>Der PRO-DESK MDS Datensatz erm\u00f6glicht den gleichzeitigen Anschluss von bis zu 40 MICROTECH Messinstrumenten (Messuhren, Messschieber, B\u00fcgelmessschrauben oder Innenmessger\u00e4te) an einen Windows-PC via USB-Dongle. Das Set enth\u00e4lt 8 PRO USB-Dongles, 8 MDS USB-Verl\u00e4ngerungskabel (je 1 m) und 1 DataMet Desktop-Taste.<\/p>\n","protected":false},"featured_media":48529,"template":"","meta":{"_acf_changed":false},"product_brand":[6886],"product_cat":[5044],"product_tag":[],"class_list":{"0":"post-48528","1":"product","2":"type-product","3":"status-publish","4":"has-post-thumbnail","6":"product_brand-microtech","7":"product_cat-datenuebertragung-software","9":"first","10":"instock","11":"shipping-taxable","12":"purchasable","13":"product-type-simple"},"acf":[],"_links":{"self":[{"href":"https:\/\/microtech.tools\/de\/wp-json\/wp\/v2\/product\/48528","targetHints":{"allow":["GET"]}}],"collection":[{"href":"https:\/\/microtech.tools\/de\/wp-json\/wp\/v2\/product"}],"about":[{"href":"https:\/\/microtech.tools\/de\/wp-json\/wp\/v2\/types\/product"}],"wp:featuredmedia":[{"embeddable":true,"href":"https:\/\/microtech.tools\/de\/wp-json\/wp\/v2\/media\/48529"}],"wp:attachment":[{"href":"https:\/\/microtech.tools\/de\/wp-json\/wp\/v2\/media?parent=48528"}],"wp:term":[{"taxonomy":"product_brand","embeddable":true,"href":"https:\/\/microtech.tools\/de\/wp-json\/wp\/v2\/product_brand?post=48528"},{"taxonomy":"product_cat","embeddable":true,"href":"https:\/\/microtech.tools\/de\/wp-json\/wp\/v2\/product_cat?post=48528"},{"taxonomy":"product_tag","embeddable":true,"href":"https:\/\/microtech.tools\/de\/wp-json\/wp\/v2\/product_tag?post=48528"}],"curies":[{"name":"wp","href":"https:\/\/api.w.org\/{rel}","templated":true}]}}