{"id":48642,"date":"2024-04-30T05:21:21","date_gmt":"2024-04-30T02:21:21","guid":{"rendered":"https:\/\/microtech.tools\/?post_type=product&#038;p=48642"},"modified":"2026-03-19T17:30:15","modified_gmt":"2026-03-19T14:30:15","slug":"usb-hid-datenkabel","status":"publish","type":"product","link":"https:\/\/microtech.tools\/de\/produkt\/usb-hid-datenkabel\/","title":{"rendered":"USB HID-Datenkabel"},"content":{"rendered":"<p><iframe title=\"MICROTECH computerized instruments Wireless &amp; USB connections\" width=\"1140\" height=\"641\" src=\"https:\/\/www.youtube.com\/embed\/XAxhoo0Iih8?feature=oembed\" frameborder=\"0\" allow=\"accelerometer; autoplay; clipboard-write; encrypted-media; gyroscope; picture-in-picture; web-share\" referrerpolicy=\"strict-origin-when-cross-origin\" allowfullscreen><\/iframe><\/p>\n<p data-path-to-node=\"1\">Das USB HID-Datenkabel f\u00fcr CertiMet-Messger\u00e4te ist ein hochwertiges Schnittstellenkabel, das f\u00fcr die Daten\u00fcbertragung von digitalen CertiMet-Messschiebern und Messuhren direkt in die Anwendung des Benutzers \u00fcber den HID-Modus (Tastatur-Emulation) entwickelt wurde.<\/p>\n<p data-path-to-node=\"2\">Das USB HID (1-Knopf) Kabel mit einer L\u00e4nge von 2 m erm\u00f6glicht eine schnelle Daten\u00fcbertragung per Knopfdruck ohne zus\u00e4tzliche Treiber oder Softwareinstallation. Diese Plug-and-Play-L\u00f6sung gew\u00e4hrleistet eine zuverl\u00e4ssige Integration in Messsysteme und erm\u00f6glicht die direkte Dateneingabe in Kundenanwendungen wie Tabellenkalkulationen, Texteditoren oder spezialisierte Messsoftware.<\/p>\n","protected":false},"excerpt":{"rendered":"<p>Das USB HID-Datenkabel f\u00fcr CertiMet-Messger\u00e4te ist ein hochwertiges Schnittstellenkabel, das f\u00fcr die Daten\u00fcbertragung von digitalen CertiMet-Messschiebern und Messuhren direkt in die Anwendung des Benutzers \u00fcber den HID-Modus (Tastatur-Emulation) entwickelt wurde.<\/p>\n","protected":false},"featured_media":48646,"template":"","meta":{"_acf_changed":false},"product_brand":[6886],"product_cat":[5044],"product_tag":[],"class_list":{"0":"post-48642","1":"product","2":"type-product","3":"status-publish","4":"has-post-thumbnail","6":"product_brand-microtech","7":"product_cat-datenuebertragung-software","9":"first","10":"instock","11":"shipping-taxable","12":"purchasable","13":"product-type-simple"},"acf":[],"_links":{"self":[{"href":"https:\/\/microtech.tools\/de\/wp-json\/wp\/v2\/product\/48642","targetHints":{"allow":["GET"]}}],"collection":[{"href":"https:\/\/microtech.tools\/de\/wp-json\/wp\/v2\/product"}],"about":[{"href":"https:\/\/microtech.tools\/de\/wp-json\/wp\/v2\/types\/product"}],"wp:featuredmedia":[{"embeddable":true,"href":"https:\/\/microtech.tools\/de\/wp-json\/wp\/v2\/media\/48646"}],"wp:attachment":[{"href":"https:\/\/microtech.tools\/de\/wp-json\/wp\/v2\/media?parent=48642"}],"wp:term":[{"taxonomy":"product_brand","embeddable":true,"href":"https:\/\/microtech.tools\/de\/wp-json\/wp\/v2\/product_brand?post=48642"},{"taxonomy":"product_cat","embeddable":true,"href":"https:\/\/microtech.tools\/de\/wp-json\/wp\/v2\/product_cat?post=48642"},{"taxonomy":"product_tag","embeddable":true,"href":"https:\/\/microtech.tools\/de\/wp-json\/wp\/v2\/product_tag?post=48642"}],"curies":[{"name":"wp","href":"https:\/\/api.w.org\/{rel}","templated":true}]}}