{"id":48682,"date":"2023-03-06T13:51:50","date_gmt":"2023-03-06T10:51:50","guid":{"rendered":"https:\/\/microtech.tools\/?post_type=product&#038;p=48682"},"modified":"2026-03-19T17:06:00","modified_gmt":"2026-03-19T14:06:00","slug":"usb-dongle-fuer-windows","status":"publish","type":"product","link":"https:\/\/microtech.tools\/de\/produkt\/usb-dongle-fuer-windows\/","title":{"rendered":"USB-Dongle f\u00fcr Windows"},"content":{"rendered":"<p data-path-to-node=\"1\">Der MICROTECH USB-Dongle wurde f\u00fcr die drahtlose Verbindung von MICROTECH-Instrumenten mit der MDS-Anwendung f\u00fcr Windows entwickelt. Er bietet eine stabile und sichere Daten\u00fcbertragung f\u00fcr computergest\u00fctzte und drahtlose Messger\u00e4te in einem Bereich von bis zu 50 m.<\/p>\n<p data-path-to-node=\"2\">Der STANDARD USB-Dongle erm\u00f6glicht den gleichzeitigen Anschluss von bis zu 3 MICROTECH-Instrumenten (Messuhren, Messschieber, B\u00fcgelmessschrauben oder Innenfeinmessger\u00e4te) an einen Windows-PC. Ein 1 m MDS USB-Verl\u00e4ngerungskabel ist im Set enthalten. Der PRO USB-Dongle erm\u00f6glicht den gleichzeitigen Anschluss von bis zu 8 MICROTECH-Instrumenten (Messuhren, Messschieber, B\u00fcgelmessschrauben oder Innenfeinmessger\u00e4te) an einen Windows-PC. Ein 1 m MDS USB-Verl\u00e4ngerungskabel ist im Set enthalten.<\/p>\n<p data-path-to-node=\"3\">Dieser USB-Dongle wird nur f\u00fcr die MDS-Software f\u00fcr Windows ben\u00f6tigt und wird nicht mit MDS-Anwendungen f\u00fcr iOS, macOS, Android oder HID-Modi verwendet.<\/p>\n","protected":false},"excerpt":{"rendered":"<p>Der MICROTECH USB-Dongle wurde f\u00fcr die drahtlose Verbindung von MICROTECH-Instrumenten mit der MDS-Anwendung f\u00fcr Windows entwickelt. Er bietet eine stabile und sichere Daten\u00fcbertragung f\u00fcr computergest\u00fctzte und drahtlose Messger\u00e4te in einem Bereich von bis zu 50 m.<\/p>\n","protected":false},"featured_media":48685,"template":"","meta":{"_acf_changed":false},"product_brand":[6886],"product_cat":[5044],"product_tag":[],"class_list":{"0":"post-48682","1":"product","2":"type-product","3":"status-publish","4":"has-post-thumbnail","6":"product_brand-microtech","7":"product_cat-datenuebertragung-software","9":"first","10":"instock","11":"shipping-taxable","12":"purchasable","13":"product-type-variable"},"acf":[],"_links":{"self":[{"href":"https:\/\/microtech.tools\/de\/wp-json\/wp\/v2\/product\/48682","targetHints":{"allow":["GET"]}}],"collection":[{"href":"https:\/\/microtech.tools\/de\/wp-json\/wp\/v2\/product"}],"about":[{"href":"https:\/\/microtech.tools\/de\/wp-json\/wp\/v2\/types\/product"}],"wp:featuredmedia":[{"embeddable":true,"href":"https:\/\/microtech.tools\/de\/wp-json\/wp\/v2\/media\/48685"}],"wp:attachment":[{"href":"https:\/\/microtech.tools\/de\/wp-json\/wp\/v2\/media?parent=48682"}],"wp:term":[{"taxonomy":"product_brand","embeddable":true,"href":"https:\/\/microtech.tools\/de\/wp-json\/wp\/v2\/product_brand?post=48682"},{"taxonomy":"product_cat","embeddable":true,"href":"https:\/\/microtech.tools\/de\/wp-json\/wp\/v2\/product_cat?post=48682"},{"taxonomy":"product_tag","embeddable":true,"href":"https:\/\/microtech.tools\/de\/wp-json\/wp\/v2\/product_tag?post=48682"}],"curies":[{"name":"wp","href":"https:\/\/api.w.org\/{rel}","templated":true}]}}