{"id":50902,"date":"2026-05-11T09:44:30","date_gmt":"2026-05-11T06:44:30","guid":{"rendered":"https:\/\/microtech.tools\/product\/manual-ruler-calibrator-0-1000x0-001-15-6-touchscreen-pc-metrox-visor-app\/"},"modified":"2026-05-11T15:22:15","modified_gmt":"2026-05-11T12:22:15","slug":"manual-ruler-calibrator-0-1000x0-001-15-6-touchscreen-pc-metrox-visor-app","status":"publish","type":"product","link":"https:\/\/microtech.tools\/de\/produkt\/manual-ruler-calibrator-0-1000x0-001-15-6-touchscreen-pc-metrox-visor-app\/","title":{"rendered":"Manueller Kalibrierstand f\u00fcr Ma\u00dfb\u00e4nder 0\u20131000\u00d70,001 (PC mit 15,6&#8220;-Touchscreen + MetroX VISOR-App)"},"content":{"rendered":"<p class=\"my-2 [&amp;+p]:mt-4 [&amp;_strong:has(+br)]:inline-block [&amp;_strong:has(+br)]:pb-2\">Der manuelle Kalibrierstand MICROTECH (0\u20131000 mm) ist ein professioneller computergest\u00fctzter Kalibrierstand f\u00fcr moderne metrologische Laboratorien. Er verbindet nahtlos traditionelle mechanische Pr\u00e4zision mit dem Datenmanagement der Industrie 4.0. Ausgestattet mit einem integrierten Hochaufl\u00f6sungsmikroskop und einem leistungsstarken 15,6&#8220;-Touchscreen-PC l\u00e4uft der Stand mit der hochmodernen MetroX VISOR-App und transformiert den Kalibrierprozess f\u00fcr Lineale und Ma\u00dfb\u00e4nder grundlegend.<\/p>\n<p class=\"my-2 [&amp;+p]:mt-4 [&amp;_strong:has(+br)]:inline-block [&amp;_strong:has(+br)]:pb-2\"><strong>Hauptmerkmale und Vorteile:<\/strong><\/p>\n<ul>\n<li class=\"my-2 [&amp;+p]:mt-4 [&amp;_strong:has(+br)]:inline-block [&amp;_strong:has(+br)]:pb-2\"><strong>Hochpr\u00e4zise Metrologie:<\/strong>\u00a0Breiter Messbereich von 0\u20131000 mm (40 Zoll), Sub-Mikron-Aufl\u00f6sung von 0,001 mm und au\u00dfergew\u00f6hnliche Genauigkeit von \u00b10,010+L\/80.<\/li>\n<li class=\"my-2 [&amp;+p]:mt-4 [&amp;_strong:has(+br)]:inline-block [&amp;_strong:has(+br)]:pb-2\"><strong>Betrieben von MetroX VISOR:<\/strong> Die integrierte Software nutzt optische Eingaben des Mikroskops zur Unterst\u00fctzung beim Ablesen von Skalen und linearen Ma\u00dfen und reduziert menschliche Fehler (Bedienerm\u00fcdigkeit) bei Sichtpr\u00fcfungen erheblich. Entwickelt von MetroX Scientific \u2014 www.metrox.tech<\/li>\n<li class=\"my-2 [&amp;+p]:mt-4 [&amp;_strong:has(+br)]:inline-block [&amp;_strong:has(+br)]:pb-2\"><strong>Ergonomischer Betrieb:<\/strong>\u00a015,6&#8220;-Touchscreen-PC mit Windows und kompakte Kamera mit einstellbarer LED-Beleuchtung.<\/li>\n<li class=\"my-2 [&amp;+p]:mt-4 [&amp;_strong:has(+br)]:inline-block [&amp;_strong:has(+br)]:pb-2\"><strong>Intelligente Datenverarbeitung:<\/strong>\u00a0Die Softwarearchitektur unterst\u00fctzt algorithmische Datenvalidierung, einschlie\u00dflich automatischer Erkennung statistischer Ausrei\u00dfer, Echtzeit-Toleranzkontrolle und sofortiger Berichterstellung in CSV und PDF.<\/li>\n<li class=\"my-2 [&amp;+p]:mt-4 [&amp;_strong:has(+br)]:inline-block [&amp;_strong:has(+br)]:pb-2\"><strong>\u201eDigitaler Zwilling&#8220;-Dokumentation:<\/strong>\u00a0Erfasst und speichert detaillierte Fotos der gemessenen Teile mit exakter Messpunkt-Markierung und gew\u00e4hrleistet so vollst\u00e4ndige R\u00fcckverfolgbarkeit f\u00fcr die ISO 17025-Konformit\u00e4t.<\/li>\n<\/ul>\n<p class=\"my-2 [&amp;+p]:mt-4 [&amp;_strong:has(+br)]:inline-block [&amp;_strong:has(+br)]:pb-2\"><strong>Technische Daten:<\/strong><\/p>\n<ul>\n<li class=\"my-2 [&amp;+p]:mt-4 [&amp;_strong:has(+br)]:inline-block [&amp;_strong:has(+br)]:pb-2\">Messbereich: 0\u20131000 mm (40 Zoll)<\/li>\n<li class=\"my-2 [&amp;+p]:mt-4 [&amp;_strong:has(+br)]:inline-block [&amp;_strong:has(+br)]:pb-2\">Aufl\u00f6sung: 0,001 mm<\/li>\n<li class=\"my-2 [&amp;+p]:mt-4 [&amp;_strong:has(+br)]:inline-block [&amp;_strong:has(+br)]:pb-2\">Genauigkeit: \u00b10,010+L\/80<\/li>\n<li class=\"my-2 [&amp;+p]:mt-4 [&amp;_strong:has(+br)]:inline-block [&amp;_strong:has(+br)]:pb-2\">Bedienoberfl\u00e4che: 15,6&#8220;-Touchscreen-PC + MetroX VISOR-App<\/li>\n<\/ul>\n","protected":false},"excerpt":{"rendered":"<p>Der manuelle Kalibrierstand MICROTECH (0\u20131000 mm) ist ein professioneller computergest\u00fctzter Kalibrierstand f\u00fcr moderne metrologische Laboratorien.<\/p>\n","protected":false},"featured_media":50884,"template":"","meta":{"_acf_changed":false},"product_brand":[6886],"product_cat":[5126],"product_tag":[],"class_list":{"0":"post-50902","1":"product","2":"type-product","3":"status-publish","4":"has-post-thumbnail","6":"product_brand-microtech","7":"product_cat-kalibrierstande","8":"pa_measrange-0-1000-mm-40-inch","9":"pa_resolution_mm-0_001","11":"first","12":"instock","13":"shipping-taxable","14":"purchasable","15":"product-type-simple"},"acf":[],"_links":{"self":[{"href":"https:\/\/microtech.tools\/de\/wp-json\/wp\/v2\/product\/50902","targetHints":{"allow":["GET"]}}],"collection":[{"href":"https:\/\/microtech.tools\/de\/wp-json\/wp\/v2\/product"}],"about":[{"href":"https:\/\/microtech.tools\/de\/wp-json\/wp\/v2\/types\/product"}],"wp:featuredmedia":[{"embeddable":true,"href":"https:\/\/microtech.tools\/de\/wp-json\/wp\/v2\/media\/50884"}],"wp:attachment":[{"href":"https:\/\/microtech.tools\/de\/wp-json\/wp\/v2\/media?parent=50902"}],"wp:term":[{"taxonomy":"product_brand","embeddable":true,"href":"https:\/\/microtech.tools\/de\/wp-json\/wp\/v2\/product_brand?post=50902"},{"taxonomy":"product_cat","embeddable":true,"href":"https:\/\/microtech.tools\/de\/wp-json\/wp\/v2\/product_cat?post=50902"},{"taxonomy":"product_tag","embeddable":true,"href":"https:\/\/microtech.tools\/de\/wp-json\/wp\/v2\/product_tag?post=50902"}],"curies":[{"name":"wp","href":"https:\/\/api.w.org\/{rel}","templated":true}]}}