{"id":50910,"date":"2026-05-11T11:39:46","date_gmt":"2026-05-11T08:39:46","guid":{"rendered":"https:\/\/microtech.tools\/?post_type=product&#038;p=50910"},"modified":"2026-05-11T15:36:45","modified_gmt":"2026-05-11T12:36:45","slug":"manueller-kalibrierstand-fuer-lineale-und-massbaender-0-1000x0001-pc-mit-156-touchscreen-microtech-visor-app-kraftmessgeraet","status":"publish","type":"product","link":"https:\/\/microtech.tools\/de\/produkt\/manueller-kalibrierstand-fuer-lineale-und-massbaender-0-1000x0001-pc-mit-156-touchscreen-microtech-visor-app-kraftmessgeraet\/","title":{"rendered":"Manueller Kalibrierstand f\u00fcr Lineale und Ma\u00dfb\u00e4nder (PC mit 15,6&#8220;-Touchscreen + MetroX VISOR-App + Kraftmessger\u00e4t)"},"content":{"rendered":"<p class=\"my-2 [&amp;+p]:mt-4 [&amp;_strong:has(+br)]:inline-block [&amp;_strong:has(+br)]:pb-2\">Die Serie der manuellen Kalibrierst\u00e4nde f\u00fcr Lineale und Ma\u00dfb\u00e4nder MICROTECH bietet vielseitige, computergest\u00fctzte Kalibrierst\u00e4nde f\u00fcr die umfassende metrologische Kontrolle von Linearskalen und Ma\u00dfb\u00e4ndern. Auf robusten Strukturbasen von 1 bis 5 Metern aufgebaut und mit digitalem Kraftmessger\u00e4t ausgestattet, gew\u00e4hrleisten diese St\u00e4nde die Pr\u00fcfung von Ma\u00dfb\u00e4ndern unter streng normkonformem Zug. In Kombination mit einem 15,6&#8220;-Touchscreen-PC und der fortschrittlichen MetroX VISOR-App minimiert das System menschliche Fehler durch maschinenvisions-gest\u00fctzte optische Ablesung (Bildverarbeitung).<\/p>\n<p class=\"my-2 [&amp;+p]:mt-4 [&amp;_strong:has(+br)]:inline-block [&amp;_strong:has(+br)]:pb-2\"><strong>Hauptmerkmale und Vorteile:<\/strong><\/p>\n<ul>\n<li class=\"my-2 [&amp;+p]:mt-4 [&amp;_strong:has(+br)]:inline-block [&amp;_strong:has(+br)]:pb-2\"><strong>Umfassende Messbereiche:<\/strong>\u00a0Entwickelt zur pr\u00e4zisen Verifizierung sowohl starrer Linearskalen als auch flexibler Ma\u00dfb\u00e4nder. Erh\u00e4ltlich in vier hochpr\u00e4zisen Modellen: 1000 mm, 2000 mm, 3000 mm und 5000 mm.<\/li>\n<li class=\"my-2 [&amp;+p]:mt-4 [&amp;_strong:has(+br)]:inline-block [&amp;_strong:has(+br)]:pb-2\"><strong>Digitales Kraftmessger\u00e4t:<\/strong>\u00a0Gew\u00e4hrleistet eine exakte und wiederholbare Zugspannung bei der Kalibrierung von Ma\u00dfb\u00e4ndern und garantiert die Einhaltung strenger internationaler metrologischer Normen.<\/li>\n<li class=\"my-2 [&amp;+p]:mt-4 [&amp;_strong:has(+br)]:inline-block [&amp;_strong:has(+br)]:pb-2\"><strong>Trommel f\u00fcr Ma\u00dfb\u00e4nder bis 100 mm Breite<\/strong><\/li>\n<li class=\"my-2 [&amp;+p]:mt-4 [&amp;_strong:has(+br)]:inline-block [&amp;_strong:has(+br)]:pb-2\"><strong>Betrieben von MetroX VISOR:<\/strong>\u00a0Die vorinstallierte Software nutzt das eingebaute Mikroskop f\u00fcr intelligente Bildverarbeitung und hilft Bedienern, Skalenstriche mit Sub-Mikron-Pr\u00e4zision zu identifizieren.<\/li>\n<li class=\"my-2 [&amp;+p]:mt-4 [&amp;_strong:has(+br)]:inline-block [&amp;_strong:has(+br)]:pb-2\"><strong>Ergonomischer Betrieb:<\/strong>\u00a015,6&#8220;-Touchscreen-PC mit Windows und kompakte Kamera mit einstellbarer LED-Beleuchtung.<\/li>\n<li class=\"my-2 [&amp;+p]:mt-4 [&amp;_strong:has(+br)]:inline-block [&amp;_strong:has(+br)]:pb-2\"><strong>Intelligente Datenverarbeitung:<\/strong>\u00a0Die Softwarearchitektur unterst\u00fctzt algorithmische Datenvalidierung, einschlie\u00dflich automatischer Ausrei\u00dfererkennung, Echtzeit-Toleranzkontrolle und sofortiger Berichterstellung in CSV und PDF.<\/li>\n<li class=\"my-2 [&amp;+p]:mt-4 [&amp;_strong:has(+br)]:inline-block [&amp;_strong:has(+br)]:pb-2\"><strong>Intelligentes Datenmanagement:<\/strong>\u00a0Automatische Toleranzkontrolle, Echtzeit-Erkennung statistischer Ausrei\u00dfer und Erstellung digitaler Kalibrierberichte mit Fotodokumentation der Messpunkte.<\/li>\n<\/ul>\n<p class=\"my-2 [&amp;+p]:mt-4 [&amp;_strong:has(+br)]:inline-block [&amp;_strong:has(+br)]:pb-2\"><strong>Technische Daten:<\/strong><\/p>\n<ul>\n<li class=\"my-2 [&amp;+p]:mt-4 [&amp;_strong:has(+br)]:inline-block [&amp;_strong:has(+br)]:pb-2\">Messbereiche: 0\u20131000 mm \/ 0\u20132000 mm \/ 0\u20133000 mm \/ 0\u20135000 mm<\/li>\n<li class=\"my-2 [&amp;+p]:mt-4 [&amp;_strong:has(+br)]:inline-block [&amp;_strong:has(+br)]:pb-2\">Aufl\u00f6sung: 0,001 mm<\/li>\n<li class=\"my-2 [&amp;+p]:mt-4 [&amp;_strong:has(+br)]:inline-block [&amp;_strong:has(+br)]:pb-2\">Genauigkeit: \u00b10,010+L\/80<\/li>\n<li class=\"my-2 [&amp;+p]:mt-4 [&amp;_strong:has(+br)]:inline-block [&amp;_strong:has(+br)]:pb-2\">Zugkontrolle: digitales Kraftmessger\u00e4t 5\u201350 N<\/li>\n<li class=\"my-2 [&amp;+p]:mt-4 [&amp;_strong:has(+br)]:inline-block [&amp;_strong:has(+br)]:pb-2\">Bedienoberfl\u00e4che: 15,6&#8220;-Touchscreen-PC + MetroX VISOR-App<\/li>\n<\/ul>\n","protected":false},"excerpt":{"rendered":"<p>Die Serie der manuellen Kalibrierst\u00e4nde f\u00fcr Lineale und Ma\u00dfb\u00e4nder MICROTECH bietet vielseitige, computergest\u00fctzte Kalibrierst\u00e4nde f\u00fcr die umfassende metrologische Kontrolle von Linearskalen und Ma\u00dfb\u00e4ndern.<\/p>\n","protected":false},"featured_media":50889,"template":"","meta":{"_acf_changed":false},"product_brand":[6886],"product_cat":[5126],"product_tag":[],"class_list":{"0":"post-50910","1":"product","2":"type-product","3":"status-publish","4":"has-post-thumbnail","6":"product_brand-microtech","7":"product_cat-kalibrierstande","8":"pa_measrange-0-1000-mm-40-inch","9":"pa_resolution_mm-0_001","11":"first","12":"instock","13":"shipping-taxable","14":"purchasable","15":"product-type-variable"},"acf":[],"_links":{"self":[{"href":"https:\/\/microtech.tools\/de\/wp-json\/wp\/v2\/product\/50910","targetHints":{"allow":["GET"]}}],"collection":[{"href":"https:\/\/microtech.tools\/de\/wp-json\/wp\/v2\/product"}],"about":[{"href":"https:\/\/microtech.tools\/de\/wp-json\/wp\/v2\/types\/product"}],"wp:featuredmedia":[{"embeddable":true,"href":"https:\/\/microtech.tools\/de\/wp-json\/wp\/v2\/media\/50889"}],"wp:attachment":[{"href":"https:\/\/microtech.tools\/de\/wp-json\/wp\/v2\/media?parent=50910"}],"wp:term":[{"taxonomy":"product_brand","embeddable":true,"href":"https:\/\/microtech.tools\/de\/wp-json\/wp\/v2\/product_brand?post=50910"},{"taxonomy":"product_cat","embeddable":true,"href":"https:\/\/microtech.tools\/de\/wp-json\/wp\/v2\/product_cat?post=50910"},{"taxonomy":"product_tag","embeddable":true,"href":"https:\/\/microtech.tools\/de\/wp-json\/wp\/v2\/product_tag?post=50910"}],"curies":[{"name":"wp","href":"https:\/\/api.w.org\/{rel}","templated":true}]}}