{"id":11870,"date":"2023-03-13T13:20:34","date_gmt":"2023-03-13T10:20:34","guid":{"rendered":"https:\/\/microtech.tools\/product\/tablet-sub-micron-micrometer-industry-40\/"},"modified":"2026-03-20T10:39:14","modified_gmt":"2026-03-20T07:39:14","slug":"tablet-sub-micron-micrometer-industry-40","status":"publish","type":"product","link":"https:\/\/microtech.tools\/es\/product\/tablet-sub-micron-micrometer-industry-40\/","title":{"rendered":"DataMet Tabletas microm\u00e9tricas submicr\u00f3nicas Industria 4.0"},"content":{"rendered":"<p><iframe title=\"YouTube video player\" src=\"https:\/\/www.youtube.com\/embed\/rqBjaiviycw?si=IgB8SJy4YbzhqVlD\" width=\"560\" height=\"315\" frameborder=\"0\" allowfullscreen=\"allowfullscreen\"><\/iframe><\/p>\n<div>\n<p>MICROTECH fabrica micr\u00f3metros de tableta submicrom\u00e9tricos adaptados a la Industria 4.0<br \/>\nLos micr\u00f3metros para tabletas utilizan un sistema de medici\u00f3n computerizado desarrollado y patentado por MICROTECH (Patentes UA126928, UA99686) con una resoluci\u00f3n de 0,1 micras.<\/p>\n<p>M\u00f3dulo de medici\u00f3n TABLET del micr\u00f3metro tiene tales funciones :<\/p>\n<p>Modo GR\u00c1FICO en l\u00ednea<br \/>\nEscala ajustable ANAL\u00d3GICA en color<br \/>\nConexi\u00f3n HUB (dispositivo externo MICROTECH Conexi\u00f3n inal\u00e1mbrica)<br \/>\nPosibilidades de conexi\u00f3n 2D (dispositivo externo Conexi\u00f3n inal\u00e1mbrica e indicaci\u00f3n)<br \/>\nConexi\u00f3n PROBE (indicador externo o indicador de palanca Conexi\u00f3n inal\u00e1mbrica) con modo AUTO<br \/>\nMEMORIA interna para 2000 valores con sistema de carpetas y estad\u00edstica,<br \/>\nfunci\u00f3n L\u00cdMITES (Go\/NoGo) con indicaci\u00f3n en color,<br \/>\nPICO (Max\/min),<br \/>\nTEMPORIZADOR<br \/>\nF\u00d3RMULA Ax2+Bx+C<br \/>\nManual COMPENSACI\u00d3N TEMPERATURA<br \/>\nCompensaci\u00f3n LINEAL<br \/>\nSELECCI\u00d3N DE RESOLUCI\u00d3N 0,1\/0,01\/0,001\/0,0001 mm tambi\u00e9n en pulgadas<br \/>\nCALIBRACI\u00d3N control de fecha<br \/>\nBater\u00eda recargable Li-Pol con toma micro-USB<br \/>\nActualizaci\u00f3n FIRMWARE con cable USB<br \/>\nTransferencia de datos de largo alcance INAL\u00c1MBRICA a la aplicaci\u00f3n MICROTECH MDS para Windows, Android, iOS (versiones GRATUITAS).<br \/>\nTransferencia de datos HID WIRELESS a cualquier sistema y app (modo teclado) con posibilidades de configuraci\u00f3n de datos<br \/>\nSalida de datos MODBUS PLC opcional (4 hilos, RS-485) con posibilidades de configuraci\u00f3n de datos<br \/>\nTransferencia de datos HID USB a cualquier sistema y aplicaci\u00f3n (modo teclado) con posibilidades de configuraci\u00f3n de datos<\/p>\n<p>Todos los micr\u00f3metros MICROTECH tienen superficies de medici\u00f3n acabadas a mano (Ra&lt;0,32) y pasan control metrol\u00f3gico en laboratorio acreditado ISO 17025 ILAC.<\/p>\n<p>ES POSIBLE A\u00d1ADIR FUNCIONES Y F\u00d3RMULAS EXTRA A LOS MICR\u00d3METROS INDUSTRY 4.0 A PETICI\u00d3N DEL CLIENTE<\/p>\n<\/div>\n","protected":false},"excerpt":{"rendered":"<p>Los micr\u00f3metros de pastilla utilizan un sistema de medici\u00f3n informatizado desarrollado y patentado por MICROTECH (Patentes UA126928, UA99686) con una resoluci\u00f3n de 0,1 micras.<\/p>\n","protected":false},"featured_media":34405,"template":"","meta":{"_acf_changed":false},"product_brand":[6886],"product_cat":[3353,3354],"product_tag":[],"class_list":{"0":"post-11870","1":"product","2":"type-product","3":"status-publish","4":"has-post-thumbnail","6":"product_brand-microtech","7":"product_cat-micrometros","8":"product_cat-micrometro-de-precision","9":"pa_battery-li_pol","10":"pa_dataoutput-usbhid","11":"pa_dataoutput-wireless","12":"pa_dataoutput-wirelesshid","13":"pa_indication-computerized2_4","14":"pa_measrange-0_25mm0_1inch","15":"pa_measrange-100-125-mm-4-5-inch","16":"pa_measrange-125-150-mm-5-6-inch","17":"pa_measrange-150-175-mm-6-7-inch","18":"pa_measrange-175-200-mm-7-8-inch","19":"pa_measrange-200-225-mm-8-9-inch","20":"pa_measrange-225-250-mm-9-10-inch","21":"pa_measrange-25_50mm1_2inch","22":"pa_measrange-250-275-mm-10-11-inch","23":"pa_measrange-275-300-mm-11-12-inch","24":"pa_measrange-50_75mm2_3inch","25":"pa_measrange-75_100mm3_4inch","26":"pa_resolution_mm-3399","27":"pa_waterproof-ip65-es","29":"first","30":"instock","31":"shipping-taxable","32":"purchasable","33":"product-type-variable"},"acf":[],"_links":{"self":[{"href":"https:\/\/microtech.tools\/es\/wp-json\/wp\/v2\/product\/11870","targetHints":{"allow":["GET"]}}],"collection":[{"href":"https:\/\/microtech.tools\/es\/wp-json\/wp\/v2\/product"}],"about":[{"href":"https:\/\/microtech.tools\/es\/wp-json\/wp\/v2\/types\/product"}],"wp:featuredmedia":[{"embeddable":true,"href":"https:\/\/microtech.tools\/es\/wp-json\/wp\/v2\/media\/34405"}],"wp:attachment":[{"href":"https:\/\/microtech.tools\/es\/wp-json\/wp\/v2\/media?parent=11870"}],"wp:term":[{"taxonomy":"product_brand","embeddable":true,"href":"https:\/\/microtech.tools\/es\/wp-json\/wp\/v2\/product_brand?post=11870"},{"taxonomy":"product_cat","embeddable":true,"href":"https:\/\/microtech.tools\/es\/wp-json\/wp\/v2\/product_cat?post=11870"},{"taxonomy":"product_tag","embeddable":true,"href":"https:\/\/microtech.tools\/es\/wp-json\/wp\/v2\/product_tag?post=11870"}],"curies":[{"name":"wp","href":"https:\/\/api.w.org\/{rel}","templated":true}]}}