{"id":11889,"date":"2023-03-13T13:20:08","date_gmt":"2023-03-13T10:20:08","guid":{"rendered":"https:\/\/microtech.tools\/product\/precision-digital-micrometer-ip65-friction\/"},"modified":"2026-03-20T10:39:16","modified_gmt":"2026-03-20T07:39:16","slug":"precision-digital-micrometer-ip65-friction","status":"publish","type":"product","link":"https:\/\/microtech.tools\/es\/product\/precision-digital-micrometer-ip65-friction\/","title":{"rendered":"CertiMet Micr\u00f3metro de precisi\u00f3n digital IP65 fricci\u00f3n"},"content":{"rendered":"<p><iframe title=\"YouTube video player\" src=\"https:\/\/www.youtube.com\/embed\/w-SB9htp1Cw?si=uPBsPLhUjh1mgBUe\" width=\"560\" height=\"315\" frameborder=\"0\" allowfullscreen=\"allowfullscreen\"><\/iframe><\/p>\n<p>Micr\u00f3metro digital de precisi\u00f3n MICROTECH con IP65 impermeable tiene cabeza microm\u00e9trica de dedal de fricci\u00f3n para una f\u00e1cil operaci\u00f3n. Tiene 0-25mm\/0-1 pulgadas; 25-50mm\/1-2 pulgadas; 50-75mm\/2-3 pulgadas; 75-100mm\/3-4 pulgadas; 100-125mm\/4-5 pulgadas; 125-150mm\/5-6 pulgadas; 175-200mm\/7-8 pulgadas; 225-250mm\/9-10 pulgadas; 250-275mm\/10-11 pulgadas; 275-300mm\/11-12 pulgadas; 300-350mm\/12-14 pulgadas; 350-400mm\/14-16 pulgadas; rangos de medici\u00f3n.<br \/>\nMICROTECH utilizar en este micr\u00f3metro micras de resoluci\u00f3n electr\u00f3nica de 0,001 mm en caja de aluminio de alta calidad con IP65 prueba. Micr\u00f3metros electr\u00f3nicos tiene mm \/ pulgadas, la funci\u00f3n de retenci\u00f3n, apagado autom\u00e1tico. La cabeza del micr\u00f3metro (mecanismo de tornillo) y las superficies de medici\u00f3n de carburo est\u00e1n acabadas a mano.<\/p>\n<p>Todos los micr\u00f3metros MICROTECH pasan control metrol\u00f3gico en laboratorio acreditado ISO 17025 (Ilac) con protocolo de calibraci\u00f3n.<\/p>\n","protected":false},"excerpt":{"rendered":"<p>Micr\u00f3metro digital de precisi\u00f3n MICROTECH con estanqueidad IP65 dispone de cabezal microm\u00e9trico de dedal de fricci\u00f3n para un f\u00e1cil manejo<\/p>\n","protected":false},"featured_media":34700,"template":"","meta":{"_acf_changed":false},"product_brand":[6886],"product_cat":[4200],"product_tag":[],"class_list":{"0":"post-11889","1":"product","2":"type-product","3":"status-publish","4":"has-post-thumbnail","6":"product_brand-microtech","7":"product_cat-micrometros-digitales","8":"pa_battery-cr2032","9":"pa_indication-digital","10":"pa_measrange-0_25mm0_1inch","11":"pa_measrange-100-125-mm-4-5-inch","12":"pa_measrange-125-150-mm-5-6-inch","13":"pa_measrange-150-175-mm-6-7-inch","14":"pa_measrange-175-200-mm-7-8-inch","15":"pa_measrange-200-225-mm-8-9-inch","16":"pa_measrange-225-250-mm-9-10-inch","17":"pa_measrange-25_50mm1_2inch","18":"pa_measrange-250-275-mm-10-11-inch","19":"pa_measrange-275-300-mm-11-12-inch","20":"pa_measrange-50_75mm2_3inch","21":"pa_measrange-75_100mm3_4inch","22":"pa_resolution_mm-3376","23":"pa_waterproof-ip65-es","25":"first","26":"instock","27":"shipping-taxable","28":"purchasable","29":"product-type-variable"},"acf":[],"_links":{"self":[{"href":"https:\/\/microtech.tools\/es\/wp-json\/wp\/v2\/product\/11889","targetHints":{"allow":["GET"]}}],"collection":[{"href":"https:\/\/microtech.tools\/es\/wp-json\/wp\/v2\/product"}],"about":[{"href":"https:\/\/microtech.tools\/es\/wp-json\/wp\/v2\/types\/product"}],"wp:featuredmedia":[{"embeddable":true,"href":"https:\/\/microtech.tools\/es\/wp-json\/wp\/v2\/media\/34700"}],"wp:attachment":[{"href":"https:\/\/microtech.tools\/es\/wp-json\/wp\/v2\/media?parent=11889"}],"wp:term":[{"taxonomy":"product_brand","embeddable":true,"href":"https:\/\/microtech.tools\/es\/wp-json\/wp\/v2\/product_brand?post=11889"},{"taxonomy":"product_cat","embeddable":true,"href":"https:\/\/microtech.tools\/es\/wp-json\/wp\/v2\/product_cat?post=11889"},{"taxonomy":"product_tag","embeddable":true,"href":"https:\/\/microtech.tools\/es\/wp-json\/wp\/v2\/product_tag?post=11889"}],"curies":[{"name":"wp","href":"https:\/\/api.w.org\/{rel}","templated":true}]}}