{"id":12356,"date":"2024-04-30T06:50:07","date_gmt":"2024-04-30T03:50:07","guid":{"rendered":"https:\/\/microtech.tools\/product\/shore-durometer-c\/"},"modified":"2026-03-20T10:33:27","modified_gmt":"2026-03-20T07:33:27","slug":"shore-durometer-c","status":"publish","type":"product","link":"https:\/\/microtech.tools\/es\/product\/shore-durometer-c\/","title":{"rendered":"DataMet Shore dur\u00f3metro C"},"content":{"rendered":"<p><iframe title=\"YouTube video player\" src=\"https:\/\/www.youtube.com\/embed\/QcapJsRxCMY?si=NtDM5gp98euEPUrY\" width=\"560\" height=\"315\" frameborder=\"0\" allowfullscreen=\"allowfullscreen\"><\/iframe><\/p>\n<div>MICROTECH fabrica el dur\u00f3metro SHORE \u0421 H\u0421 con transferencia de datos INAL\u00c1MBRICA<br \/>\nProbador SHORE \u0421 con sistema de medici\u00f3n computarizado desarrollado y patentado por MICROTECH (Patentes UA126928, UA99686)<br \/>\nProbador computarizado SHORE A puede medir en escala H\u0421 con alta precisi\u00f3n, guardar datos en memo interno o transferir datos por WIRELESS o USB a PC externo o Tablets.TABLET m\u00f3dulo de medici\u00f3n del dur\u00f3metro SHORE tiene tales funciones :<br \/>\nModo GR\u00c1FICO en l\u00ednea<br \/>\nEscala anal\u00f3gica en color ajustable<br \/>\nConexi\u00f3n HUB (dispositivo externo MICROTECH Conexi\u00f3n inal\u00e1mbrica)<br \/>\n2D Posibilidades de conexi\u00f3n (dispositivo externo Conexi\u00f3n inal\u00e1mbrica e indicaci\u00f3n)<br \/>\nConexi\u00f3n PROBE (indicador externo o indicador de palanca Conexi\u00f3n inal\u00e1mbrica) con modo AUTO<br \/>\nSistema de lectura r\u00e1pida 50 val\/seg<br \/>\nMEMORIA interna para 2000 valores con sistema de carpetas y estad\u00edstica,<br \/>\nFunci\u00f3n L\u00cdMITES (Go\/NoGo) con indicaci\u00f3n en color,<br \/>\nPICO (Max\/min),<br \/>\nTEMPORIZADOR<br \/>\nManual COMPENSACI\u00d3N TEMPERATURA<br \/>\nCOMPENSACI\u00d3N LINEAL<br \/>\nCALIBRACI\u00d3N control de fecha<br \/>\nBater\u00eda recargable Li-Pol con toma micro-USB<br \/>\nActualizaci\u00f3n FIRMWARE con cable USB<br \/>\nTransferencia inal\u00e1mbrica de datos de largo alcance a la aplicaci\u00f3n MICROTECH MDS para Windows, Android, iOS (versiones GRATUITAS). Descargue la aplicaci\u00f3n MICROTECH MDS desde Enlace a la aplicaci\u00f3n MDS<br \/>\nTransferencia de datos HID INAL\u00c1MBRICO a cualquier sistema y aplicaci\u00f3n (modo teclado) con posibilidades de configuraci\u00f3n de datos<br \/>\nSalida de datos MODBUS PLC opcional (4 hilos, RS-485) con posibilidades de configuraci\u00f3n de datos<br \/>\nTransferencia de datos HID USB a cualquier sistema y aplicaci\u00f3n (modo teclado) con posibilidades de configuraci\u00f3n de datos<br \/>\nTodos los comprobadores MICROTECH SHORE pasan un control metrol\u00f3gico en laboratorio acreditado ISO 17025 ILAC en banco de calibraci\u00f3n automatizado.<\/div>\n","protected":false},"excerpt":{"rendered":"<p>MICROTECH fabrica el dur\u00f3metro SHORE \u0421 H\u0421 con transferencia de datos INAL\u00c1MBRICA<\/p>\n","protected":false},"featured_media":18329,"template":"","meta":{"_acf_changed":false},"product_brand":[6886],"product_cat":[3351],"product_tag":[],"class_list":{"0":"post-12356","1":"product","2":"type-product","3":"status-publish","4":"has-post-thumbnail","6":"product_brand-microtech","7":"product_cat-durometro","8":"pa_battery-li_pol","9":"pa_dataoutput-usbhid","10":"pa_dataoutput-wireless","11":"pa_dataoutput-wirelesshid","12":"pa_indication-computerized2_4","13":"pa_resolution_mm-0_01","15":"first","16":"instock","17":"shipping-taxable","18":"purchasable","19":"product-type-simple"},"acf":[],"_links":{"self":[{"href":"https:\/\/microtech.tools\/es\/wp-json\/wp\/v2\/product\/12356","targetHints":{"allow":["GET"]}}],"collection":[{"href":"https:\/\/microtech.tools\/es\/wp-json\/wp\/v2\/product"}],"about":[{"href":"https:\/\/microtech.tools\/es\/wp-json\/wp\/v2\/types\/product"}],"wp:featuredmedia":[{"embeddable":true,"href":"https:\/\/microtech.tools\/es\/wp-json\/wp\/v2\/media\/18329"}],"wp:attachment":[{"href":"https:\/\/microtech.tools\/es\/wp-json\/wp\/v2\/media?parent=12356"}],"wp:term":[{"taxonomy":"product_brand","embeddable":true,"href":"https:\/\/microtech.tools\/es\/wp-json\/wp\/v2\/product_brand?post=12356"},{"taxonomy":"product_cat","embeddable":true,"href":"https:\/\/microtech.tools\/es\/wp-json\/wp\/v2\/product_cat?post=12356"},{"taxonomy":"product_tag","embeddable":true,"href":"https:\/\/microtech.tools\/es\/wp-json\/wp\/v2\/product_tag?post=12356"}],"curies":[{"name":"wp","href":"https:\/\/api.w.org\/{rel}","templated":true}]}}